{"id":91560,"date":"2023-09-27T18:13:27","date_gmt":"2023-09-27T16:13:27","guid":{"rendered":"https:\/\/secureus.se\/elslutbleck-992m-omstallbar-12-24v-kolvkontakt\/"},"modified":"2026-04-23T12:22:34","modified_gmt":"2026-04-23T10:22:34","slug":"elslutbleck-992m-omstallbar-12-24v-kolvkontakt","status":"publish","type":"product","link":"https:\/\/secureus.se\/no\/elslutbleck-992m-omstallbar-12-24v-kolvkontakt\/","title":{"rendered":"Elektrisk klemmeplate 992M Omkoblingsbar 12-24V Stempelkontakt"},"content":{"rendered":"<h1>Elektrisk klemmeplate 992M Omkoblingsbar 12-24V Stempelkontakt<\/h1>\n<p>ASSA ABLOY 992M elektrisk sluttstykke med dobbel pivot og stempelkontakt for d\u00f8rer med krav til d\u00f8rautomatisering, brann, evakuering og gjeninnflytting. Byttbar forover\/bakover funksjon. Brannklassifisert opp til E\/EI 120.<\/p>\n<p>ASSA ABLOY 992M er et elektrisk sluttstykke av h\u00f8y kvalitet med dobbel pivot, perfekt for d\u00f8rer som krever d\u00f8rautomatisering, brannklassifisering, evakuering og gjeninnstigning.<\/p>\n<p>Denne elektriske strikken har en vendbar funksjon som kan brukes b\u00e5de forover og bakover, noe som gir fleksibilitet i installasjonen.<\/p>\n<p>Med en bruddstyrke p\u00e5 9 kN (ca. 900 kg) og et h\u00f8yt sikkerhetsniv\u00e5 for vibrasjons- og st\u00f8tbeskyttelse er det et robust alternativ for sikkerhetsl\u00f8sninger.<\/p>\n<p>L\u00e5sehuset er laget av st\u00e5l og vril\u00e5sen er ogs\u00e5 laget av st\u00e5l, noe som gir lang holdbarhet og p\u00e5litelighet. Brannklassifiseringen til E\/EI 120 gj\u00f8r den egnet for brannutsatte milj\u00f8er.<\/p>\n<p class=\"\" data-start=\"1030\" data-end=\"1047\"><strong data-start=\"1030\" data-end=\"1044\">Kjennetegn<\/strong>:<\/p>\n<ul data-start=\"1048\" data-end=\"1271\">\n<li class=\"\" data-start=\"1048\" data-end=\"1083\">\n<p class=\"\" data-start=\"1050\" data-end=\"1083\">Dobbel vri drop og stempelkontakt<\/p>\n<\/li>\n<li class=\"\" data-start=\"1084\" data-end=\"1129\">\n<p class=\"\" data-start=\"1086\" data-end=\"1129\">Enkel justerbar forover\/bakover funksjon<\/p>\n<\/li>\n<li class=\"\" data-start=\"1130\" data-end=\"1167\">\n<p class=\"\" data-start=\"1132\" data-end=\"1167\">Bruddstyrke: 9 kN (ca. 900 kg)<\/p>\n<\/li>\n<li class=\"\" data-start=\"1168\" data-end=\"1198\">\n<p class=\"\" data-start=\"1170\" data-end=\"1198\">H\u00f8y st\u00f8t- og slagmotstand<\/p>\n<\/li>\n<li class=\"\" data-start=\"1199\" data-end=\"1217\">\n<p class=\"\" data-start=\"1201\" data-end=\"1217\">L\u00e5sehus i st\u00e5l<\/p>\n<\/li>\n<li class=\"\" data-start=\"1218\" data-end=\"1238\">\n<p class=\"\" data-start=\"1220\" data-end=\"1238\">Twist case laget av st\u00e5l<\/p>\n<\/li>\n<li class=\"\" data-start=\"1239\" data-end=\"1271\">\n<p class=\"\" data-start=\"1241\" data-end=\"1271\">Brannklassifisert opp til E\/EI 120<\/p>\n<\/li>\n<\/ul>\n<p class=\"\" data-start=\"1273\" data-end=\"1301\"><strong data-start=\"1273\" data-end=\"1298\">Teknisk spesifikasjon<\/strong>:<\/p>\n<ul data-start=\"1302\" data-end=\"1793\">\n<li class=\"\" data-start=\"1302\" data-end=\"1343\">\n<p class=\"\" data-start=\"1304\" data-end=\"1343\">Multifunksjon: 12-24VDC (-10% \/ +15%)<\/p>\n<\/li>\n<li class=\"\" data-start=\"1344\" data-end=\"1388\">\n<p class=\"\" data-start=\"1346\" data-end=\"1388\">Str\u00f8mforbruk maks: 250mA per omdreining<\/p>\n<\/li>\n<li class=\"\" data-start=\"1389\" data-end=\"1413\">\n<p class=\"\" data-start=\"1391\" data-end=\"1413\">Branntestet: 120 min<\/p>\n<\/li>\n<li class=\"\" data-start=\"1414\" data-end=\"1445\">\n<p class=\"\" data-start=\"1416\" data-end=\"1445\">Bruddstyrke maks: 900 kg<\/p>\n<\/li>\n<li class=\"\" data-start=\"1446\" data-end=\"1478\">\n<p class=\"\" data-start=\"1448\" data-end=\"1478\">D\u00f8rhengsel: H\u00f8yre, Venstre<\/p>\n<\/li>\n<li class=\"\" data-start=\"1479\" data-end=\"1499\">\n<p class=\"\" data-start=\"1481\" data-end=\"1499\">Kabel inkludert: Nei<\/p>\n<\/li>\n<li class=\"\" data-start=\"1500\" data-end=\"1520\">\n<p class=\"\" data-start=\"1502\" data-end=\"1520\">Strimmeltrykk: 50 kg<\/p>\n<\/li>\n<li class=\"\" data-start=\"1521\" data-end=\"1545\">\n<p class=\"\" data-start=\"1523\" data-end=\"1545\">L\u00e5stype: Dobbel falll\u00e5s<\/p>\n<\/li>\n<li class=\"\" data-start=\"1546\" data-end=\"1569\">\n<p class=\"\" data-start=\"1548\" data-end=\"1569\">Byggeprodukt vurdert: Nei<\/p>\n<\/li>\n<li class=\"\" data-start=\"1570\" data-end=\"1596\">\n<p class=\"\" data-start=\"1572\" data-end=\"1596\">Driftsspenning: 12V\/24V<\/p>\n<\/li>\n<li class=\"\" data-start=\"1597\" data-end=\"1620\">\n<p class=\"\" data-start=\"1599\" data-end=\"1620\">Dobbel vri sak: Ja<\/p>\n<\/li>\n<li class=\"\" data-start=\"1621\" data-end=\"1654\">\n<p class=\"\" data-start=\"1623\" data-end=\"1654\">Farge\/Overflatebehandling: Ubehandlet<\/p>\n<\/li>\n<li class=\"\" data-start=\"1655\" data-end=\"1674\">\n<p class=\"\" data-start=\"1657\" data-end=\"1674\">Stempelkontakt: Ja<\/p>\n<\/li>\n<li class=\"\" data-start=\"1675\" data-end=\"1722\">\n<p class=\"\" data-start=\"1677\" data-end=\"1722\">Forover\/bakover: Kan byttes forover\/bakover<\/p>\n<\/li>\n<li class=\"\" data-start=\"1723\" data-end=\"1745\">\n<p class=\"\" data-start=\"1725\" data-end=\"1745\">Spenning AC\/DC: DC<\/p>\n<\/li>\n<li class=\"\" data-start=\"1746\" data-end=\"1770\">\n<p class=\"\" data-start=\"1748\" data-end=\"1770\">Spenning maks: 27,6 V<\/p>\n<\/li>\n<li class=\"\" data-start=\"1771\" data-end=\"1793\">\n<p class=\"\" data-start=\"1773\" data-end=\"1793\">Spenning min: 10,8 V<\/p>\n<\/li>\n<\/ul>","protected":false},"excerpt":{"rendered":"<h5><a href=\"https:\/\/elslutblecksguiden.se\/\" target=\"_blank\" rel=\"noopener\">Veiledning for ASSA Elektriske l\u00e5ser, motorl\u00e5ser, Elektriske sluttplater og erstatningsguide<\/a><\/h5>","protected":false},"featured_media":138625,"template":"","meta":{"_acf_changed":false},"product_brand":[],"product_cat":[3355],"product_tag":[4196,4202,2967],"class_list":{"0":"post-91560","1":"product","2":"type-product","3":"status-publish","4":"has-post-thumbnail","6":"product_cat-elslutbleck","7":"product_tag-12-24v","8":"product_tag-omstallbar-rattvand-omvand","9":"product_tag-rg-assa-abloy","10":"product_shipping_class-tunga-paket","11":"pa_brands-abloy","12":"tm-no-options","14":"first","15":"instock","16":"sale","17":"taxable","18":"shipping-taxable","19":"purchasable","20":"product-type-simple"},"acf":[],"_links":{"self":[{"href":"https:\/\/secureus.se\/no\/wp-json\/wp\/v2\/product\/91560","targetHints":{"allow":["GET"]}}],"collection":[{"href":"https:\/\/secureus.se\/no\/wp-json\/wp\/v2\/product"}],"about":[{"href":"https:\/\/secureus.se\/no\/wp-json\/wp\/v2\/types\/product"}],"wp:featuredmedia":[{"embeddable":true,"href":"https:\/\/secureus.se\/no\/wp-json\/wp\/v2\/media\/138625"}],"wp:attachment":[{"href":"https:\/\/secureus.se\/no\/wp-json\/wp\/v2\/media?parent=91560"}],"wp:term":[{"taxonomy":"product_brand","embeddable":true,"href":"https:\/\/secureus.se\/no\/wp-json\/wp\/v2\/product_brand?post=91560"},{"taxonomy":"product_cat","embeddable":true,"href":"https:\/\/secureus.se\/no\/wp-json\/wp\/v2\/product_cat?post=91560"},{"taxonomy":"product_tag","embeddable":true,"href":"https:\/\/secureus.se\/no\/wp-json\/wp\/v2\/product_tag?post=91560"}],"curies":[{"name":"wp","href":"https:\/\/api.w.org\/{rel}","templated":true}]}}