{"id":91562,"date":"2023-09-27T18:13:24","date_gmt":"2023-09-27T16:13:24","guid":{"rendered":"https:\/\/secureus.se\/elslutbleck-941m-omvand-12-24v-kolvkontakt\/"},"modified":"2026-04-08T15:57:17","modified_gmt":"2026-04-08T13:57:17","slug":"elslutbleck-941m-omvand-12-24v-kolvkontakt","status":"publish","type":"product","link":"https:\/\/secureus.se\/no\/elslutbleck-941m-omvand-12-24v-kolvkontakt\/","title":{"rendered":"Elektrisk klemmeplate 941M Omvendt 12-24V Stempelkontakt"},"content":{"rendered":"<div>\n<div>\n<h1>Elektrisk klemmeplate 941M Omvendt 12-24V Stempelkontakt<\/h1>\n<p>ASSA ABLOY 941M er en elektrisk lukkeplate med reversfunksjon for d\u00f8rer. Den er perfekt for sikkerhetsl\u00f8sninger i skallbeskyttelse, kontor- og industrimilj\u00f8er, med h\u00f8y styrke og symmetrisk design.<\/p>\n<p>ASSA ABLOY 941M er en elektrisk endeplate av h\u00f8y kvalitet som tilbyr en reversfunksjon, som betyr at den l\u00e5ses opp i str\u00f8ml\u00f8s modus.<\/p>\n<p>Dette gj\u00f8r den spesielt nyttig i sikkerhetsl\u00f8sninger for skallbeskyttelse og innvendig l\u00e5sing i handel, kontorer og industri, samt i flerhusbebyggelse.<\/p>\n<p>Den elektriske sluttstykket er utformet for bruk i d\u00f8rer i kombinasjon med forriglede enkelt- og doble deadbolt-l\u00e5ser.<\/p>\n<p>Den symmetrisk utformede elektriske lukkeplaten kan brukes til b\u00e5de h\u00f8yre- og venstrehengte d\u00f8rer og tilbyr en robust l\u00f8sning med en bruddstyrke p\u00e5 900 kg.<\/p>\n<p>Med multispenningsteknologi (12-24V DC) og en stripetrykkteknologi p\u00e5 100 kg er lang holdbarhet og sikker drift under varierende driftsforhold garantert.<\/p>\n<p>Den er ogs\u00e5 slagsikker og vendbar for enkel installasjon.<\/p>\n<p class=\"\" data-start=\"1109\" data-end=\"1124\"><strong data-start=\"1109\" data-end=\"1124\">Kjennetegn:<\/strong><\/p>\n<ul data-start=\"1125\" data-end=\"1349\">\n<li class=\"\" data-start=\"1125\" data-end=\"1167\">\n<p class=\"\" data-start=\"1127\" data-end=\"1167\">Reverseringsfunksjon (l\u00e5st opp i str\u00f8ml\u00f8s modus)<\/p>\n<\/li>\n<li class=\"\" data-start=\"1168\" data-end=\"1204\">\n<p class=\"\" data-start=\"1170\" data-end=\"1204\">Multispennings 12-24V DC (-10\/+15%)<\/p>\n<\/li>\n<li class=\"\" data-start=\"1205\" data-end=\"1236\">\n<p class=\"\" data-start=\"1207\" data-end=\"1236\">L\u00e5s stempelbryter (mikrobryter)<\/p>\n<\/li>\n<li class=\"\" data-start=\"1237\" data-end=\"1262\">\n<p class=\"\" data-start=\"1239\" data-end=\"1262\">Strip utskriftsteknologi 100 kg<\/p>\n<\/li>\n<li class=\"\" data-start=\"1263\" data-end=\"1287\">\n<p class=\"\" data-start=\"1265\" data-end=\"1287\">Bruddstyrke 900 kg<\/p>\n<\/li>\n<li class=\"\" data-start=\"1288\" data-end=\"1349\">\n<p class=\"\" data-start=\"1290\" data-end=\"1349\">Slagsikker og symmetrisk utformet, vendbar h\u00f8yre\/venstre<\/p>\n<\/li>\n<\/ul>\n<p class=\"\" data-start=\"1351\" data-end=\"1380\"><strong data-start=\"1351\" data-end=\"1380\">Tekniske spesifikasjoner:<\/strong><\/p>\n<ul data-start=\"1381\" data-end=\"1872\">\n<li class=\"\" data-start=\"1381\" data-end=\"1421\">\n<p class=\"\" data-start=\"1383\" data-end=\"1421\">Spenningsforsyning: 12-24V DC (-10\/+15%)<\/p>\n<\/li>\n<li class=\"\" data-start=\"1422\" data-end=\"1463\">\n<p class=\"\" data-start=\"1424\" data-end=\"1463\">Startstr\u00f8m ved 24V: XX mA, drift: XX mA<\/p>\n<\/li>\n<li class=\"\" data-start=\"1464\" data-end=\"1534\">\n<p class=\"\" data-start=\"1466\" data-end=\"1534\">Stillestr\u00f8m ved 24V: 0 mA (fremover), XX mA (revers drift)<\/p>\n<\/li>\n<li class=\"\" data-start=\"1535\" data-end=\"1576\">\n<p class=\"\" data-start=\"1537\" data-end=\"1576\">Startstr\u00f8m ved 12V: XX mA, drift: XX mA<\/p>\n<\/li>\n<li class=\"\" data-start=\"1577\" data-end=\"1647\">\n<p class=\"\" data-start=\"1579\" data-end=\"1647\">Stillestr\u00f8m ved 12V: 0 mA (fremover), XX mA (revers drift)<\/p>\n<\/li>\n<li class=\"\" data-start=\"1648\" data-end=\"1673\">\n<p class=\"\" data-start=\"1650\" data-end=\"1673\">Bruddstyrke: 900 kg<\/p>\n<\/li>\n<li class=\"\" data-start=\"1674\" data-end=\"1704\">\n<p class=\"\" data-start=\"1676\" data-end=\"1704\">D\u00f8rhengsel: H\u00f8yre, Venstre<\/p>\n<\/li>\n<li class=\"\" data-start=\"1705\" data-end=\"1723\">\n<p class=\"\" data-start=\"1707\" data-end=\"1723\">Kabel inkludert: Nei<\/p>\n<\/li>\n<li class=\"\" data-start=\"1724\" data-end=\"1743\">\n<p class=\"\" data-start=\"1726\" data-end=\"1743\">Listetrykk: 100 kg<\/p>\n<\/li>\n<li class=\"\" data-start=\"1744\" data-end=\"1779\">\n<p class=\"\" data-start=\"1746\" data-end=\"1779\">L\u00e5stype: Enkel l\u00e5s, Dobbel l\u00e5s<\/p>\n<\/li>\n<li class=\"\" data-start=\"1780\" data-end=\"1833\">\n<p class=\"\" data-start=\"1782\" data-end=\"1833\">Produktdimensjoner: Bredde: 28 mm, Dybde: 25 mm, H\u00f8yde: 90 mm<\/p>\n<\/li>\n<li class=\"\" data-start=\"1834\" data-end=\"1851\">\n<p class=\"\" data-start=\"1836\" data-end=\"1851\">Stempelkontakt: Ja<\/p>\n<\/li>\n<li class=\"\" data-start=\"1852\" data-end=\"1872\">\n<p class=\"\" data-start=\"1854\" data-end=\"1872\">Spenning AC\/DC: DC<\/p>\n<\/li>\n<\/ul>\n<\/div>\n<\/div>","protected":false},"excerpt":{"rendered":"<h5><a href=\"https:\/\/elslutblecksguiden.se\/\" target=\"_blank\" rel=\"noopener\">Veiledning for ASSA Elektriske l\u00e5ser, motorl\u00e5ser, Elektriske sluttplater og erstatningsguide<\/a><\/h5>","protected":false},"featured_media":138631,"template":"","meta":{"_acf_changed":false},"product_brand":[],"product_cat":[3355],"product_tag":[4196,4201,2967],"class_list":{"0":"post-91562","1":"product","2":"type-product","3":"status-publish","4":"has-post-thumbnail","6":"product_cat-elslutbleck","7":"product_tag-12-24v","8":"product_tag-omvand","9":"product_tag-rg-assa-abloy","10":"product_shipping_class-tunga-paket","11":"pa_brands-abloy","12":"tm-no-options","14":"first","15":"instock","16":"sale","17":"taxable","18":"shipping-taxable","19":"purchasable","20":"product-type-simple"},"acf":[],"_links":{"self":[{"href":"https:\/\/secureus.se\/no\/wp-json\/wp\/v2\/product\/91562","targetHints":{"allow":["GET"]}}],"collection":[{"href":"https:\/\/secureus.se\/no\/wp-json\/wp\/v2\/product"}],"about":[{"href":"https:\/\/secureus.se\/no\/wp-json\/wp\/v2\/types\/product"}],"wp:featuredmedia":[{"embeddable":true,"href":"https:\/\/secureus.se\/no\/wp-json\/wp\/v2\/media\/138631"}],"wp:attachment":[{"href":"https:\/\/secureus.se\/no\/wp-json\/wp\/v2\/media?parent=91562"}],"wp:term":[{"taxonomy":"product_brand","embeddable":true,"href":"https:\/\/secureus.se\/no\/wp-json\/wp\/v2\/product_brand?post=91562"},{"taxonomy":"product_cat","embeddable":true,"href":"https:\/\/secureus.se\/no\/wp-json\/wp\/v2\/product_cat?post=91562"},{"taxonomy":"product_tag","embeddable":true,"href":"https:\/\/secureus.se\/no\/wp-json\/wp\/v2\/product_tag?post=91562"}],"curies":[{"name":"wp","href":"https:\/\/api.w.org\/{rel}","templated":true}]}}