{"id":91739,"date":"2024-05-16T11:14:35","date_gmt":"2024-05-16T09:14:35","guid":{"rendered":"https:\/\/secureus.se\/?post_type=product&#038;p=91739"},"modified":"2026-04-08T16:40:20","modified_gmt":"2026-04-08T14:40:20","slug":"vaktmastarnyckel-kopplingsskapsnyckel-knipex-twinkey","status":"publish","type":"product","link":"https:\/\/secureus.se\/no\/vaktmastarnyckel-kopplingsskapsnyckel-knipex-twinkey\/","title":{"rendered":"WATCHMAN N\u00d8KKEL CLUTCH SKAP N\u00d8KKEL KNIPEX TWINKEY"},"content":{"rendered":"<p>10 profiler. 2 kryss. 1 n\u00f8kkel. Alle vanlige l\u00e5sesystemer. Multifunksjonsn\u00f8kkel for betjening av lukkesystemer innen bygningsteknikk (VVS, klima- og ventilasjonsteknikk, elektroteknikk), gass- og vannforsyning og avstengingsanlegg. 8-arms versjon: 2 skrun\u00f8kler, koblet med magneter for plassbesparelse. Vendbar bit: spor 1,0\u00d77 mm og PH2. N\u00f8kkel og vendbar bit koblet med stabil rustfri st\u00e5ltr\u00e5d. Overflatebelegg av h\u00f8y kvalitet. Vektoptimalisert sink st\u00f8pt konstruksjon.<\/p>\n<p><strong><a class=\"produkt-slide-bild produkt-bild-fil\" href=\"https:\/\/www.enummerbanken.se\/Pdf_Docs\/PROD_34769_1662389.pdf\" target=\"_blank\" rel=\"noopener\"><img decoding=\"async\" src=\"https:\/\/secureus.se\/wp-content\/uploads\/2023\/05\/pdf-icon.png\" alt=\"PDF\">Link - Produktdatablad<\/a><\/strong><\/p>\n<p>\u25cf 10 profiler. 2 kryss. 1 n\u00f8kkel.<br \/>\n\u25cf Alle vanlige l\u00e5sesystemer.<br \/>\n\u25cf Multifunksjonsn\u00f8kkel for betjening av lukkesystemer innen<br \/>\nomr\u00e5dene bygningsteknologi (VVS, klima- og ventilasjonsteknologi,<br \/>\nelektroteknikk), gass- og vannforsyning og avstengningssystemer<br \/>\n\u25cf 8-arms versjon: 2 kryssn\u00f8kler, koblet med magneter for<br \/>\nspare plass<br \/>\n\u25cf Vendbar bit: spor 1,0 x 7 mm og tverrspor PH2<br \/>\n\u25cf N\u00f8kkel og vendbar bit koblet med stabil rustfri st\u00e5ltr\u00e5d<br \/>\n\u25cf H\u00f8ykvalitets overflatebelegg<br \/>\n\u25cf Vektoptimalisert sink st\u00f8pt konstruksjon<\/p>","protected":false},"excerpt":{"rendered":"<p>KNIPEX TwinKey for fellesskap og avstengningssystemer<\/p>\n<p>Gjennomtenkt utstyr, konstruksjon av h\u00f8y kvalitet.<br \/>\nDen \u00e5ttearmede KNIPEX TwinKey\u00ae best\u00e5r av to kors holdt sammen av en magnet.<\/p>","protected":false},"featured_media":137624,"template":"","meta":{"_acf_changed":false},"product_brand":[],"product_cat":[3251],"product_tag":[],"class_list":{"0":"post-91739","1":"product","2":"type-product","3":"status-publish","4":"has-post-thumbnail","6":"product_cat-dorrbehor","7":"product_shipping_class-postnord-varubrev","8":"pa_brands-knipex","9":"tm-no-options","11":"first","12":"instock","13":"sale","14":"taxable","15":"shipping-taxable","16":"purchasable","17":"product-type-simple"},"acf":[],"_links":{"self":[{"href":"https:\/\/secureus.se\/no\/wp-json\/wp\/v2\/product\/91739","targetHints":{"allow":["GET"]}}],"collection":[{"href":"https:\/\/secureus.se\/no\/wp-json\/wp\/v2\/product"}],"about":[{"href":"https:\/\/secureus.se\/no\/wp-json\/wp\/v2\/types\/product"}],"wp:featuredmedia":[{"embeddable":true,"href":"https:\/\/secureus.se\/no\/wp-json\/wp\/v2\/media\/137624"}],"wp:attachment":[{"href":"https:\/\/secureus.se\/no\/wp-json\/wp\/v2\/media?parent=91739"}],"wp:term":[{"taxonomy":"product_brand","embeddable":true,"href":"https:\/\/secureus.se\/no\/wp-json\/wp\/v2\/product_brand?post=91739"},{"taxonomy":"product_cat","embeddable":true,"href":"https:\/\/secureus.se\/no\/wp-json\/wp\/v2\/product_cat?post=91739"},{"taxonomy":"product_tag","embeddable":true,"href":"https:\/\/secureus.se\/no\/wp-json\/wp\/v2\/product_tag?post=91739"}],"curies":[{"name":"wp","href":"https:\/\/api.w.org\/{rel}","templated":true}]}}