{"id":91821,"date":"2024-05-22T13:57:05","date_gmt":"2024-05-22T11:57:05","guid":{"rendered":"https:\/\/secureus.se\/system-sensor-eco1003-2\/"},"modified":"2026-04-27T14:56:56","modified_gmt":"2026-04-27T12:56:56","slug":"system-sensor-eco1003a-fotoelektrisk-rokdetektor","status":"publish","type":"product","link":"https:\/\/secureus.se\/no\/system-sensor-eco1003a-fotoelektrisk-rokdetektor\/","title":{"rendered":"R\u00f8ykvarsler ECO1003 A Systemsensor \u2013 Fotoelektrisk r\u00f8ykdetektor"},"content":{"rendered":"<h1><strong>Systemsensor ECO1003 A \u2013 Fotoelektrisk r\u00f8ykdetektor<\/strong><\/h1>\n<p>ECO1003 A fotoelektrisk r\u00f8ykdetektor tilh\u00f8rer System Sensors ECO1000-serie med detektorer.<\/p>\n<p>ECO1000 er en serie med konvensjonelle detektorer som er produsert ved hjelp av den nyeste produksjonsteknologien og utstyrt med en rekke avanserte funksjoner, noe som gj\u00f8r dem &quot;bedre av design&quot;.<\/p>\n<p>ECO1003 A bruker et toppmoderne optisk kammer kombinert med en applikasjonsspesifikk integrert krets (ASIC) for rask og n\u00f8yaktig branndeteksjon.<\/p>\n<p>Kombinasjonen av den unike kammerdesignen og andre teknologisk avanserte funksjoner forlenger serviceintervallene f\u00f8r rengj\u00f8ring av detektoren blir n\u00f8dvendig.<\/p>\n<h4>Funksjoner og fordeler<\/h4>\n<ul>\n<li><strong>Avansert optisk kammer:<\/strong> Den toppmoderne designen sikrer rask og n\u00f8yaktig deteksjon av r\u00f8yk.<\/li>\n<li><strong>Lavt energiforbruk:<\/strong> Effektiv energibruk med en typisk standby-str\u00f8m p\u00e5 kun 110\u00b5A.<\/li>\n<li><strong>Fjerntestfunksjon:<\/strong> En laserbasert h\u00e5ndholdt fjerntestenhet kan brukes til \u00e5 teste detektoren eksternt, og eliminerer behovet for fysisk tilgang.<\/li>\n<li><strong>Innebygd LED-lampe:<\/strong> Lyser n\u00e5r r\u00f8yk oppdages og forblir tent til detektoren tilbakestilles.<\/li>\n<li><strong>Fleksibilitet ved installasjon:<\/strong> Kompatibel med forskjellige detektorbaser som tilbyr b\u00e5de standard- og diodeversjoner for \u00e5 passe til forskjellige kontrollpaneler.<\/li>\n<li><strong>Sabotasjesikker funksjon:<\/strong> Forhindrer fjerning av detektoren uten bruk av verkt\u00f8y.<\/li>\n<\/ul>\n<h4>Spesifikasjoner<\/h4>\n<ul>\n<li><strong>Driftsspenning:<\/strong> 8-30 V DC (nominell 12 eller 24 V DC)<\/li>\n<li><strong>Typisk standbystr\u00f8m:<\/strong> 60\u03bcA ved 24VDC<\/li>\n<li><strong>Maksimal alarmstr\u00f8m:<\/strong> 80mA (begrenset av kontrollpanel)<\/li>\n<li><strong>Driftstemperatur:<\/strong> -30\u00b0C til +70\u00b0C<\/li>\n<li><strong>Luftfuktighet:<\/strong> 0 til 95% relativ fuktighet (ikke-kondenserende)<\/li>\n<li><strong>Vekt:<\/strong> 75g (pluss 45g for standard base)<\/li>\n<li><strong>M\u00e5le:<\/strong> \u00d8 102 mm, h\u00f8yde 32,5 mm (pluss 9,5 mm for standard sokkel)<\/li>\n<\/ul>\n<h4>Sertifiseringer<\/h4>\n<ul>\n<li><strong>Godkjenning:<\/strong> Oppfyller EN54-7:2000 (endring 1)<\/li>\n<li><strong>Samsvar:<\/strong> CEA4021<\/li>\n<li><strong>Godkjenning i henhold til MED 96\/98\/EC (endring 2009\/26\/EC)<\/strong><\/li>\n<li><strong>Utvidet garanti:<\/strong> 3 \u00e5r<\/li>\n<\/ul>\n<h4>Bruksomr\u00e5der<\/h4>\n<p>ECO1003 A er ideell for bruk i:<\/p>\n<ul>\n<li><strong>Butikker og n\u00e6ringsbygg:<\/strong> Beskytter mot brann gjennom rask og p\u00e5litelig r\u00f8ykdeteksjon.<\/li>\n<li><strong>Offentlige bygninger:<\/strong> Sikrer beskyttelse p\u00e5 skoler, sykehus og andre offentlige steder.<\/li>\n<li><strong>Bolig omr\u00e5der:<\/strong> Gir p\u00e5litelig brannbeskyttelse i boliger.<\/li>\n<\/ul>\n<h4>Installasjon og vedlikehold<\/h4>\n<ul>\n<li><strong>Installasjon:<\/strong> Bruk forskjellige detektorbaser for fleksibel installasjon. Tilkoblinger og kretstester kan utf\u00f8res f\u00f8r montering av detektoren.<\/li>\n<li><strong>Vedlikehold:<\/strong> Regelmessig inspeksjon anbefales for \u00e5 sikre optimal funksjon. Ekstern testfunksjon gj\u00f8r det enkelt \u00e5 teste uten fysisk tilgang.<\/li>\n<\/ul>\n<p>Alle System Sensor-produkter dekkes av en utvidet 3-\u00e5rs garanti.<\/p>","protected":false},"excerpt":{"rendered":"<p><strong>Systemsensor ECO1003 A<\/strong> er en avansert fotoelektrisk r\u00f8ykdetektor i ECO1000-serien, designet for rask og n\u00f8yaktig r\u00f8ykdeteksjon.<\/p>\n<p>Den har lavt str\u00f8mforbruk, fjerntestfunksjon og innebygd LED-lys. Ideell for butikker, offentlige bygninger og boliger. Oppfyller EN54-7:2000.<\/p>","protected":false},"featured_media":137410,"template":"","meta":{"_acf_changed":false},"product_brand":[],"product_cat":[4755,3373],"product_tag":[],"class_list":{"0":"post-91821","1":"product","2":"type-product","3":"status-publish","4":"has-post-thumbnail","6":"product_cat-eco-1000-serien","7":"product_cat-rokdetektorer","8":"product_shipping_class-postnord-varubrev","9":"pa_brands-system-sensor","10":"tm-no-options","12":"first","13":"instock","14":"sale","15":"taxable","16":"shipping-taxable","17":"purchasable","18":"product-type-simple"},"acf":[],"_links":{"self":[{"href":"https:\/\/secureus.se\/no\/wp-json\/wp\/v2\/product\/91821","targetHints":{"allow":["GET"]}}],"collection":[{"href":"https:\/\/secureus.se\/no\/wp-json\/wp\/v2\/product"}],"about":[{"href":"https:\/\/secureus.se\/no\/wp-json\/wp\/v2\/types\/product"}],"wp:featuredmedia":[{"embeddable":true,"href":"https:\/\/secureus.se\/no\/wp-json\/wp\/v2\/media\/137410"}],"wp:attachment":[{"href":"https:\/\/secureus.se\/no\/wp-json\/wp\/v2\/media?parent=91821"}],"wp:term":[{"taxonomy":"product_brand","embeddable":true,"href":"https:\/\/secureus.se\/no\/wp-json\/wp\/v2\/product_brand?post=91821"},{"taxonomy":"product_cat","embeddable":true,"href":"https:\/\/secureus.se\/no\/wp-json\/wp\/v2\/product_cat?post=91821"},{"taxonomy":"product_tag","embeddable":true,"href":"https:\/\/secureus.se\/no\/wp-json\/wp\/v2\/product_tag?post=91821"}],"curies":[{"name":"wp","href":"https:\/\/api.w.org\/{rel}","templated":true}]}}