{"id":91880,"date":"2024-01-15T11:17:55","date_gmt":"2024-01-15T10:17:55","guid":{"rendered":"https:\/\/secureus.se\/eaton-1340-d-fulleon-electromagnetic-door-release\/"},"modified":"2026-05-06T14:07:28","modified_gmt":"2026-05-06T12:07:28","slug":"eaton-1340-d-fulleon-electromagnetic-door-release","status":"publish","type":"product","link":"https:\/\/secureus.se\/no\/eaton-1340-d-fulleon-electromagnetic-door-release\/","title":{"rendered":"D\u00f8rholdermagnet med anker Eaton 1340-D Fulleon 24V 100kg"},"content":{"rendered":"<p>Eaton 1340-D Fulleon elektromagnetisk d\u00f8r\u00e5pner, 24V, kabeltilkobling, 100kg<\/p>\n<p>Eaton 1340 er en kompakt elektromagnetisk d\u00f8r\u00e5pner for helsevesen, kommersielle og utdanningsinstitusjoner. Den enkle og kompakte designen tilbyr god kvalitet til en rimelig pris. Begge har en innebygd fj\u00e6rutl\u00f8ser som sikrer at resterende magnetiske krefter overvinnes, noe som garanterer en rask og p\u00e5litelig utl\u00f8sing av d\u00f8ren. Leveres med en dobbel beskyttelsesdiode for beskyttelse mot forstyrrelser og polaritetsreversering. Utstyrt med en motplate.<\/p>","protected":false},"excerpt":{"rendered":"<ul>\n<li>Robuste magnetiske d\u00f8rholdere.<\/li>\n<\/ul>\n<p>Eaton 1340-D Fulleon elektromagnetisk d\u00f8r\u00e5pner, 24V, kabeltilkobling, 100kg<\/p>","protected":false},"featured_media":138468,"template":"","meta":{"_acf_changed":false},"product_brand":[],"product_cat":[1560],"product_tag":[],"class_list":{"0":"post-91880","1":"product","2":"type-product","3":"status-publish","4":"has-post-thumbnail","6":"product_cat-branddorrstangning","7":"product_shipping_class-tunga-paket","8":"pa_brands-eaton","9":"tm-no-options","11":"first","12":"instock","13":"taxable","14":"shipping-taxable","15":"purchasable","16":"product-type-simple"},"acf":[],"_links":{"self":[{"href":"https:\/\/secureus.se\/no\/wp-json\/wp\/v2\/product\/91880","targetHints":{"allow":["GET"]}}],"collection":[{"href":"https:\/\/secureus.se\/no\/wp-json\/wp\/v2\/product"}],"about":[{"href":"https:\/\/secureus.se\/no\/wp-json\/wp\/v2\/types\/product"}],"wp:featuredmedia":[{"embeddable":true,"href":"https:\/\/secureus.se\/no\/wp-json\/wp\/v2\/media\/138468"}],"wp:attachment":[{"href":"https:\/\/secureus.se\/no\/wp-json\/wp\/v2\/media?parent=91880"}],"wp:term":[{"taxonomy":"product_brand","embeddable":true,"href":"https:\/\/secureus.se\/no\/wp-json\/wp\/v2\/product_brand?post=91880"},{"taxonomy":"product_cat","embeddable":true,"href":"https:\/\/secureus.se\/no\/wp-json\/wp\/v2\/product_cat?post=91880"},{"taxonomy":"product_tag","embeddable":true,"href":"https:\/\/secureus.se\/no\/wp-json\/wp\/v2\/product_tag?post=91880"}],"curies":[{"name":"wp","href":"https:\/\/api.w.org\/{rel}","templated":true}]}}