{"id":92132,"date":"2024-06-04T11:31:53","date_gmt":"2024-06-04T09:31:53","guid":{"rendered":"https:\/\/secureus.se\/?post_type=product&#038;p=92132"},"modified":"2026-03-31T13:24:01","modified_gmt":"2026-03-31T11:24:01","slug":"axema-vaka-tagg-mifare1k-svart-anpassad-for-axema-vaka-passersystem","status":"publish","type":"product","link":"https:\/\/secureus.se\/no\/axema-vaka-tagg-mifare1k-svart-anpassad-for-axema-vaka-passersystem\/","title":{"rendered":"Axema Tag Mifare1k Gr\u00f8nn Tilpasset Axema Vaka Passersystem"},"content":{"rendered":"<h1><strong>Axema Vaka Tag Passer plate Mifare1k\u00a0<\/strong><\/h1>\n<p><strong>V\u00e5rt Mifare1k &quot;ABS Plus&quot;-tilgangskort er designet for \u00e5 m\u00f8te de mest krevende behovene innen sikkerhet og identifikasjon.<\/strong><\/p>\n<ul>\n<li>Denne Passerbrick Mifare1k er tilgjengelig i 6 farger som standard og alltid p\u00e5 v\u00e5rt lager med umiddelbar levering<\/li>\n<li>Robust konstruksjon i ABS-materiale med en tynn profil p\u00e5 kun 2,9 mm<\/li>\n<li>Tags Mifare1k er tilpasset med tall for Axema Vaka, som er en av Sveriges st\u00f8rste leverand\u00f8rer av sikkerhetssystemer.<\/li>\n<\/ul>\n<p>\"ABS Plus\" RFID-n\u00f8klerbrikker er lagerf\u00f8rt i over 100 000 eksemplarer og er tilgjengelige i 6 farger (r\u00f8d, bl\u00e5, hvit, svart, gr\u00f8nn, gul, oransje) og med forskjellige brikker.<\/p>\n<p>Enten du trenger et p\u00e5litelig produkt for tilgangssystemer, bes\u00f8kssystemer, booking, alarmer, billadere, lagerstyring eller andre applikasjoner, er v\u00e5r &quot;ABS Plus&quot; det perfekte valget.<\/p>\n<p>\u00d8nsker du egne tall eller utseende p\u00e5 din Axema Vaka-brikke, ta kontakt med oss for et design helt gratis.<b>\u00a0<\/b><\/p>","protected":false},"excerpt":{"rendered":"<p>V\u00e5r mest popul\u00e6re RFID-tilgangsmerke \u201cABS Plus\u201d \u2013 den perfekte l\u00f8sningen for ditt tilgangskontrollsystem \u2013 Axema Vaka<\/p>","protected":false},"featured_media":92136,"template":"","meta":{"_acf_changed":false},"product_brand":[],"product_cat":[3842],"product_tag":[],"class_list":{"0":"post-92132","1":"product","2":"type-product","3":"status-publish","4":"has-post-thumbnail","6":"product_cat-axema-vaka-taggar","7":"product_shipping_class-postnord-varubrev","8":"pa_brands-stonehouse-security","9":"pa_chip-teknik-mifare1k","10":"pa_farg-gron-2","11":"pa_pro-larmsystem-axema-vaka-2","12":"tm-no-options","14":"first","15":"instock","16":"featured","17":"taxable","18":"shipping-taxable","19":"purchasable","20":"product-type-simple"},"acf":[],"_links":{"self":[{"href":"https:\/\/secureus.se\/no\/wp-json\/wp\/v2\/product\/92132","targetHints":{"allow":["GET"]}}],"collection":[{"href":"https:\/\/secureus.se\/no\/wp-json\/wp\/v2\/product"}],"about":[{"href":"https:\/\/secureus.se\/no\/wp-json\/wp\/v2\/types\/product"}],"wp:featuredmedia":[{"embeddable":true,"href":"https:\/\/secureus.se\/no\/wp-json\/wp\/v2\/media\/92136"}],"wp:attachment":[{"href":"https:\/\/secureus.se\/no\/wp-json\/wp\/v2\/media?parent=92132"}],"wp:term":[{"taxonomy":"product_brand","embeddable":true,"href":"https:\/\/secureus.se\/no\/wp-json\/wp\/v2\/product_brand?post=92132"},{"taxonomy":"product_cat","embeddable":true,"href":"https:\/\/secureus.se\/no\/wp-json\/wp\/v2\/product_cat?post=92132"},{"taxonomy":"product_tag","embeddable":true,"href":"https:\/\/secureus.se\/no\/wp-json\/wp\/v2\/product_tag?post=92132"}],"curies":[{"name":"wp","href":"https:\/\/api.w.org\/{rel}","templated":true}]}}