{"id":92165,"date":"2024-06-04T12:10:56","date_gmt":"2024-06-04T10:10:56","guid":{"rendered":"https:\/\/secureus.se\/?post_type=product&#038;p=92165"},"modified":"2026-04-09T13:31:41","modified_gmt":"2026-04-09T11:31:41","slug":"aptus-tagg-em4200-svart-anpassad-for-aptus-passersystem","status":"publish","type":"product","link":"https:\/\/secureus.se\/no\/aptus-tagg-em4200-svart-anpassad-for-aptus-passersystem\/","title":{"rendered":"Aptus Tagg EM4200 Svart  Tilpasset Aptus Passersystem"},"content":{"rendered":"<h1><strong>Aptus Tagg ID-kort EM4200\u00a0<\/strong><\/h1>\n<p><strong>V\u00e5r EM4200 &quot;ABS Plus&quot; Access Token er laget for \u00e5 m\u00f8te de mest krevende behovene innen sikkerhet og identifikasjon.<\/strong><\/p>\n<ul>\n<li>Denne Passerbrick EM4200 er tilgjengelig i 6 farger som standard og alltid p\u00e5 v\u00e5rt lager med umiddelbar levering<\/li>\n<li>Robust konstruksjon i ABS-materiale med en tynn profil p\u00e5 kun 2,9 mm<\/li>\n<li>Taggar EM4200 er tilpasset med nummer for Aptus, som er en av Sveriges st\u00f8rste leverand\u00f8rer av sikkerhetssystemer.<\/li>\n<\/ul>\n<p>\"ABS Plus\" RFID-n\u00f8klerbrikker er lagerf\u00f8rt i over 100 000 eksemplarer og er tilgjengelige i 6 farger (r\u00f8d, bl\u00e5, hvit, svart, gr\u00f8nn, gul, oransje) og med forskjellige brikker.<\/p>\n<p>Enten du trenger et p\u00e5litelig produkt for tilgangssystemer, bes\u00f8kssystemer, booking, alarmer, billadere, lagerstyring eller andre applikasjoner, er v\u00e5r &quot;ABS Plus&quot; det perfekte valget.<\/p>\n<p>\u00d8nsker du egne tall eller utseende p\u00e5 din Aptus-tag, ta kontakt med oss for et design helt gratis.<b>\u00a0<\/b><\/p>","protected":false},"excerpt":{"rendered":"<p>V\u00e5r mest popul\u00e6re RFID-tilgangsmerke \u201cABS Plus\u201d \u2013 den perfekte l\u00f8sningen for ditt tilgangskontrollsystem \u2013 Aptus<\/p>","protected":false},"featured_media":92159,"template":"","meta":{"_acf_changed":false},"product_brand":[],"product_cat":[3841],"product_tag":[5128],"class_list":{"0":"post-92165","1":"product","2":"type-product","3":"status-publish","4":"has-post-thumbnail","6":"product_cat-aptus-taggar","7":"product_tag-varumarkesspecifik-tagg","8":"product_shipping_class-postnord-varubrev","9":"pa_brands-secureus","10":"pa_chip-teknik-em4200","11":"pa_farg-svart","12":"pa_pro-larmsystem-aptus-2","13":"tm-has-options","15":"first","16":"instock","17":"featured","18":"taxable","19":"shipping-taxable","20":"purchasable","21":"product-type-simple"},"acf":[],"_links":{"self":[{"href":"https:\/\/secureus.se\/no\/wp-json\/wp\/v2\/product\/92165","targetHints":{"allow":["GET"]}}],"collection":[{"href":"https:\/\/secureus.se\/no\/wp-json\/wp\/v2\/product"}],"about":[{"href":"https:\/\/secureus.se\/no\/wp-json\/wp\/v2\/types\/product"}],"wp:featuredmedia":[{"embeddable":true,"href":"https:\/\/secureus.se\/no\/wp-json\/wp\/v2\/media\/92159"}],"wp:attachment":[{"href":"https:\/\/secureus.se\/no\/wp-json\/wp\/v2\/media?parent=92165"}],"wp:term":[{"taxonomy":"product_brand","embeddable":true,"href":"https:\/\/secureus.se\/no\/wp-json\/wp\/v2\/product_brand?post=92165"},{"taxonomy":"product_cat","embeddable":true,"href":"https:\/\/secureus.se\/no\/wp-json\/wp\/v2\/product_cat?post=92165"},{"taxonomy":"product_tag","embeddable":true,"href":"https:\/\/secureus.se\/no\/wp-json\/wp\/v2\/product_tag?post=92165"}],"curies":[{"name":"wp","href":"https:\/\/api.w.org\/{rel}","templated":true}]}}