{"id":92675,"date":"2024-06-12T13:12:59","date_gmt":"2024-06-12T11:12:59","guid":{"rendered":"https:\/\/secureus.se\/provkit-solo-4-4-m-provning-rok\/"},"modified":"2026-04-23T12:57:06","modified_gmt":"2026-04-23T10:57:06","slug":"provkit-solo-4-4-m-provning-rok","status":"publish","type":"product","link":"https:\/\/secureus.se\/no\/provkit-solo-4-4-m-provning-rok\/","title":{"rendered":"Testsett Solo 4 \u2013 4 m \u2013 Testing Smoke"},"content":{"rendered":"<h1>Testsett Solo 4 \u2013 4 m \u2013 Testing Smoke<\/h1>\n<h3 data-start=\"306\" data-end=\"359\">Komplett testsett for r\u00f8ykdetektorer opptil 4 m<\/h3>\n<p data-start=\"360\" data-end=\"639\">Solo 4 er et komplett testsett med Solo 108 teleskopstang, Solo 330 testgassholder og tre Solo A5 (tidligere Solo A3) testgassflasker, designet for m\u00e5nedlig og kvartalsvis testing av r\u00f8ykdetektorer i brannalarmanlegg.<\/p>\n<p data-start=\"360\" data-end=\"639\">Settet gir enkel tilgang til middels h\u00f8ye tak uten behov for stige.<\/p>\n<h3 data-start=\"641\" data-end=\"669\">Teleskopstang Solo 108<\/h3>\n<p data-start=\"670\" data-end=\"937\">Laget av lett og stivt glassfibermateriale, ikke-ledende, noe som gj\u00f8r den stabil ved testing i h\u00f8yereliggende omr\u00e5der. Solo 108 kan kombineres med 1\u20133 Solo 101 for en total testh\u00f8yde p\u00e5 opptil omtrent 7,3 m.<\/p>\n<p data-start=\"670\" data-end=\"937\">Passer til Solo- og Testifire-testere og takedown-testere.<\/p>\n<h3 data-start=\"939\" data-end=\"968\">Testgassbeholder Solo 330<\/h3>\n<p data-start=\"969\" data-end=\"1347\">Solo 330 brukes til funksjonstesting av r\u00f8yk- og CO-detektorer med en diameter p\u00e5 opptil 100 mm. Den svingbare koppen gj\u00f8r det mulig \u00e5 teste detektorer som ikke er vinkelrett p\u00e5 gulvet eller som er vanskelige \u00e5 n\u00e5 direkte nedenfra.<\/p>\n<p data-start=\"969\" data-end=\"1347\">Solo A5 testgassflasker produserer realistisk r\u00f8yk som aktiverer b\u00e5de optiske og ioniserende r\u00f8ykdetektorer. \u00c9n sylinder er tilstrekkelig til omtrent 400 tester.<\/p>\n<h3 data-start=\"1349\" data-end=\"1371\">Enkel \u00e5 bruke<\/h3>\n<ol data-start=\"1372\" data-end=\"1720\">\n<li data-start=\"1372\" data-end=\"1422\">\n<p data-start=\"1375\" data-end=\"1422\">Rist Solo A5-flasken og sett den i testeren.<\/p>\n<\/li>\n<li data-start=\"1423\" data-end=\"1471\">\n<p data-start=\"1426\" data-end=\"1471\">Skru beholderen p\u00e5 igjen og vri den \u00bc omdreining.<\/p>\n<\/li>\n<li data-start=\"1472\" data-end=\"1569\">\n<p data-start=\"1475\" data-end=\"1569\">Plasser koppen rundt detektoren, trykk lett mot taket og la gassen str\u00f8mme ut i 1 sekund.<\/p>\n<\/li>\n<li data-start=\"1570\" data-end=\"1652\">\n<p data-start=\"1573\" data-end=\"1652\">Vent omtrent 10 sekunder til detektoren avgir en alarm. Gjenta den korte testen om n\u00f8dvendig.<\/p>\n<\/li>\n<li data-start=\"1653\" data-end=\"1720\">\n<p data-start=\"1656\" data-end=\"1720\">Gassen fordamper raskt, og detektoren kan nullstilles umiddelbart.<\/p>\n<\/li>\n<\/ol>\n<h3 data-start=\"1722\" data-end=\"1747\">Fordeler med Solo 4<\/h3>\n<ul data-start=\"1748\" data-end=\"2071\">\n<li data-start=\"1748\" data-end=\"1802\">\n<p data-start=\"1750\" data-end=\"1802\">Komplett sett med 3 testgassflasker for flere tester<\/p>\n<\/li>\n<li data-start=\"1803\" data-end=\"1848\">\n<p data-start=\"1805\" data-end=\"1848\">Lett og robust teleskopstang laget av glassfiber<\/p>\n<\/li>\n<li data-start=\"1849\" data-end=\"1898\">\n<p data-start=\"1851\" data-end=\"1898\">Svingbar tester for vanskelig tilgjengelige detektorer<\/p>\n<\/li>\n<li data-start=\"1899\" data-end=\"1969\">\n<p data-start=\"1901\" data-end=\"1969\">Rekkevidde opptil 4 m (kan kombineres med Solo 101 opptil 7,3 m)<\/p>\n<\/li>\n<li data-start=\"1970\" data-end=\"2016\">\n<p data-start=\"1972\" data-end=\"2016\">Passer til de fleste merker av r\u00f8ykvarslere<\/p>\n<\/li>\n<li data-start=\"2017\" data-end=\"2071\">\n<p data-start=\"2019\" data-end=\"2071\">Enkel og sikker bruk med rask gjenoppretting<\/p>\n<\/li>\n<\/ul>\n<h3 data-start=\"2073\" data-end=\"2088\">Transportere<\/h3>\n<p data-start=\"2089\" data-end=\"2243\">Settet kan organiseres i Solo 610-oppbevaringsvesken med plass til stenger, testere og testgassflasker, noe som forenkler transport og beskytter utstyret.<\/p>\n<p data-start=\"2245\" data-end=\"2276\"><strong data-start=\"2245\" data-end=\"2274\">Tekniske spesifikasjoner:<\/strong><\/p>\n<ul data-start=\"2277\" data-end=\"2711\">\n<li data-start=\"2277\" data-end=\"2304\">\n<p data-start=\"2279\" data-end=\"2304\">Produkt: Solo 4 testsett<\/p>\n<\/li>\n<li data-start=\"2305\" data-end=\"2392\">\n<p data-start=\"2307\" data-end=\"2392\">Innhold: Teleskopstang Solo 108, testgassholder Solo 330, 3 testgassflasker Solo A5<\/p>\n<\/li>\n<li data-start=\"2393\" data-end=\"2464\">\n<p data-start=\"2395\" data-end=\"2464\">Rekkevidde: Opptil 4 m (kan kombineres med Solo 101 opptil 7,3 m)<\/p>\n<\/li>\n<li data-start=\"2465\" data-end=\"2527\">\n<p data-start=\"2467\" data-end=\"2527\">Teleskopstangmateriale: Glassfiber, ikke elektrisk ledende<\/p>\n<\/li>\n<li data-start=\"2528\" data-end=\"2600\">\n<p data-start=\"2530\" data-end=\"2600\">Bruksomr\u00e5de: Funksjonstesting av r\u00f8ykdetektorer (optiske og ioniserende)<\/p>\n<\/li>\n<li data-start=\"2601\" data-end=\"2647\">\n<p data-start=\"2603\" data-end=\"2647\">Kapasitet per testgassflaske: ca. 400 tester<\/p>\n<\/li>\n<li data-start=\"2648\" data-end=\"2711\">\n<p data-start=\"2650\" data-end=\"2711\">Kompatibel med: Solo- og Testifire-testere, Solo takedown-testere<\/p>\n<\/li>\n<\/ul>","protected":false},"excerpt":{"rendered":"<p>Solo 4 testsettet inneholder teleskopstangen Solo 108, testgassbeholderen Solo 330 og 3 Solo A5 testgassflasker for testing av r\u00f8ykdetektorer opptil omtrent 4 m h\u00f8yde.<\/p>\n<p>Perfekt for teknikere som \u00f8nsker \u00e5 utf\u00f8re trygge og effektive funksjonstester p\u00e5 CO- og r\u00f8ykdetektorer.<\/p>","protected":false},"featured_media":137660,"template":"","meta":{"_acf_changed":false},"product_brand":[],"product_cat":[3849,2945],"product_tag":[],"class_list":{"0":"post-92675","1":"product","2":"type-product","3":"status-publish","4":"has-post-thumbnail","6":"product_cat-solo-kit","7":"product_cat-solo","8":"product_shipping_class-tunga-paket","9":"tm-no-options","11":"first","12":"instock","13":"taxable","14":"shipping-taxable","15":"purchasable","16":"product-type-simple"},"acf":[],"_links":{"self":[{"href":"https:\/\/secureus.se\/no\/wp-json\/wp\/v2\/product\/92675","targetHints":{"allow":["GET"]}}],"collection":[{"href":"https:\/\/secureus.se\/no\/wp-json\/wp\/v2\/product"}],"about":[{"href":"https:\/\/secureus.se\/no\/wp-json\/wp\/v2\/types\/product"}],"wp:featuredmedia":[{"embeddable":true,"href":"https:\/\/secureus.se\/no\/wp-json\/wp\/v2\/media\/137660"}],"wp:attachment":[{"href":"https:\/\/secureus.se\/no\/wp-json\/wp\/v2\/media?parent=92675"}],"wp:term":[{"taxonomy":"product_brand","embeddable":true,"href":"https:\/\/secureus.se\/no\/wp-json\/wp\/v2\/product_brand?post=92675"},{"taxonomy":"product_cat","embeddable":true,"href":"https:\/\/secureus.se\/no\/wp-json\/wp\/v2\/product_cat?post=92675"},{"taxonomy":"product_tag","embeddable":true,"href":"https:\/\/secureus.se\/no\/wp-json\/wp\/v2\/product_tag?post=92675"}],"curies":[{"name":"wp","href":"https:\/\/api.w.org\/{rel}","templated":true}]}}