{"id":92695,"date":"2024-06-13T14:39:29","date_gmt":"2024-06-13T12:39:29","guid":{"rendered":"https:\/\/secureus.se\/rfid-lasare-access-kombi_v3\/"},"modified":"2026-04-07T12:48:33","modified_gmt":"2026-04-07T10:48:33","slug":"rfid-lasare-access-kombi_v3","status":"publish","type":"product","link":"https:\/\/secureus.se\/no\/rfid-lasare-access-kombi_v3\/","title":{"rendered":"RFID-lesertilgang Combi EM+Mifare Programmerbar (v3)"},"content":{"rendered":"<p><strong>MERK F\u00d8LGENDE! Ikke kompatibel med MAC!<br \/>\n<\/strong><strong>Leserne er tilgjengelige som enkelt eller kombi og du kan laste ned programvaren gratis for \u00e5 kunne programmere leserne til et hvilket som helst system du \u00f8nsker.<\/strong><br \/>\nDu velger hvilket system vi skal programmere leseren til og vi leverer den innen 1-2 virkedager.<\/p>\n<p><em><strong>Hvis du har enkeltmerker med EM, m\u00e5 du velge Single LF Frequency Mode.<br \/>\n<\/strong><\/em><em><strong>Hvis du har enkeltbrikker med Mifare, m\u00e5 du velge Single HF Frequency Mode.<br \/>\nHvis du har kombinasjonsmerker med EM og Mifare, m\u00e5 du velge Double Frequency Mode.<br \/>\n<\/strong><\/em><\/p>\n<p><strong>For \u00e5 se hvilket valg du m\u00e5 ta i programvaren til systemet ditt, bruk v\u00e5r oversettelsesliste som du finner under nedlastinger.<\/strong><\/p>\n<p><strong>Leseren leveres med 2 \u00e5rs garanti.<\/strong><br \/>\nStonehouse Security har utviklet layout og programvare for alle ACCESS-lesere, den er p\u00e5litelig og rask og tilpasset det svenske markedet.<br \/>\nLeseren er tilpasset sikkerhetsmarkedet og dets sluttkunder, men ogs\u00e5 for andre applikasjoner hvor du trenger \u00e5 lese koden p\u00e5 den elektroniske brikken i din RFID-leser.<br \/>\nACCESS Bordleser bruker en USB-tilkobling og er plug and play med en allerede kodet leser.<\/p>\n<p>Trenger du hjelp til programmering, kontakt oss s\u00e5 hjelper vi deg med dette gratis.<br \/>\nLeserens programvare h\u00e5ndterer: RCO, Bewator\/Vanderbilt 8 og 13 siffer, Axema, Axema VAKA, ASSA, Aptus, Paxton.<\/p>\n<p><strong>\ud83d\udcbe Last ned programvaren:<\/strong><br \/>\n<a href=\"https:\/\/stonehouse.se\/programvaror\/ACCESS%20-%20Version%201.exe\" rel=\"noopener\">\ud83d\udce5 Versjon 1.exe<\/a><br \/>\n<a href=\"https:\/\/stonehouse.se\/programvaror\/ACCESS%20-%20Version%202.exe\" rel=\"noopener\">\ud83d\udce5 Versjon 2.exe<\/a><br \/>\n<a href=\"http:\/\/stonehouse.se\/programvaror\/ReaderSetting_Setup_3.0.0.5.exe\" rel=\"noopener\">\ud83d\udce5 Versjon 3.0.0.5.exe<\/a><\/p>","protected":false},"excerpt":{"rendered":"<div class=\"woocommerce-product-details__short-description\">\n<p><em><strong>USB-kabel inkludert.<br \/>\nDet viktige er \u00e5 vite hvilken brikke du bruker n\u00e5r du setter opp leseren.<\/strong><\/em><\/p>\n<\/div>","protected":false},"featured_media":163621,"template":"","meta":{"_acf_changed":false},"product_brand":[],"product_cat":[1743],"product_tag":[2405,2958],"class_list":{"0":"post-92695","1":"product","2":"type-product","3":"status-publish","4":"has-post-thumbnail","6":"product_cat-rfid-lasare","7":"product_tag-rel-rfid","8":"product_tag-stonehouse-produkt","9":"product_shipping_class-postnord-varubrev","10":"pa_access-lasare-chippets-uid-kod","11":"pa_access-lasare-em-kod-aptus","12":"pa_access-lasare-em-kod-rco","13":"pa_access-lasare-em-kod-assa-arx","14":"pa_access-lasare-em-kod-axema-10-siffror","15":"pa_access-lasare-em-kod-axema-vaka-13-siffror","16":"pa_access-lasare-em-kod-bewator-vanderbilt-13-siffror","17":"pa_access-lasare-em-kod-bewator-vanderbilt-8-siffror","18":"pa_access-lasare-mifare-mifare-mfd-aptus-9-siffror","19":"pa_access-lasare-mifare-mifare-mfr-axema-vaka-13-siffror","20":"pa_access-lasare-mifare-chippets-uid-kod","21":"pa_access-lasare-mifare-mifare-mfd-assa-10-siffror","22":"pa_access-lasare-mifare-mifare-rco-9-siffror","23":"pa_brands-stonehouse-security","24":"pa_farg-svart","25":"tm-has-options","27":"first","28":"instock","29":"sale","30":"featured","31":"taxable","32":"shipping-taxable","33":"purchasable","34":"product-type-simple"},"acf":[],"_links":{"self":[{"href":"https:\/\/secureus.se\/no\/wp-json\/wp\/v2\/product\/92695","targetHints":{"allow":["GET"]}}],"collection":[{"href":"https:\/\/secureus.se\/no\/wp-json\/wp\/v2\/product"}],"about":[{"href":"https:\/\/secureus.se\/no\/wp-json\/wp\/v2\/types\/product"}],"wp:featuredmedia":[{"embeddable":true,"href":"https:\/\/secureus.se\/no\/wp-json\/wp\/v2\/media\/163621"}],"wp:attachment":[{"href":"https:\/\/secureus.se\/no\/wp-json\/wp\/v2\/media?parent=92695"}],"wp:term":[{"taxonomy":"product_brand","embeddable":true,"href":"https:\/\/secureus.se\/no\/wp-json\/wp\/v2\/product_brand?post=92695"},{"taxonomy":"product_cat","embeddable":true,"href":"https:\/\/secureus.se\/no\/wp-json\/wp\/v2\/product_cat?post=92695"},{"taxonomy":"product_tag","embeddable":true,"href":"https:\/\/secureus.se\/no\/wp-json\/wp\/v2\/product_tag?post=92695"}],"curies":[{"name":"wp","href":"https:\/\/api.w.org\/{rel}","templated":true}]}}