{"id":92785,"date":"2024-06-16T12:32:34","date_gmt":"2024-06-16T10:32:34","guid":{"rendered":"https:\/\/secureus.se\/?post_type=product&#038;p=92785"},"modified":"2026-04-25T12:27:07","modified_gmt":"2026-04-25T10:27:07","slug":"dorrbroms-523t-1-vit","status":"publish","type":"product","link":"https:\/\/secureus.se\/no\/dorrbroms-523t-1-vit\/","title":{"rendered":"ASSA ABLOY 523T\/1 D\u00f8rbrems - Hvit - 590-769 mm"},"content":{"rendered":"<div>\n<h2 data-section-id=\"v8l2mo\" data-start=\"287\" data-end=\"366\">ASSA ABLOY d\u00f8rbrems 523T\/1 \u2013 Hvit \u2013 For terrassed\u00f8r og fransk d\u00f8r (590\u2013769 mm)<\/h2>\n<p data-start=\"368\" data-end=\"612\">ASSA ABLOY 523T er en robust d\u00f8rbrems for utoverg\u00e5ende terrassed\u00f8rer, franske vinduer og andre ytterd\u00f8rer. D\u00f8rbremsen holder d\u00f8ren i \u00f8nsket \u00e5pningsposisjon og reduserer risikoen for at d\u00f8ren bl\u00e5ser tilbake eller \u00e5pner seg ukontrollert i sterk vind.<\/p>\n<p data-start=\"614\" data-end=\"846\">Den justerbare friksjonsbremsen lar deg enkelt justere bremsekraften til d\u00f8rens vekt og \u00f8nskede funksjon. Dette betyr at d\u00f8ren stopper i den posisjonen du \u00e5pner den til, noe som b\u00e5de \u00f8ker komforten og reduserer risikoen for klemskader.<\/p>\n<p data-start=\"848\" data-end=\"994\">523T passer til b\u00e5de h\u00f8yre- og venstrehengte d\u00f8rer og er et vanlig valg for terrassed\u00f8rer og franske d\u00f8rer i hjem, boder og lignende milj\u00f8er.<\/p>\n<hr data-start=\"996\" data-end=\"999\" \/>\n<h2 data-section-id=\"fnvs8i\" data-start=\"1001\" data-end=\"1014\">Kjennetegn<\/h2>\n<p data-start=\"1016\" data-end=\"1304\">\u2022 For utadg\u00e5ende terrassed\u00f8rer, franske vinduer og ytterd\u00f8rer<br data-start=\"1075\" data-end=\"1078\" \/>\u2022 Holder d\u00f8ren i \u00f8nsket \u00e5pningsposisjon<br data-start=\"1119\" data-end=\"1122\" \/>\u2022 Hindrer at d\u00f8ren bl\u00e5ser igjen i vinden<br data-start=\"1166\" data-end=\"1169\" \/>\u2022 Justerbar bremsekraft med enkel friksjonsjustering<br data-start=\"1220\" data-end=\"1223\" \/>\u2022 Passer til b\u00e5de h\u00f8yre- og venstred\u00f8rer<br data-start=\"1268\" data-end=\"1271\" \/>\u2022 Reduserer risikoen for klemskader<\/p>\n<hr data-start=\"1306\" data-end=\"1309\" \/>\n<h2 data-section-id=\"zehbyt\" data-start=\"1311\" data-end=\"1337\">Konstruksjon og materialer<\/h2>\n<p data-start=\"1339\" data-end=\"1474\">\u2022 Stang i rustfritt st\u00e5l<br data-start=\"1364\" data-end=\"1367\" \/>\u2022 Leddhode laget av slitesterk acetalplast<br data-start=\"1401\" data-end=\"1404\" \/>\u2022 Karmfeste og d\u00f8rfeste i lakkert st\u00e5l<br data-start=\"1445\" data-end=\"1448\" \/>\u2022 Deksel av acetalplast<\/p>\n<p data-start=\"1476\" data-end=\"1586\">Den robuste konstruksjonen gj\u00f8r d\u00f8rbremsen egnet for daglig bruk i b\u00e5de boliger og lignende milj\u00f8er.<\/p>\n<hr data-start=\"1588\" data-end=\"1591\" \/>\n<h2 data-section-id=\"10c1xz9\" data-start=\"1593\" data-end=\"1617\">Dimensjoner og kompatibilitet<\/h2>\n<p data-start=\"1619\" data-end=\"1732\"><strong data-start=\"1619\" data-end=\"1630\">Modell:<\/strong> 523T\/1<br data-start=\"1637\" data-end=\"1640\" \/><strong data-start=\"1640\" data-end=\"1656\">Total lengde:<\/strong> 445 mm<br data-start=\"1663\" data-end=\"1666\" \/><strong data-start=\"1666\" data-end=\"1689\">Passer til rammem\u00e5l:<\/strong> 590\u2013769 mm<br data-start=\"1700\" data-end=\"1703\" \/><strong data-start=\"1703\" data-end=\"1722\">\u00c5pningsvinkel:<\/strong> omtrent 95\u00b0<\/p>\n<hr data-start=\"1734\" data-end=\"1737\" \/>\n<h2 data-section-id=\"kejv24\" data-start=\"1739\" data-end=\"1763\">Tilgjengelig i to st\u00f8rrelser<\/h2>\n<p data-start=\"1765\" data-end=\"1822\"><strong data-start=\"1765\" data-end=\"1775\">523T\/1<\/strong><br data-start=\"1775\" data-end=\"1778\" \/>Passer til d\u00f8rer med karmbredder <strong data-start=\"1808\" data-end=\"1822\">590\u2013769 mm<\/strong><\/p>\n<p data-start=\"1824\" data-end=\"1881\"><strong data-start=\"1824\" data-end=\"1834\">523T\/2<\/strong><br data-start=\"1834\" data-end=\"1837\" \/>Passer til d\u00f8rer med karmbredder <strong data-start=\"1867\" data-end=\"1881\">770\u2013910 mm<\/strong><\/p>\n<hr data-start=\"1883\" data-end=\"1886\" \/>\n<h2 data-section-id=\"1lu5w0y\" data-start=\"1888\" data-end=\"1910\">Anbefalt skrue \u2013 ikke inkludert<\/h2>\n<p data-start=\"1912\" data-end=\"1965\">Rammefeste: <strong data-start=\"1923\" data-end=\"1937\">TFX 4,5 mm<\/strong><br data-start=\"1937\" data-end=\"1940\" \/>D\u00f8rbrakett: <strong data-start=\"1951\" data-end=\"1965\">TFX 3,5 mm<\/strong><\/p>\n<\/div>","protected":false},"excerpt":{"rendered":"<p data-start=\"2252\" data-end=\"2487\">ASSA ABLOY 523T\/1 er en d\u00f8rbrems for utadg\u00e5ende d\u00f8rer, terrassed\u00f8rer og franske d\u00f8rer. D\u00f8rbremsen holder d\u00f8ren i \u00f8nsket \u00e5pningsposisjon og hindrer at den bl\u00e5ser tilbake. Passer til karmm\u00e5l 590\u2013769 mm og b\u00e5de h\u00f8yre- og venstrehengte d\u00f8rer.<\/p>","protected":false},"featured_media":137348,"template":"","meta":{"_acf_changed":false},"product_brand":[],"product_cat":[3370],"product_tag":[],"class_list":{"0":"post-92785","1":"product","2":"type-product","3":"status-publish","4":"has-post-thumbnail","6":"product_cat-dorrbroms-dorrbromsar","7":"product_shipping_class-tunga-paket","8":"pa_brands-abloy","9":"tm-no-options","11":"first","12":"instock","13":"sale","14":"taxable","15":"shipping-taxable","16":"purchasable","17":"product-type-simple"},"acf":[],"_links":{"self":[{"href":"https:\/\/secureus.se\/no\/wp-json\/wp\/v2\/product\/92785","targetHints":{"allow":["GET"]}}],"collection":[{"href":"https:\/\/secureus.se\/no\/wp-json\/wp\/v2\/product"}],"about":[{"href":"https:\/\/secureus.se\/no\/wp-json\/wp\/v2\/types\/product"}],"wp:featuredmedia":[{"embeddable":true,"href":"https:\/\/secureus.se\/no\/wp-json\/wp\/v2\/media\/137348"}],"wp:attachment":[{"href":"https:\/\/secureus.se\/no\/wp-json\/wp\/v2\/media?parent=92785"}],"wp:term":[{"taxonomy":"product_brand","embeddable":true,"href":"https:\/\/secureus.se\/no\/wp-json\/wp\/v2\/product_brand?post=92785"},{"taxonomy":"product_cat","embeddable":true,"href":"https:\/\/secureus.se\/no\/wp-json\/wp\/v2\/product_cat?post=92785"},{"taxonomy":"product_tag","embeddable":true,"href":"https:\/\/secureus.se\/no\/wp-json\/wp\/v2\/product_tag?post=92785"}],"curies":[{"name":"wp","href":"https:\/\/api.w.org\/{rel}","templated":true}]}}