{"id":92787,"date":"2024-06-16T12:32:34","date_gmt":"2024-06-16T10:32:34","guid":{"rendered":"https:\/\/secureus.se\/?post_type=product&#038;p=92787"},"modified":"2026-04-08T15:50:52","modified_gmt":"2026-04-08T13:50:52","slug":"dorrbroms-1630-rostfri","status":"publish","type":"product","link":"https:\/\/secureus.se\/no\/dorrbroms-1630-rostfri\/","title":{"rendered":"D\u00f8rbrems 1630 Rustfri"},"content":{"rendered":"<div>D\u00f8rbrems for utadg\u00e5ende d\u00f8r. Montert p\u00e5 st\u00f8tsiden.<\/div>\n<div><b><br \/>Kjennetegn: <\/b><\/div>\n<div>\n<ul>\n<li>D\u00f8rbredde 700-910 mm. <\/li>\n<li>Lakkerte st\u00e5lbraketter og teleskopr\u00f8r. <\/li>\n<li>Rustfri stang med leddhode og justeringshylse i plast.<\/li>\n<\/ul>\n<\/div>\n<div><\/div>","protected":false},"excerpt":{"rendered":"<p>D\u00f8rbrems for utadg\u00e5ende d\u00f8r. Montert p\u00e5 st\u00f8tsiden. Egenskaper: D\u00f8rbredde 700-910 mm. Lakkerte st\u00e5lbraketter og teleskopr\u00f8r. Rustfri stang med leddhode og justeringshylse i plast.<\/p>","protected":false},"featured_media":137602,"template":"","meta":{"_acf_changed":false},"product_brand":[],"product_cat":[3370],"product_tag":[],"class_list":{"0":"post-92787","1":"product","2":"type-product","3":"status-publish","4":"has-post-thumbnail","6":"product_cat-dorrbroms-dorrbromsar","7":"product_shipping_class-tunga-paket","8":"pa_brands-habo","9":"tm-no-options","11":"first","12":"onbackorder","13":"taxable","14":"shipping-taxable","15":"purchasable","16":"product-type-simple"},"acf":[],"_links":{"self":[{"href":"https:\/\/secureus.se\/no\/wp-json\/wp\/v2\/product\/92787","targetHints":{"allow":["GET"]}}],"collection":[{"href":"https:\/\/secureus.se\/no\/wp-json\/wp\/v2\/product"}],"about":[{"href":"https:\/\/secureus.se\/no\/wp-json\/wp\/v2\/types\/product"}],"wp:featuredmedia":[{"embeddable":true,"href":"https:\/\/secureus.se\/no\/wp-json\/wp\/v2\/media\/137602"}],"wp:attachment":[{"href":"https:\/\/secureus.se\/no\/wp-json\/wp\/v2\/media?parent=92787"}],"wp:term":[{"taxonomy":"product_brand","embeddable":true,"href":"https:\/\/secureus.se\/no\/wp-json\/wp\/v2\/product_brand?post=92787"},{"taxonomy":"product_cat","embeddable":true,"href":"https:\/\/secureus.se\/no\/wp-json\/wp\/v2\/product_cat?post=92787"},{"taxonomy":"product_tag","embeddable":true,"href":"https:\/\/secureus.se\/no\/wp-json\/wp\/v2\/product_tag?post=92787"}],"curies":[{"name":"wp","href":"https:\/\/api.w.org\/{rel}","templated":true}]}}