{"id":92797,"date":"2024-06-16T12:32:34","date_gmt":"2024-06-16T10:32:34","guid":{"rendered":"https:\/\/secureus.se\/?post_type=product&#038;p=92797"},"modified":"2026-05-06T12:58:50","modified_gmt":"2026-05-06T10:58:50","slug":"dorrbroms-328","status":"publish","type":"product","link":"https:\/\/secureus.se\/no\/dorrbroms-328\/","title":{"rendered":"D\u00f8rbrems ASSA ABLOY Fix 328 utoverg\u00e5ende d\u00f8r"},"content":{"rendered":"<p>ASSA ABLOY 328 er en d\u00f8rbrems for utadsl\u00e5ende d\u00f8rer. Holder d\u00f8ren i \u00f8nsket posisjon ved hjelp av friksjon. Brukes til lagerd\u00f8rer og lettere innerd\u00f8rer.<\/p>\n<p><b>Kjennetegn:\u00a0<\/b><\/p>\n<ul>\n<li>For utadsl\u00e5ende d\u00f8rer (328A for innover).<\/li>\n<li>Holder d\u00f8ren med friksjon i \u00f8nsket \u00e5pningsposisjon.<\/li>\n<li>Bremsekraften kan varieres med justeringsmutteren.<\/li>\n<li>Armen kan l\u00f8snes fra rammefestet.<\/li>\n<li>Passer b\u00e5de h\u00f8yre og venstre.<\/li>\n<li>Anbefalt skrue: TKX 4,5 mm.<\/li>\n<\/ul>\n<div><\/div>","protected":false},"excerpt":{"rendered":"<p>ASSA ABLOY 328 er en d\u00f8rbrems for utadsl\u00e5ende d\u00f8rer. Holder d\u00f8ren i \u00f8nsket posisjon ved hjelp av friksjon. Brukes til lagerd\u00f8rer og lettere innerd\u00f8rer. Egenskaper: For utadsl\u00e5ende d\u00f8rer (328A<\/p>","protected":false},"featured_media":137146,"template":"","meta":{"_acf_changed":false},"product_brand":[],"product_cat":[3370],"product_tag":[],"class_list":{"0":"post-92797","1":"product","2":"type-product","3":"status-publish","4":"has-post-thumbnail","6":"product_cat-dorrbroms-dorrbromsar","7":"product_shipping_class-tunga-paket","8":"pa_brands-abloy","9":"tm-no-options","11":"first","12":"instock","13":"sale","14":"taxable","15":"shipping-taxable","16":"purchasable","17":"product-type-simple"},"acf":[],"_links":{"self":[{"href":"https:\/\/secureus.se\/no\/wp-json\/wp\/v2\/product\/92797","targetHints":{"allow":["GET"]}}],"collection":[{"href":"https:\/\/secureus.se\/no\/wp-json\/wp\/v2\/product"}],"about":[{"href":"https:\/\/secureus.se\/no\/wp-json\/wp\/v2\/types\/product"}],"wp:featuredmedia":[{"embeddable":true,"href":"https:\/\/secureus.se\/no\/wp-json\/wp\/v2\/media\/137146"}],"wp:attachment":[{"href":"https:\/\/secureus.se\/no\/wp-json\/wp\/v2\/media?parent=92797"}],"wp:term":[{"taxonomy":"product_brand","embeddable":true,"href":"https:\/\/secureus.se\/no\/wp-json\/wp\/v2\/product_brand?post=92797"},{"taxonomy":"product_cat","embeddable":true,"href":"https:\/\/secureus.se\/no\/wp-json\/wp\/v2\/product_cat?post=92797"},{"taxonomy":"product_tag","embeddable":true,"href":"https:\/\/secureus.se\/no\/wp-json\/wp\/v2\/product_tag?post=92797"}],"curies":[{"name":"wp","href":"https:\/\/api.w.org\/{rel}","templated":true}]}}