{"id":92808,"date":"2024-06-16T12:32:35","date_gmt":"2024-06-16T10:32:35","guid":{"rendered":"https:\/\/secureus.se\/?post_type=product&#038;p=92808"},"modified":"2026-04-15T16:56:28","modified_gmt":"2026-04-15T14:56:28","slug":"dorrbroms-533t-2-gra","status":"publish","type":"product","link":"https:\/\/secureus.se\/no\/dorrbroms-533t-2-gra\/","title":{"rendered":"ASSA ABLOY 533T\/2 D\u00f8rstopper \u2013 Gr\u00e5 \u2013 Innoverg\u00e5ende d\u00f8r \u2013 700\u2013910 mm"},"content":{"rendered":"<h2 data-section-id=\"1kkk737\" data-start=\"158\" data-end=\"219\">ASSA ABLOY D\u00f8rbrems 533T\/2 \u2013 Innad\u00e5pnende d\u00f8r \u2013 700\u2013910 mm<\/h2>\n<p data-start=\"221\" data-end=\"437\">ASSA ABLOY 533T\/2 er en d\u00f8rbrems for innadg\u00e5ende ytterd\u00f8rer, franske d\u00f8rer og bodd\u00f8rer. D\u00f8rbremsen holder d\u00f8ren i \u00f8nsket \u00e5pningsposisjon og reduserer risikoen for at d\u00f8ren bl\u00e5ser tilbake eller \u00e5pner seg ukontrollert.<\/p>\n<p data-start=\"439\" data-end=\"704\">Den justerbare friksjonsbremsen lar deg enkelt justere bremsekraften til d\u00f8rens vekt og hvor mye motstand du \u00f8nsker at d\u00f8ren skal ha. Dette betyr at d\u00f8ren stopper i den \u00e5pningsposisjonen du velger, noe som b\u00e5de \u00f8ker komforten og reduserer risikoen for klemskader.<\/p>\n<p data-start=\"706\" data-end=\"835\">Modellen 533T\/2 er den lengre versjonen i serien og brukes til bredere d\u00f8rer. Den passer til b\u00e5de h\u00f8yre- og venstred\u00f8rer.<\/p>\n<hr data-start=\"837\" data-end=\"840\" \/>\n<h2 data-section-id=\"fnvs8i\" data-start=\"842\" data-end=\"855\">Kjennetegn<\/h2>\n<p data-start=\"857\" data-end=\"1117\">\u2022 For innadg\u00e5ende ytterd\u00f8rer og franske d\u00f8rer<br data-start=\"903\" data-end=\"906\" \/>\u2022 Holder d\u00f8ren i \u00f8nsket \u00e5pningsposisjon<br data-start=\"947\" data-end=\"950\" \/>\u2022 Hindrer at d\u00f8ren bl\u00e5ser tilbake<br data-start=\"985\" data-end=\"988\" \/>\u2022 Justerbar bremsekraft med friksjonsjustering<br data-start=\"1033\" data-end=\"1036\" \/>\u2022 Passer til b\u00e5de h\u00f8yre- og venstred\u00f8rer<br data-start=\"1081\" data-end=\"1084\" \/>\u2022 Reduserer risikoen for klemskader<\/p>\n<hr data-start=\"1119\" data-end=\"1122\" \/>\n<h2 data-section-id=\"zehbyt\" data-start=\"1124\" data-end=\"1150\">Konstruksjon og materialer<\/h2>\n<p data-start=\"1152\" data-end=\"1287\">\u2022 Stang i rustfritt st\u00e5l<br data-start=\"1177\" data-end=\"1180\" \/>\u2022 Leddhode laget av slitesterk acetalplast<br data-start=\"1214\" data-end=\"1217\" \/>\u2022 Karmfeste og d\u00f8rfeste i lakkert st\u00e5l<br data-start=\"1258\" data-end=\"1261\" \/>\u2022 Deksel av acetalplast<\/p>\n<p data-start=\"1289\" data-end=\"1394\">Den robuste konstruksjonen gj\u00f8r d\u00f8rbremsen egnet for daglig bruk i hjem og lignende milj\u00f8er.<\/p>\n<hr data-start=\"1396\" data-end=\"1399\" \/>\n<h2 data-section-id=\"10c1xz9\" data-start=\"1401\" data-end=\"1425\">Dimensjoner og kompatibilitet<\/h2>\n<p data-start=\"1427\" data-end=\"1510\"><strong data-start=\"1427\" data-end=\"1438\">Modell:<\/strong> 533T\/2<br data-start=\"1445\" data-end=\"1448\" \/><strong data-start=\"1448\" data-end=\"1464\">Total lengde:<\/strong> 530 mm<br data-start=\"1471\" data-end=\"1474\" \/><strong data-start=\"1474\" data-end=\"1497\">Passer til rammem\u00e5l:<\/strong> 700\u2013910 mm<\/p>\n<hr data-start=\"1512\" data-end=\"1515\" \/>\n<h2 data-section-id=\"kejv24\" data-start=\"1517\" data-end=\"1541\">Tilgjengelig i to st\u00f8rrelser<\/h2>\n<p data-start=\"1543\" data-end=\"1600\"><strong data-start=\"1543\" data-end=\"1553\">533T\/1<\/strong><br data-start=\"1553\" data-end=\"1556\" \/>Passer til d\u00f8rer med karmbredder <strong data-start=\"1586\" data-end=\"1600\">500\u2013700 mm<\/strong><\/p>\n<p data-start=\"1602\" data-end=\"1659\"><strong data-start=\"1602\" data-end=\"1612\">533T\/2<\/strong><br data-start=\"1612\" data-end=\"1615\" \/>Passer til d\u00f8rer med karmbredder <strong data-start=\"1645\" data-end=\"1659\">700\u2013910 mm<\/strong><\/p>\n<hr data-start=\"1661\" data-end=\"1664\" \/>\n<h2 data-section-id=\"1lu5w0y\" data-start=\"1666\" data-end=\"1688\">Anbefalt skrue<\/h2>\n<p data-start=\"1690\" data-end=\"1743\">Rammefeste: <strong data-start=\"1701\" data-end=\"1715\">TFX 4,5 mm<\/strong><br data-start=\"1715\" data-end=\"1718\" \/>D\u00f8rbrakett: <strong data-start=\"1729\" data-end=\"1743\">TFX 3,5 mm<\/strong><\/p>\n<p data-start=\"1745\" data-end=\"1815\">Skruer er ikke inkludert i pakken, men kan kj\u00f8pes separat fra oss.<\/p>","protected":false},"excerpt":{"rendered":"<p>ASSA ABLOY 533T\/2 er en d\u00f8rbrems for innadg\u00e5ende ytterd\u00f8rer og franske d\u00f8rer. D\u00f8rbremsen holder d\u00f8ren i \u00f8nsket \u00e5pningsposisjon og reduserer risikoen for at den bl\u00e5ser tilbake. Passer til karmm\u00e5l 700\u2013910 mm og b\u00e5de h\u00f8yre- og venstrehengte d\u00f8rer.<\/p>","protected":false},"featured_media":164431,"template":"","meta":{"_acf_changed":false},"product_brand":[],"product_cat":[3370],"product_tag":[],"class_list":{"0":"post-92808","1":"product","2":"type-product","3":"status-publish","4":"has-post-thumbnail","6":"product_cat-dorrbroms-dorrbromsar","7":"product_shipping_class-tunga-paket","8":"pa_brands-abloy","9":"tm-no-options","11":"first","12":"instock","13":"sale","14":"taxable","15":"shipping-taxable","16":"purchasable","17":"product-type-simple"},"acf":[],"_links":{"self":[{"href":"https:\/\/secureus.se\/no\/wp-json\/wp\/v2\/product\/92808","targetHints":{"allow":["GET"]}}],"collection":[{"href":"https:\/\/secureus.se\/no\/wp-json\/wp\/v2\/product"}],"about":[{"href":"https:\/\/secureus.se\/no\/wp-json\/wp\/v2\/types\/product"}],"wp:featuredmedia":[{"embeddable":true,"href":"https:\/\/secureus.se\/no\/wp-json\/wp\/v2\/media\/164431"}],"wp:attachment":[{"href":"https:\/\/secureus.se\/no\/wp-json\/wp\/v2\/media?parent=92808"}],"wp:term":[{"taxonomy":"product_brand","embeddable":true,"href":"https:\/\/secureus.se\/no\/wp-json\/wp\/v2\/product_brand?post=92808"},{"taxonomy":"product_cat","embeddable":true,"href":"https:\/\/secureus.se\/no\/wp-json\/wp\/v2\/product_cat?post=92808"},{"taxonomy":"product_tag","embeddable":true,"href":"https:\/\/secureus.se\/no\/wp-json\/wp\/v2\/product_tag?post=92808"}],"curies":[{"name":"wp","href":"https:\/\/api.w.org\/{rel}","templated":true}]}}