{"id":92828,"date":"2024-06-16T23:12:00","date_gmt":"2024-06-16T21:12:00","guid":{"rendered":"https:\/\/secureus.se\/?post_type=product&#038;p=92828"},"modified":"2026-03-26T11:32:29","modified_gmt":"2026-03-26T10:32:29","slug":"elslutbleck-es-19m-rattvand","status":"publish","type":"product","link":"https:\/\/secureus.se\/no\/elslutbleck-es-19m-rattvand\/","title":{"rendered":"Elektrisk endeplate ES19 H\u00f8yrevendt"},"content":{"rendered":"<h1>Elektrisk endeplate ES19 H\u00f8yrevendt<\/h1>\n<p class=\"\" data-start=\"659\" data-end=\"1027\">Elektrisk sluttstykke ES19 Rettvinklet fra Safetron er en avansert l\u00f8sning for d\u00f8rer som krever normalt sikkerhetsniv\u00e5.<\/p>\n<p class=\"\" data-start=\"659\" data-end=\"1027\">Utstyrt med stripetrykkteknologi s\u00f8rger dette elektriske sluttstykket for at d\u00f8ren \u00e5pnes selv om det p\u00e5f\u00f8res trykk p\u00e5 opptil 150 kg, noe som gj\u00f8r den til et p\u00e5litelig valg for d\u00f8rer som er utsatt for hindringer, som grus, sn\u00f8 eller for h\u00f8yt trykk i bygningen.<\/p>\n<p class=\"\" data-start=\"1029\" data-end=\"1353\">En av hovedfordelene med ES19 er brannklassifiseringen (E\/EI 120), som betyr at den er godkjent for bruk i brannseksjonsd\u00f8rer og er godkjent for \u00e5 motst\u00e5 brann i opptil 120 minutter.<\/p>\n<p class=\"\" data-start=\"1029\" data-end=\"1353\">Dette gj\u00f8r den til et utmerket valg for bygninger hvor brannmotstand og sikkerhet er avgj\u00f8rende.<\/p>\n<p class=\"\" data-start=\"1355\" data-end=\"1685\">ES19 er kompakt og designet for \u00e5 passe inn i de fleste standard elektriske sluttplater, noe som gj\u00f8r den enkel \u00e5 installere.<\/p>\n<p class=\"\" data-start=\"1355\" data-end=\"1685\">Den er ogs\u00e5 utstyrt med en stempelbryter, som lar den indikere om d\u00f8ren er lukket og l\u00e5st, eller \u00e5pen og ul\u00e5st. Dette gj\u00f8r den nyttig for b\u00e5de sikkerhet og d\u00f8roverv\u00e5king.<\/p>\n<p class=\"\" data-start=\"1687\" data-end=\"1975\">Den har en imponerende bruddstyrke p\u00e5 1500 kg (15 kN) og er designet for \u00e5 t\u00e5le fysisk p\u00e5virkning samtidig som den opprettholder h\u00f8y funksjonalitet ved h\u00f8ye \u00e5pningsfrekvenser.<\/p>\n<p class=\"\" data-start=\"1687\" data-end=\"1975\">Med lavt str\u00f8mforbruk p\u00e5 kun 35 mA ved 24V DC, er denne elektriske sluttstykket ogs\u00e5 energieffektiv.<\/p>\n<p class=\"\" data-start=\"1977\" data-end=\"2007\"><strong data-start=\"1977\" data-end=\"2007\">N\u00f8kkelfunksjoner og fordeler:<\/strong><\/p>\n<ul data-start=\"2008\" data-end=\"2630\">\n<li class=\"\" data-start=\"2008\" data-end=\"2095\">\n<p class=\"\" data-start=\"2010\" data-end=\"2095\">Listetrykkteknologi: T\u00e5ler opptil 150 kg trykk uten \u00e5 p\u00e5virke portens funksjon.<\/p>\n<\/li>\n<li class=\"\" data-start=\"2096\" data-end=\"2180\">\n<p class=\"\" data-start=\"2098\" data-end=\"2180\">Brannklassifisert: Sertifisert for brannmotstand i henhold til E\/EI 120 (120 minutter).<\/p>\n<\/li>\n<li class=\"\" data-start=\"2181\" data-end=\"2267\">\n<p class=\"\" data-start=\"2183\" data-end=\"2267\">H\u00f8y bruddstyrke: T\u00e5ler opptil 1500 kg (15 kN), og gir robust sikkerhet.<\/p>\n<\/li>\n<li class=\"\" data-start=\"2268\" data-end=\"2348\">\n<p class=\"\" data-start=\"2270\" data-end=\"2348\">Stempelbryter: Indikerer om d\u00f8ren er lukket og l\u00e5st eller \u00e5pen og ul\u00e5st.<\/p>\n<\/li>\n<li class=\"\" data-start=\"2349\" data-end=\"2447\">\n<p class=\"\" data-start=\"2351\" data-end=\"2447\">Reverseringsfunksjon: D\u00f8ren er ul\u00e5st i spenningsl\u00f8s tilstand, noe som er ideelt for n\u00f8dsituasjoner.<\/p>\n<\/li>\n<li class=\"\" data-start=\"2448\" data-end=\"2552\">\n<p class=\"\" data-start=\"2450\" data-end=\"2552\">Energieffektiv: Str\u00f8mforbruk p\u00e5 35 mA ved 24V DC, noe som gj\u00f8r det til en effektiv l\u00f8sning.<\/p>\n<\/li>\n<li class=\"\" data-start=\"2553\" data-end=\"2630\">\n<p class=\"\" data-start=\"2555\" data-end=\"2630\">Liten st\u00f8rrelse: Passer inn i de fleste standarduttak for enkel installasjon.<\/p>\n<\/li>\n<\/ul>\n<p class=\"\" data-start=\"2632\" data-end=\"2930\">Kompatibilitet: ES19 Right-Hand Electric Strike er kompatibel med b\u00e5de enkelt- og dobbeltl\u00e5sel\u00e5ser, noe som gj\u00f8r den nyttig for d\u00f8rer med normale sikkerhetskrav. Den er vendbar for \u00e5 passe b\u00e5de h\u00f8yre- og venstrehengte d\u00f8rer, noe som gir fleksibilitet i installasjonen.<\/p>\n<p class=\"\" data-start=\"2932\" data-end=\"2955\">Str\u00f8mkrav:<\/p>\n<ul data-start=\"2956\" data-end=\"3120\">\n<li class=\"\" data-start=\"2956\" data-end=\"3000\">\n<p class=\"\" data-start=\"2958\" data-end=\"3000\">Spenning: 12V eller 24V DC \u00b115 % -10 %<\/p>\n<\/li>\n<li class=\"\" data-start=\"3001\" data-end=\"3064\">\n<p class=\"\" data-start=\"3003\" data-end=\"3064\">Str\u00f8mforbruk: 35 mA ved 24V DC (maks 60 mA ved 12V DC)<\/p>\n<\/li>\n<li class=\"\" data-start=\"3065\" data-end=\"3120\">\n<p class=\"\" data-start=\"3067\" data-end=\"3120\">Mikrobryter: Enpolet bytte, maks. 30V DC, 1A<\/p>\n<\/li>\n<\/ul>","protected":false},"excerpt":{"rendered":"<p>Elektrisk sluttplate ES19 H\u00f8yrehendt fra Safetron med stripetrykkteknologi og 1500 kg bruddstyrke, brannklassifisert inntil 120 minutter.<\/p>\n<p>Ideell for d\u00f8rer med normale sikkerhetskrav og h\u00f8y \u00e5pningsfrekvens.<\/p>","protected":false},"featured_media":137582,"template":"","meta":{"_acf_changed":false},"product_brand":[],"product_cat":[3355],"product_tag":[4196,4200],"class_list":{"0":"post-92828","1":"product","2":"type-product","3":"status-publish","4":"has-post-thumbnail","6":"product_cat-elslutbleck","7":"product_tag-12-24v","8":"product_tag-rattvand","9":"product_shipping_class-tunga-paket","10":"pa_brands-7safetron","11":"pa_farg-rostfritt-stal","12":"tm-no-options","14":"first","15":"instock","16":"sale","17":"taxable","18":"shipping-taxable","19":"purchasable","20":"product-type-simple"},"acf":[],"_links":{"self":[{"href":"https:\/\/secureus.se\/no\/wp-json\/wp\/v2\/product\/92828","targetHints":{"allow":["GET"]}}],"collection":[{"href":"https:\/\/secureus.se\/no\/wp-json\/wp\/v2\/product"}],"about":[{"href":"https:\/\/secureus.se\/no\/wp-json\/wp\/v2\/types\/product"}],"wp:featuredmedia":[{"embeddable":true,"href":"https:\/\/secureus.se\/no\/wp-json\/wp\/v2\/media\/137582"}],"wp:attachment":[{"href":"https:\/\/secureus.se\/no\/wp-json\/wp\/v2\/media?parent=92828"}],"wp:term":[{"taxonomy":"product_brand","embeddable":true,"href":"https:\/\/secureus.se\/no\/wp-json\/wp\/v2\/product_brand?post=92828"},{"taxonomy":"product_cat","embeddable":true,"href":"https:\/\/secureus.se\/no\/wp-json\/wp\/v2\/product_cat?post=92828"},{"taxonomy":"product_tag","embeddable":true,"href":"https:\/\/secureus.se\/no\/wp-json\/wp\/v2\/product_tag?post=92828"}],"curies":[{"name":"wp","href":"https:\/\/api.w.org\/{rel}","templated":true}]}}