{"id":92830,"date":"2024-06-16T23:12:00","date_gmt":"2024-06-16T21:12:00","guid":{"rendered":"https:\/\/secureus.se\/?post_type=product&#038;p=92830"},"modified":"2026-02-20T11:47:22","modified_gmt":"2026-02-20T10:47:22","slug":"elslutbleck-514-24-volt","status":"publish","type":"product","link":"https:\/\/secureus.se\/no\/elslutbleck-514-24-volt\/","title":{"rendered":"Elektrisk endeplate 514 24 Volt"},"content":{"rendered":"<h1>Elektrisk endeplate 514 24 Volt<\/h1>\n<p class=\"\" data-start=\"640\" data-end=\"1022\">Elektrisk sluttplate 514 24V fra Assa ABLOY er en kostnadseffektiv l\u00f8sning for <strong data-start=\"711\" data-end=\"755\">d\u00f8rer med lave sikkerhetskrav<\/strong>.<\/p>\n<p class=\"\" data-start=\"640\" data-end=\"1022\">Den er spesielt egnet for <strong data-start=\"786\" data-end=\"804\">innvendig l\u00e5sing<\/strong> innen omr\u00e5der som handel, kontorer og industri.<\/p>\n<p class=\"\" data-start=\"640\" data-end=\"1022\">Med en <strong data-start=\"858\" data-end=\"879\">h\u00f8yreh\u00e5ndsfunksjon<\/strong> der d\u00f8ren er l\u00e5st ved str\u00f8mbrudd, sikres det at d\u00f8ren forblir lukket ogs\u00e5 ved str\u00f8mbrudd, noe som gir \u00f8kt sikkerhet i disse milj\u00f8ene.<\/p>\n<p class=\"\" data-start=\"1024\" data-end=\"1455\">Den elektriske sluttplaten er designet med <strong data-start=\"1057\" data-end=\"1076\">torsjonshus i st\u00e5l<\/strong> og en <strong data-start=\"1085\" data-end=\"1110\">l\u00e5sehus i sinklegering<\/strong>, som gir b\u00e5de holdbarhet og korrosjonsbestandighet for langvarig bruk.<\/p>\n<p class=\"\" data-start=\"1024\" data-end=\"1455\">Dens <strong data-start=\"1193\" data-end=\"1229\">bruddstyrke p\u00e5 400 kg (4 kN)<\/strong> gj\u00f8r den til en p\u00e5litelig l\u00f8sning for d\u00f8rer der sikkerhetskravene ikke er like h\u00f8ye.<\/p>\n<p class=\"\" data-start=\"1024\" data-end=\"1455\">Denne elektriske streiken brukes hovedsakelig i kombinasjon med <strong data-start=\"1364\" data-end=\"1398\">enkeltfoldl\u00e5s eller dobbelfalsl\u00e5s<\/strong>, noe som gj\u00f8r den allsidig for ulike d\u00f8rinstallasjoner.<\/p>\n<p class=\"\" data-start=\"1457\" data-end=\"1649\">For \u00e5 beskytte det elektriske utstyret, som f.eks <strong data-start=\"1507\" data-end=\"1517\">kodel\u00e5s<\/strong> eller <strong data-start=\"1524\" data-end=\"1538\">kortleser<\/strong>, mot transienter (spenningstopper), anbefales det at a <strong data-start=\"1596\" data-end=\"1610\">beskyttelsesdiode<\/strong> installert n\u00e6r den elektriske sluttspolen.<\/p>\n<p class=\"\" data-start=\"1651\" data-end=\"1843\">Elektrisk sluttplate 514 24V er utstyrt med <strong data-start=\"1687\" data-end=\"1706\">l\u00e5seboltkontakt<\/strong>, som lar den indikere om d\u00f8ren er lukket eller \u00e5pen, noe som er en nyttig funksjon for overv\u00e5king og sikkerhetskontroll.<\/p>\n<p class=\"\" data-start=\"1845\" data-end=\"1875\"><strong data-start=\"1845\" data-end=\"1875\">N\u00f8kkelfunksjoner og fordeler:<\/strong><\/p>\n<ul data-start=\"1876\" data-end=\"2521\">\n<li class=\"\" data-start=\"1876\" data-end=\"1956\">\n<p class=\"\" data-start=\"1878\" data-end=\"1956\"><strong data-start=\"1878\" data-end=\"1900\">Riktig funksjon:<\/strong> D\u00f8ren l\u00e5ses ved str\u00f8mbrudd for \u00f8kt sikkerhet.<\/p>\n<\/li>\n<li class=\"\" data-start=\"1957\" data-end=\"2070\">\n<p class=\"\" data-start=\"1959\" data-end=\"2070\"><strong data-start=\"1959\" data-end=\"1979\">Bruddstyrke:<\/strong> T\u00e5ler opptil 400 kg (4 kN), noe som gj\u00f8r den egnet for d\u00f8rer med lave sikkerhetskrav.<\/p>\n<\/li>\n<li class=\"\" data-start=\"2071\" data-end=\"2162\">\n<p class=\"\" data-start=\"2073\" data-end=\"2162\"><strong data-start=\"2073\" data-end=\"2119\">Vril\u00e5s i st\u00e5l og l\u00e5sehus i sinklegering:<\/strong> Gir holdbarhet og korrosjonsbestandighet.<\/p>\n<\/li>\n<li class=\"\" data-start=\"2163\" data-end=\"2254\">\n<p class=\"\" data-start=\"2165\" data-end=\"2254\"><strong data-start=\"2165\" data-end=\"2185\">L\u00e5sestempelkontakt:<\/strong> For \u00e5 indikere om d\u00f8ren er lukket og l\u00e5st eller \u00e5pen og ul\u00e5st.<\/p>\n<\/li>\n<li class=\"\" data-start=\"2255\" data-end=\"2334\">\n<p class=\"\" data-start=\"2257\" data-end=\"2334\"><strong data-start=\"2257\" data-end=\"2276\">Kompatibilitet:<\/strong> Brukes i kombinasjon med enkeltl\u00e5s eller dobbeltl\u00e5s.<\/p>\n<\/li>\n<li class=\"\" data-start=\"2335\" data-end=\"2399\">\n<p class=\"\" data-start=\"2337\" data-end=\"2399\"><strong data-start=\"2337\" data-end=\"2356\">Energieffektiv:<\/strong> Str\u00f8mforbruk p\u00e5 maks. 190 mA ved 24V DC.<\/p>\n<\/li>\n<li class=\"\" data-start=\"2400\" data-end=\"2521\">\n<p class=\"\" data-start=\"2402\" data-end=\"2521\"><strong data-start=\"2402\" data-end=\"2428\">Beskyttelse mot transienter:<\/strong> Mulighet for \u00e5 installere en beskyttelsesdiode for \u00e5 hindre skade p\u00e5 det elektriske utstyret.<\/p>\n<\/li>\n<\/ul>\n<p class=\"\" data-start=\"2523\" data-end=\"2831\"><strong data-start=\"2523\" data-end=\"2541\">Kompatibilitet:<\/strong> Elektrisk sluttplate 514 24V er kompatibel med begge <strong data-start=\"2586\" data-end=\"2601\">enfl\u00f8yet l\u00e5s<\/strong> og <strong data-start=\"2606\" data-end=\"2622\">tofl\u00f8yet l\u00e5s<\/strong>, noe som gj\u00f8r den allsidig og kan tilpasses forskjellige d\u00f8rsystemer.<\/p>\n<p class=\"\" data-start=\"2523\" data-end=\"2831\">Den passer for d\u00f8rer som ikke har h\u00f8ye sikkerhetskrav og er designet for bruk i innvendig l\u00e5sing i for eksempel handel, kontor og industri.<\/p>\n<p class=\"\" data-start=\"2833\" data-end=\"2856\"><strong data-start=\"2833\" data-end=\"2856\">Str\u00f8mkrav:<\/strong><\/p>\n<ul data-start=\"2857\" data-end=\"2974\">\n<li class=\"\" data-start=\"2857\" data-end=\"2885\">\n<p class=\"\" data-start=\"2859\" data-end=\"2885\"><strong data-start=\"2859\" data-end=\"2872\">Spenning:<\/strong> 24V DC \u00b110 %<\/p>\n<\/li>\n<li class=\"\" data-start=\"2886\" data-end=\"2918\">\n<p class=\"\" data-start=\"2888\" data-end=\"2918\"><strong data-start=\"2888\" data-end=\"2909\">Str\u00f8mforbruk:<\/strong> 0-190mA<\/p>\n<\/li>\n<li class=\"\" data-start=\"2919\" data-end=\"2974\">\n<p class=\"\" data-start=\"2921\" data-end=\"2974\"><strong data-start=\"2921\" data-end=\"2938\">Mikrobryter:<\/strong> Enpolet bytte, maks. 30V DC, 1A<\/p>\n<\/li>\n<\/ul>","protected":false},"excerpt":{"rendered":"<p>Elektrisk sluttstykke 514 24V fra Assa ABLOY er perfekt for d\u00f8rer med lave sikkerhetskrav.<\/p>\n<p>Med h\u00f8yrevendt funksjon og bruddstyrke p\u00e5 400 kg, brukes prim\u00e6rt innen handel, kontor og industri.<\/p>","protected":false},"featured_media":137316,"template":"","meta":{"_acf_changed":false},"product_brand":[],"product_cat":[3355],"product_tag":[4197,4200],"class_list":{"0":"post-92830","1":"product","2":"type-product","3":"status-publish","4":"has-post-thumbnail","6":"product_cat-elslutbleck","7":"product_tag-24v","8":"product_tag-rattvand","9":"product_shipping_class-tunga-paket","10":"pa_brands-abloy","11":"tm-no-options","13":"first","14":"instock","15":"sale","16":"taxable","17":"shipping-taxable","18":"purchasable","19":"product-type-simple"},"acf":[],"_links":{"self":[{"href":"https:\/\/secureus.se\/no\/wp-json\/wp\/v2\/product\/92830","targetHints":{"allow":["GET"]}}],"collection":[{"href":"https:\/\/secureus.se\/no\/wp-json\/wp\/v2\/product"}],"about":[{"href":"https:\/\/secureus.se\/no\/wp-json\/wp\/v2\/types\/product"}],"wp:featuredmedia":[{"embeddable":true,"href":"https:\/\/secureus.se\/no\/wp-json\/wp\/v2\/media\/137316"}],"wp:attachment":[{"href":"https:\/\/secureus.se\/no\/wp-json\/wp\/v2\/media?parent=92830"}],"wp:term":[{"taxonomy":"product_brand","embeddable":true,"href":"https:\/\/secureus.se\/no\/wp-json\/wp\/v2\/product_brand?post=92830"},{"taxonomy":"product_cat","embeddable":true,"href":"https:\/\/secureus.se\/no\/wp-json\/wp\/v2\/product_cat?post=92830"},{"taxonomy":"product_tag","embeddable":true,"href":"https:\/\/secureus.se\/no\/wp-json\/wp\/v2\/product_tag?post=92830"}],"curies":[{"name":"wp","href":"https:\/\/api.w.org\/{rel}","templated":true}]}}