{"id":92839,"date":"2024-06-16T23:12:01","date_gmt":"2024-06-16T21:12:01","guid":{"rendered":"https:\/\/secureus.se\/?post_type=product&#038;p=92839"},"modified":"2026-02-20T11:51:18","modified_gmt":"2026-02-20T10:51:18","slug":"elslutbleck-st401-step-40-preload-omvand","status":"publish","type":"product","link":"https:\/\/secureus.se\/no\/elslutbleck-st401-step-40-preload-omvand\/","title":{"rendered":"Elektrisk endeplate ST401 TRINN 40 Forspenning Revers"},"content":{"rendered":"<h1>Elektrisk endeplate ST401 TRINN 40 Forspenning Revers<\/h1>\n<p class=\"\" data-start=\"697\" data-end=\"1191\">Elektrisk lukkeplate ST401 STEP 40 Preload Reverse 24V fra STEP er designet for \u00e5 tilby h\u00f8y sikkerhet og fleksibilitet for d\u00f8rer med normale sikkerhetskrav.<\/p>\n<p class=\"\" data-start=\"697\" data-end=\"1191\">Utstyrt med den patenterte <strong data-start=\"888\" data-end=\"910\">stripetrykkteknikken<\/strong> fra STEP s\u00f8rger denne elektriske lukkeplaten for at d\u00f8ren kan \u00e5pnes selv om den utsettes for et trykk p\u00e5 opptil <strong data-start=\"1021\" data-end=\"1031\">250 kg<\/strong>, noe som gj\u00f8r det til et p\u00e5litelig valg for d\u00f8rer som ofte utsettes for trykk, for eksempel d\u00f8rer som er litt skjeve eller har grus eller sn\u00f8 ved terskelen.<\/p>\n<p class=\"\" data-start=\"1193\" data-end=\"1559\">De <strong data-start=\"1197\" data-end=\"1219\">omvendt funksjon<\/strong> betyr at d\u00f8ren l\u00e5ses opp i tilfelle str\u00f8mbrudd, noe som er ideelt for applikasjoner der d\u00f8ren m\u00e5 forbli \u00e5pen i tilfelle str\u00f8mbrudd, for eksempel n\u00f8dsituasjoner.<\/p>\n<p class=\"\" data-start=\"1193\" data-end=\"1559\">Dette gj\u00f8r STEP 40 Preload til en sv\u00e6rt fleksibel l\u00f8sning, og den er enkel \u00e5 bytte fra <strong data-start=\"1472\" data-end=\"1505\">rett til \u00e5 reversere funksjon<\/strong> ved installasjon, noe som reduserer h\u00e5ndteringskostnadene.<\/p>\n<p class=\"\" data-start=\"1561\" data-end=\"1904\">Med en imponerende <strong data-start=\"1580\" data-end=\"1613\">bruddstyrke p\u00e5 1200 kg (12 kN)<\/strong> og en <strong data-start=\"1621\" data-end=\"1668\">fabrikkstandard p\u00e5 1 500 000 \u00e5pningssykluser<\/strong>, STEP 40 Preload er b\u00e5de holdbar og p\u00e5litelig, selv i milj\u00f8er med h\u00f8y \u00e5pningsfrekvens.<\/p>\n<p class=\"\" data-start=\"1561\" data-end=\"1904\">Den elektriske endeplaten er ogs\u00e5 <strong data-start=\"1782\" data-end=\"1797\">slagsikker<\/strong>, som betyr at den er manipulasjonssikker, og gir ekstra sikkerhet mot uautorisert tilgang.<\/p>\n<p class=\"\" data-start=\"1906\" data-end=\"2158\">TRINN 40 Forh\u00e5ndsinnlasting er <strong data-start=\"1925\" data-end=\"1978\">kompatibel med b\u00e5de enkelt- og dobbel-fold l\u00e5ser<\/strong>, som gir h\u00f8y grad av fleksibilitet og tilpasningsevne avhengig av d\u00f8rsystem.<\/p>\n<p class=\"\" data-start=\"1906\" data-end=\"2158\">Det er det ogs\u00e5 <strong data-start=\"2075\" data-end=\"2089\">reversible<\/strong>, noe som gj\u00f8r den nyttig for b\u00e5de h\u00f8yre- og venstrehengte d\u00f8rer.<\/p>\n<p class=\"\" data-start=\"2160\" data-end=\"2190\"><strong data-start=\"2160\" data-end=\"2190\">N\u00f8kkelfunksjoner og fordeler:<\/strong><\/p>\n<ul data-start=\"2191\" data-end=\"2866\">\n<li class=\"\" data-start=\"2191\" data-end=\"2316\">\n<p class=\"\" data-start=\"2193\" data-end=\"2316\"><strong data-start=\"2193\" data-end=\"2213\">Omvendt funksjon:<\/strong> L\u00e5ses opp ved str\u00f8mbrudd, noe som gj\u00f8r den egnet for d\u00f8rer som m\u00e5 \u00e5pnes ved str\u00f8mbrudd.<\/p>\n<\/li>\n<li class=\"\" data-start=\"2317\" data-end=\"2420\">\n<p class=\"\" data-start=\"2319\" data-end=\"2420\"><strong data-start=\"2319\" data-end=\"2340\">Listeutskriftsteknologi:<\/strong> T\u00e5ler opptil 250 kg trykk, noe som forhindrer nedetid ved trykk p\u00e5 d\u00f8ren.<\/p>\n<\/li>\n<li class=\"\" data-start=\"2421\" data-end=\"2500\">\n<p class=\"\" data-start=\"2423\" data-end=\"2500\"><strong data-start=\"2423\" data-end=\"2442\">H\u00f8y bruddstyrke:<\/strong> 1200 kg (12 kN), som gir robust beskyttelse mot innbrudd.<\/p>\n<\/li>\n<li class=\"\" data-start=\"2501\" data-end=\"2607\">\n<p class=\"\" data-start=\"2503\" data-end=\"2607\"><strong data-start=\"2503\" data-end=\"2522\">Fabrikktestet:<\/strong> Testet for opptil 1 500 000 \u00e5pningssykluser for \u00e5 sikre langvarig ytelse.<\/p>\n<\/li>\n<li class=\"\" data-start=\"2608\" data-end=\"2674\">\n<p class=\"\" data-start=\"2610\" data-end=\"2674\"><strong data-start=\"2610\" data-end=\"2626\">Stempelkontakt:<\/strong> For \u00e5 indikere status for d\u00f8ren (lukket\/\u00e5pen).<\/p>\n<\/li>\n<li class=\"\" data-start=\"2675\" data-end=\"2727\">\n<p class=\"\" data-start=\"2677\" data-end=\"2727\"><strong data-start=\"2677\" data-end=\"2693\">Slagsikker:<\/strong> Forhindrer uautorisert manipulasjon.<\/p>\n<\/li>\n<li class=\"\" data-start=\"2728\" data-end=\"2787\">\n<p class=\"\" data-start=\"2730\" data-end=\"2787\"><strong data-start=\"2730\" data-end=\"2742\">Vendbar:<\/strong> Passer b\u00e5de h\u00f8yre og venstre d\u00f8rer.<\/p>\n<\/li>\n<li class=\"\" data-start=\"2788\" data-end=\"2866\">\n<p class=\"\" data-start=\"2790\" data-end=\"2866\"><strong data-start=\"2790\" data-end=\"2805\">Beskyttelsesdiode:<\/strong> Innebygd beskyttelsesdiode for \u00e5 forhindre skade p\u00e5 elektronikken.<\/p>\n<\/li>\n<\/ul>\n<p class=\"\" data-start=\"2868\" data-end=\"3159\"><strong data-start=\"2868\" data-end=\"2886\">Kompatibilitet:<\/strong> Elektrisk endeplate ST401 STEP 40 Preload Reverse passer begge <strong data-start=\"2940\" data-end=\"2955\">enfl\u00f8yet l\u00e5s<\/strong> og <strong data-start=\"2960\" data-end=\"2976\">tofl\u00f8yet l\u00e5s<\/strong>, og kan monteres p\u00e5 b\u00e5de h\u00f8yre- og venstrehengte d\u00f8rer.<\/p>\n<p class=\"\" data-start=\"2868\" data-end=\"3159\">Den er spesielt nyttig for d\u00f8rer med normale sikkerhetskrav og for applikasjoner der det kreves h\u00f8y \u00e5pningsfrekvens.<\/p>\n<p class=\"\" data-start=\"3161\" data-end=\"3184\"><strong data-start=\"3161\" data-end=\"3184\">Str\u00f8mkrav:<\/strong><\/p>\n<ul data-start=\"3185\" data-end=\"3354\">\n<li class=\"\" data-start=\"3185\" data-end=\"3229\">\n<p class=\"\" data-start=\"3187\" data-end=\"3229\"><strong data-start=\"3187\" data-end=\"3200\">Spenning:<\/strong> 12V eller 24V DC \u00b115 % -10 %<\/p>\n<\/li>\n<li class=\"\" data-start=\"3230\" data-end=\"3285\">\n<p class=\"\" data-start=\"3232\" data-end=\"3285\"><strong data-start=\"3232\" data-end=\"3253\">Str\u00f8mforbruk:<\/strong> 110 mAh ved 24V DC (maks 300 mA)<\/p>\n<\/li>\n<li class=\"\" data-start=\"3286\" data-end=\"3354\">\n<p class=\"\" data-start=\"3288\" data-end=\"3354\"><strong data-start=\"3288\" data-end=\"3304\">Stempelkontakt:<\/strong> Mikrobryter, enpolet utskiftbar, maks. 30V DC, 1A<\/p>\n<\/li>\n<\/ul>","protected":false},"excerpt":{"rendered":"<p>Elektrisk sluttplate ST401 STEP 40 Preload Reverse 24V med stripetrykkteknologi, stempelkontakt og h\u00f8y bruddstyrke (1200 kg).<\/p>\n<p>Omvendt funksjon og h\u00f8y driftssikkerhet for d\u00f8rer med normale sikkerhetskrav.<\/p>","protected":false},"featured_media":137563,"template":"","meta":{"_acf_changed":false},"product_brand":[],"product_cat":[3355],"product_tag":[4197,4201],"class_list":{"0":"post-92839","1":"product","2":"type-product","3":"status-publish","4":"has-post-thumbnail","6":"product_cat-elslutbleck","7":"product_tag-24v","8":"product_tag-omvand","9":"product_shipping_class-tunga-paket","10":"pa_brands-step","11":"tm-no-options","13":"first","14":"instock","15":"sale","16":"taxable","17":"shipping-taxable","18":"purchasable","19":"product-type-simple"},"acf":[],"_links":{"self":[{"href":"https:\/\/secureus.se\/no\/wp-json\/wp\/v2\/product\/92839","targetHints":{"allow":["GET"]}}],"collection":[{"href":"https:\/\/secureus.se\/no\/wp-json\/wp\/v2\/product"}],"about":[{"href":"https:\/\/secureus.se\/no\/wp-json\/wp\/v2\/types\/product"}],"wp:featuredmedia":[{"embeddable":true,"href":"https:\/\/secureus.se\/no\/wp-json\/wp\/v2\/media\/137563"}],"wp:attachment":[{"href":"https:\/\/secureus.se\/no\/wp-json\/wp\/v2\/media?parent=92839"}],"wp:term":[{"taxonomy":"product_brand","embeddable":true,"href":"https:\/\/secureus.se\/no\/wp-json\/wp\/v2\/product_brand?post=92839"},{"taxonomy":"product_cat","embeddable":true,"href":"https:\/\/secureus.se\/no\/wp-json\/wp\/v2\/product_cat?post=92839"},{"taxonomy":"product_tag","embeddable":true,"href":"https:\/\/secureus.se\/no\/wp-json\/wp\/v2\/product_tag?post=92839"}],"curies":[{"name":"wp","href":"https:\/\/api.w.org\/{rel}","templated":true}]}}