{"id":92843,"date":"2024-06-16T23:12:01","date_gmt":"2024-06-16T21:12:01","guid":{"rendered":"https:\/\/secureus.se\/?post_type=product&#038;p=92843"},"modified":"2026-02-20T11:47:07","modified_gmt":"2026-02-20T10:47:07","slug":"elslutbleck-step-60-st600-silent-24v","status":"publish","type":"product","link":"https:\/\/secureus.se\/no\/elslutbleck-step-60-st600-silent-24v\/","title":{"rendered":"Elektrisk termineringsplate STEP 60 ST600 Silent 24V"},"content":{"rendered":"<h1>Elektrisk sluttstykke STEP 60 ST600 Silent 24V \u2013 Riktig funksjon<\/h1>\n<p class=\"\" data-start=\"734\" data-end=\"1156\">STEP 60 Silent 24V elektrisk sluttstykke er en del av STEPs Silent-serie og tilbyr en unik l\u00f8sning for d\u00f8rer som krever b\u00e5de h\u00f8y sikkerhet og lavt st\u00f8yniv\u00e5.<\/p>\n<p class=\"\" data-start=\"734\" data-end=\"1156\">Den patenterte <strong data-start=\"900\" data-end=\"924\">STEP Stilleg\u00e5ende teknologi<\/strong> s\u00f8rger for at d\u00f8ren \u00e5pnes og lukkes med en <strong data-start=\"974\" data-end=\"988\">myk gange<\/strong> og nesten <strong data-start=\"1000\" data-end=\"1020\">stille funksjon<\/strong>, noe som gj\u00f8r den perfekt for bruk i milj\u00f8er hvor redusert st\u00f8yniv\u00e5 er \u00f8nskelig, som kontorer, skoler, sykehus og leilighetsbygg.<\/p>\n<p class=\"\" data-start=\"1158\" data-end=\"1547\">Med en <strong data-start=\"1165\" data-end=\"1203\">bruddstyrke p\u00e5 1600 kg (16 kN)<\/strong> og en <strong data-start=\"1211\" data-end=\"1244\">stripetrykkkapasitet p\u00e5 100 kg<\/strong>, STEP 60 Silent garanterer en robust og sikker l\u00f8sning for d\u00f8rer som er utsatt for trykk eller hindringer, som sn\u00f8 eller grus ved d\u00f8r\u00e5pningen.<\/p>\n<p class=\"\" data-start=\"1158\" data-end=\"1547\">Den er utstyrt med en <strong data-start=\"1407\" data-end=\"1422\">stempelkontakt<\/strong> som indikerer om d\u00f8ren er lukket og l\u00e5st eller \u00e5pen og ul\u00e5st, noe som gj\u00f8r den til et p\u00e5litelig valg for d\u00f8roverv\u00e5king.<\/p>\n<p class=\"\" data-start=\"1549\" data-end=\"1905\">Den elektriske sluttplaten er <strong data-start=\"1566\" data-end=\"1599\">sertifisert for brannmotstand<\/strong> If\u00f8lge <strong data-start=\"1607\" data-end=\"1625\">klasse E\/EI 120<\/strong>, som betyr at den er godkjent for bruk i brannseksjonsskilled\u00f8rer i bygg med h\u00f8ye brannkrav.<\/p>\n<p class=\"\" data-start=\"1549\" data-end=\"1905\">Den er ogs\u00e5 designet for \u00e5 brukes i kombinasjon med <strong data-start=\"1791\" data-end=\"1806\">enfl\u00f8yet l\u00e5s<\/strong> eller <strong data-start=\"1813\" data-end=\"1829\">tofl\u00f8yet l\u00e5s<\/strong>, noe som gj\u00f8r den allsidig og tilpasningsdyktig for ulike d\u00f8rapplikasjoner.<\/p>\n<p class=\"\" data-start=\"1907\" data-end=\"1937\"><strong data-start=\"1907\" data-end=\"1937\">N\u00f8kkelfunksjoner og fordeler:<\/strong><\/p>\n<ul data-start=\"1938\" data-end=\"2645\">\n<li class=\"\" data-start=\"1938\" data-end=\"2035\">\n<p class=\"\" data-start=\"1940\" data-end=\"2035\"><strong data-start=\"1940\" data-end=\"1963\">Myk og rolig l\u00f8ping:<\/strong> Patentert STEP Silent-teknologi gir nesten lydl\u00f8s \u00e5pning og lukking.<\/p>\n<\/li>\n<li data-start=\"1938\" data-end=\"2035\"><strong>H\u00f8yrevendt funksjon<\/strong><\/li>\n<li class=\"\" data-start=\"2036\" data-end=\"2155\">\n<p class=\"\" data-start=\"2038\" data-end=\"2155\"><strong data-start=\"2038\" data-end=\"2057\">H\u00f8y bruddstyrke:<\/strong> T\u00e5ler opptil 1600 kg (16 kN), og gir robust sikkerhet for d\u00f8rer utsatt for stress.<\/p>\n<\/li>\n<li class=\"\" data-start=\"2156\" data-end=\"2261\">\n<p class=\"\" data-start=\"2158\" data-end=\"2261\"><strong data-start=\"2158\" data-end=\"2175\">Brann godkjent:<\/strong> Sertifisert for brannmotstand i henhold til E\/EI 120, egnet for brannseksjonsskilled\u00f8rer.<\/p>\n<\/li>\n<li class=\"\" data-start=\"2262\" data-end=\"2356\">\n<p class=\"\" data-start=\"2264\" data-end=\"2356\"><strong data-start=\"2264\" data-end=\"2285\">Listeutskriftsteknologi:<\/strong> T\u00e5ler trykk p\u00e5 opptil 100 kg og \u00e5pner d\u00f8ren selv n\u00e5r det er hindringer.<\/p>\n<\/li>\n<li class=\"\" data-start=\"2357\" data-end=\"2487\">\n<p class=\"\" data-start=\"2359\" data-end=\"2487\"><strong data-start=\"2359\" data-end=\"2375\">Stempelkontakt:<\/strong> Gir indikasjon p\u00e5 d\u00f8r lukket\/\u00e5pen og l\u00e5st\/ul\u00e5st, noe som gj\u00f8r den ideell for sikkerhetsoverv\u00e5king.<\/p>\n<\/li>\n<li class=\"\" data-start=\"2488\" data-end=\"2569\">\n<p class=\"\" data-start=\"2490\" data-end=\"2569\"><strong data-start=\"2490\" data-end=\"2515\">Lavt str\u00f8mforbruk:<\/strong> Maks 250 mA ved 24V DC, noe som gj\u00f8r den energieffektiv.<\/p>\n<\/li>\n<li class=\"\" data-start=\"2570\" data-end=\"2645\">\n<p class=\"\" data-start=\"2572\" data-end=\"2645\"><strong data-start=\"2572\" data-end=\"2599\">Beskyttelse mot manipulasjon:<\/strong> Inngrepssikker og beskyttet mot uautorisert tilgang.<\/p>\n<\/li>\n<\/ul>\n<p class=\"\" data-start=\"2647\" data-end=\"2969\"><strong data-start=\"2647\" data-end=\"2665\">Kompatibilitet:<\/strong> STEP 60 Silent elektrisk sluttstykke er designet for bruk med begge <strong data-start=\"2729\" data-end=\"2744\">enfl\u00f8yet l\u00e5s<\/strong> og <strong data-start=\"2749\" data-end=\"2765\">tofl\u00f8yet l\u00e5s<\/strong>, noe som gj\u00f8r den tilpassbar til en rekke forskjellige d\u00f8rsystemer.<\/p>\n<p class=\"\" data-start=\"2647\" data-end=\"2969\">Det er det ogs\u00e5 <strong data-start=\"2840\" data-end=\"2852\">reversible<\/strong> for b\u00e5de h\u00f8yre- og venstred\u00f8rer og er utstyrt med en <strong data-start=\"2917\" data-end=\"2945\">5 meter halogenfri kabel<\/strong> for enkel installasjon.<\/p>\n<p class=\"\" data-start=\"2971\" data-end=\"2994\"><strong data-start=\"2971\" data-end=\"2994\">Str\u00f8mkrav:<\/strong><\/p>\n<ul data-start=\"2995\" data-end=\"3156\">\n<li class=\"\" data-start=\"2995\" data-end=\"3039\">\n<p class=\"\" data-start=\"2997\" data-end=\"3039\"><strong data-start=\"2997\" data-end=\"3010\">Spenning:<\/strong> 12V eller 24V DC \u00b115 % -10 %<\/p>\n<\/li>\n<li class=\"\" data-start=\"3040\" data-end=\"3099\">\n<p class=\"\" data-start=\"3042\" data-end=\"3099\"><strong data-start=\"3042\" data-end=\"3063\">Str\u00f8mforbruk:<\/strong> Maks 250 mA ved 24V DC, 121 mA ul\u00e5st<\/p>\n<\/li>\n<li class=\"\" data-start=\"3100\" data-end=\"3156\">\n<p class=\"\" data-start=\"3102\" data-end=\"3156\"><strong data-start=\"3102\" data-end=\"3119\">Mikrobryter:<\/strong> Enpolet bytte, maks. 30V DC, 1A<\/p>\n<\/li>\n<\/ul>","protected":false},"excerpt":{"rendered":"<p>STEP 60 Silent 24V elektrisk sluttstykke gir en jevn og lydl\u00f8s drift, ideell for d\u00f8rer som brukes ofte p\u00e5 for eksempel kontorer, skoler og sykehus.<\/p>\n<p>H\u00f8y bruddstyrke (1600 kg) og branngodkjenning opptil E\/EI 120. Korrekt funksjon.<\/p>","protected":false},"featured_media":138005,"template":"","meta":{"_acf_changed":false},"product_brand":[],"product_cat":[3355],"product_tag":[4197,4200],"class_list":{"0":"post-92843","1":"product","2":"type-product","3":"status-publish","4":"has-post-thumbnail","6":"product_cat-elslutbleck","7":"product_tag-24v","8":"product_tag-rattvand","9":"product_shipping_class-tunga-paket","10":"pa_brands-step","11":"tm-no-options","13":"first","14":"instock","15":"sale","16":"taxable","17":"shipping-taxable","18":"purchasable","19":"product-type-simple"},"acf":[],"_links":{"self":[{"href":"https:\/\/secureus.se\/no\/wp-json\/wp\/v2\/product\/92843","targetHints":{"allow":["GET"]}}],"collection":[{"href":"https:\/\/secureus.se\/no\/wp-json\/wp\/v2\/product"}],"about":[{"href":"https:\/\/secureus.se\/no\/wp-json\/wp\/v2\/types\/product"}],"wp:featuredmedia":[{"embeddable":true,"href":"https:\/\/secureus.se\/no\/wp-json\/wp\/v2\/media\/138005"}],"wp:attachment":[{"href":"https:\/\/secureus.se\/no\/wp-json\/wp\/v2\/media?parent=92843"}],"wp:term":[{"taxonomy":"product_brand","embeddable":true,"href":"https:\/\/secureus.se\/no\/wp-json\/wp\/v2\/product_brand?post=92843"},{"taxonomy":"product_cat","embeddable":true,"href":"https:\/\/secureus.se\/no\/wp-json\/wp\/v2\/product_cat?post=92843"},{"taxonomy":"product_tag","embeddable":true,"href":"https:\/\/secureus.se\/no\/wp-json\/wp\/v2\/product_tag?post=92843"}],"curies":[{"name":"wp","href":"https:\/\/api.w.org\/{rel}","templated":true}]}}