{"id":92845,"date":"2024-06-16T23:12:01","date_gmt":"2024-06-16T21:12:01","guid":{"rendered":"https:\/\/secureus.se\/?post_type=product&#038;p=92845"},"modified":"2026-02-20T11:47:11","modified_gmt":"2026-02-20T10:47:11","slug":"elslutbleck-st90-step-90-preload-rattvand-24v","status":"publish","type":"product","link":"https:\/\/secureus.se\/no\/elslutbleck-st90-step-90-preload-rattvand-24v\/","title":{"rendered":"Elektrisk endeplate ST90 (TRINN 90 Forspenning) H\u00f8yrevendt 24V"},"content":{"rendered":"<h1>Elektrisk endeplate ST90 (TRINN 90 Forspenning) H\u00f8yrevendt 24V<\/h1>\n<p class=\"\" data-start=\"760\" data-end=\"1205\">Elektrisk sluttplate ST90 (STEP 90 Preload) Rettvinklet 24V er en del av STEPs Preload-serie og tilbyr en perfekt balanse mellom h\u00f8y sikkerhet, kompakte dimensjoner og en robust konstruksjon.<\/p>\n<p class=\"\" data-start=\"760\" data-end=\"1205\">Denne elektriske strikken er utstyrt med STEPs patenterte <strong data-start=\"987\" data-end=\"1007\">listetrykkteknikk<\/strong>, som gj\u00f8r at d\u00f8ren kan \u00e5pnes til tross for trykk p\u00e5 opptil <strong data-start=\"1066\" data-end=\"1076\">250 kg<\/strong>, som er perfekt for d\u00f8rer som er utsatt for overtrykk, grus eller sn\u00f8 ved terskelen, eller for d\u00f8rer som kan v\u00e6re litt skjeve.<\/p>\n<p class=\"\" data-start=\"1207\" data-end=\"1620\">Med en <strong data-start=\"1214\" data-end=\"1252\">bruddstyrke p\u00e5 1200 kg (12 kN)<\/strong>, STEP 90 Preload garanterer h\u00f8y sikkerhet, og den er testet for \u00e5 t\u00e5le opp til <strong data-start=\"1338\" data-end=\"1366\">1 500 000 \u00e5pningssykluser<\/strong>, noe som gj\u00f8r den til en langvarig og p\u00e5litelig l\u00f8sning for d\u00f8rer med h\u00f8y \u00e5pningsfrekvens.<\/p>\n<p class=\"\" data-start=\"1207\" data-end=\"1620\">Den er ogs\u00e5 utstyrt med <strong data-start=\"1490\" data-end=\"1512\">innebygd beskyttelsesdiode<\/strong>, som forhindrer skade p\u00e5 elektrisk utstyr, som kodel\u00e5ser eller kortlesere, under spenningstopper.<\/p>\n<p data-start=\"1207\" data-end=\"1620\">TRINN 90 Forh\u00e5ndsinnlasting er <strong data-start=\"1641\" data-end=\"1672\">brannklassifisert i henhold til E\/EI120<\/strong>, som betyr at den er sertifisert for brannmotstand i opptil 120 minutter, noe som gj\u00f8r den egnet for bruk i brannseksjonsskilled\u00f8rer.<\/p>\n<p data-start=\"1207\" data-end=\"1620\">Den kan brukes b\u00e5de i <strong data-start=\"1843\" data-end=\"1855\">rettferdig<\/strong> og <strong data-start=\"1860\" data-end=\"1870\">omvendt<\/strong> funksjon, som gir fleksibilitet for ulike installasjonsbehov og gj\u00f8r det enkelt \u00e5 tilpasse under installasjonen.<\/p>\n<p data-start=\"1207\" data-end=\"1620\">I tillegg er det <strong data-start=\"1999\" data-end=\"2011\">reversible<\/strong> passer til b\u00e5de h\u00f8yre- og venstrehengte d\u00f8rer, noe som gj\u00f8r installasjonen enda mer fleksibel.<\/p>\n<p class=\"\" data-start=\"2110\" data-end=\"2140\"><strong data-start=\"2110\" data-end=\"2140\">N\u00f8kkelfunksjoner og fordeler:<\/strong><\/p>\n<ul data-start=\"2141\" data-end=\"2915\">\n<li class=\"\" data-start=\"2141\" data-end=\"2241\">\n<p class=\"\" data-start=\"2143\" data-end=\"2241\"><strong data-start=\"2143\" data-end=\"2167\">Byttbar funksjon:<\/strong> B\u00e5de forover- og reversfunksjon for \u00e5 passe ulike installasjonsbehov.<\/p>\n<\/li>\n<li class=\"\" data-start=\"2242\" data-end=\"2383\">\n<p class=\"\" data-start=\"2244\" data-end=\"2383\"><strong data-start=\"2244\" data-end=\"2265\">Listeutskriftsteknologi:<\/strong> T\u00e5ler opptil 250 kg trykk uten \u00e5 p\u00e5virke portens funksjon, noe som gj\u00f8r den til et trygt valg i utsatte omgivelser.<\/p>\n<\/li>\n<li class=\"\" data-start=\"2384\" data-end=\"2503\">\n<p class=\"\" data-start=\"2386\" data-end=\"2503\"><strong data-start=\"2386\" data-end=\"2403\">Brann godkjent:<\/strong> Sertifisert for brannmotstand i henhold til E\/EI120, noe som gj\u00f8r den egnet for brannseksjonsskilled\u00f8rer.<\/p>\n<\/li>\n<li class=\"\" data-start=\"2504\" data-end=\"2604\">\n<p class=\"\" data-start=\"2506\" data-end=\"2604\"><strong data-start=\"2506\" data-end=\"2525\">H\u00f8y bruddstyrke:<\/strong> 1200 kg (12 kN), som gir sv\u00e6rt robust beskyttelse mot fysisk stress.<\/p>\n<\/li>\n<li class=\"\" data-start=\"2605\" data-end=\"2680\">\n<p class=\"\" data-start=\"2607\" data-end=\"2680\"><strong data-start=\"2607\" data-end=\"2634\">Beskyttelse mot manipulasjon:<\/strong> Inngrepssikker og beskyttet mot uautorisert tilgang.<\/p>\n<\/li>\n<li class=\"\" data-start=\"2681\" data-end=\"2791\">\n<p class=\"\" data-start=\"2683\" data-end=\"2791\"><strong data-start=\"2683\" data-end=\"2702\">Lang levetid:<\/strong> Fabrikktestet for opptil 1 500 000 \u00e5pningssykluser for \u00e5 sikre langsiktig drift.<\/p>\n<\/li>\n<li class=\"\" data-start=\"2792\" data-end=\"2915\">\n<p class=\"\" data-start=\"2794\" data-end=\"2915\"><strong data-start=\"2794\" data-end=\"2820\">Fleksibel installasjon:<\/strong> Passer b\u00e5de enkelt- og dobbeltl\u00e5s og er vendbar for h\u00f8yre- eller venstrehengte d\u00f8rer.<\/p>\n<\/li>\n<\/ul>\n<p class=\"\" data-start=\"2917\" data-end=\"3181\"><strong data-start=\"2917\" data-end=\"2935\">Kompatibilitet:<\/strong> Elektrisk sluttplate ST90 Preload er kompatibel med <strong data-start=\"2980\" data-end=\"2995\">enfl\u00f8yet l\u00e5s<\/strong> og <strong data-start=\"3000\" data-end=\"3016\">tofl\u00f8yet l\u00e5s<\/strong> og passer til d\u00f8rer med normale sikkerhetskrav.<\/p>\n<p class=\"\" data-start=\"2917\" data-end=\"3181\">Den er ogs\u00e5 designet for bruk i <strong data-start=\"3101\" data-end=\"3129\">branncelle-skilled\u00f8rer<\/strong> n\u00e5r den er installert med passende stolpe og l\u00e5sehus.<\/p>\n<p class=\"\" data-start=\"3183\" data-end=\"3206\"><strong data-start=\"3183\" data-end=\"3206\">Str\u00f8mkrav:<\/strong><\/p>\n<ul data-start=\"3207\" data-end=\"3363\">\n<li class=\"\" data-start=\"3207\" data-end=\"3251\">\n<p class=\"\" data-start=\"3209\" data-end=\"3251\"><strong data-start=\"3209\" data-end=\"3222\">Spenning:<\/strong> 12V eller 24V DC \u00b115 % -10 %<\/p>\n<\/li>\n<li class=\"\" data-start=\"3252\" data-end=\"3307\">\n<p class=\"\" data-start=\"3254\" data-end=\"3307\"><strong data-start=\"3254\" data-end=\"3275\">Str\u00f8mforbruk:<\/strong> 110 mAh ved 24V DC (maks 300 mA)<\/p>\n<\/li>\n<li class=\"\" data-start=\"3308\" data-end=\"3363\">\n<p class=\"\" data-start=\"3310\" data-end=\"3363\"><strong data-start=\"3310\" data-end=\"3327\">Mikrobryter:<\/strong> Enpolet bytte, maks. 30V DC, 1A<\/p>\n<\/li>\n<\/ul>","protected":false},"excerpt":{"rendered":"<p>Elektrisk sluttplate ST90 (STEP 90 Preload) R\u00e4ttv\u00e4nd 24V er en kompakt og kraftig elektrisk sluttplate med stripetrykkteknologi som kan h\u00e5ndtere opptil 250 kg trykk og 1200 kg bruddstyrke.<\/p>\n<p>Sertifisert for brannmotstand opp til E\/EI120, perfekt for h\u00f8yfrekvente d\u00f8rer.<\/p>","protected":false},"featured_media":137312,"template":"","meta":{"_acf_changed":false},"product_brand":[],"product_cat":[3355],"product_tag":[4197,4200],"class_list":{"0":"post-92845","1":"product","2":"type-product","3":"status-publish","4":"has-post-thumbnail","6":"product_cat-elslutbleck","7":"product_tag-24v","8":"product_tag-rattvand","9":"product_shipping_class-tunga-paket","10":"pa_brands-step","11":"tm-no-options","13":"first","14":"instock","15":"sale","16":"taxable","17":"shipping-taxable","18":"purchasable","19":"product-type-simple"},"acf":[],"_links":{"self":[{"href":"https:\/\/secureus.se\/no\/wp-json\/wp\/v2\/product\/92845","targetHints":{"allow":["GET"]}}],"collection":[{"href":"https:\/\/secureus.se\/no\/wp-json\/wp\/v2\/product"}],"about":[{"href":"https:\/\/secureus.se\/no\/wp-json\/wp\/v2\/types\/product"}],"wp:featuredmedia":[{"embeddable":true,"href":"https:\/\/secureus.se\/no\/wp-json\/wp\/v2\/media\/137312"}],"wp:attachment":[{"href":"https:\/\/secureus.se\/no\/wp-json\/wp\/v2\/media?parent=92845"}],"wp:term":[{"taxonomy":"product_brand","embeddable":true,"href":"https:\/\/secureus.se\/no\/wp-json\/wp\/v2\/product_brand?post=92845"},{"taxonomy":"product_cat","embeddable":true,"href":"https:\/\/secureus.se\/no\/wp-json\/wp\/v2\/product_cat?post=92845"},{"taxonomy":"product_tag","embeddable":true,"href":"https:\/\/secureus.se\/no\/wp-json\/wp\/v2\/product_tag?post=92845"}],"curies":[{"name":"wp","href":"https:\/\/api.w.org\/{rel}","templated":true}]}}