{"id":92849,"date":"2024-06-16T23:12:01","date_gmt":"2024-06-16T21:12:01","guid":{"rendered":"https:\/\/secureus.se\/?post_type=product&#038;p=92849"},"modified":"2026-02-20T11:47:04","modified_gmt":"2026-02-20T10:47:04","slug":"elslutbleck-40-st41-preload-omvand-24-vdc","status":"publish","type":"product","link":"https:\/\/secureus.se\/no\/elslutbleck-40-st41-preload-omvand-24-vdc\/","title":{"rendered":"Elektrisk endeplate 40 ST41 Forspenning Revers 24 Vdc"},"content":{"rendered":"<h1>Elektrisk endeplate 40 ST41 Forspenning Revers 24 Vdc<\/h1>\n<p class=\"\" data-start=\"702\" data-end=\"1123\">Elektrisk sluttstykke 40 ST41 Preload Reverse 24VDC fra STEP er en del av STEPs Preload-serie, som kombinerer minimale dimensjoner med meget h\u00f8y ytelse for d\u00f8rer med normale sikkerhetskrav.<\/p>\n<p class=\"\" data-start=\"702\" data-end=\"1123\">Den patenterte stripetrykkteknologien i STEP 40 lar det elektriske sluttstykket \u00e5pne selv om d\u00f8ren utsettes for trykk p\u00e5 opptil 250 kg, noe som gj\u00f8r den spesielt nyttig for d\u00f8rer som er utsatt for hindringer som grus, sn\u00f8 eller trykk fra en skjev d\u00f8r.<\/p>\n<p class=\"\" data-start=\"1125\" data-end=\"1476\">Denne modellen har en <strong data-start=\"1145\" data-end=\"1164\">omvendt funksjon<\/strong>, som betyr at d\u00f8ren l\u00e5ses opp i spenningsl\u00f8s tilstand, noe som gj\u00f8r den egnet for bruksomr\u00e5der hvor d\u00f8ren m\u00e5 l\u00e5ses opp i mangel av str\u00f8m, f.eks. i n\u00f8dssituasjoner.<\/p>\n<p class=\"\" data-start=\"1125\" data-end=\"1476\">Den innebygde <strong data-start=\"1352\" data-end=\"1368\">beskyttelsesdioden<\/strong> forhindrer skade p\u00e5 elektroniske komponenter, som kodel\u00e5ser eller kortlesere, ved mulige spenningstopper.<\/p>\n<p class=\"\" data-start=\"1478\" data-end=\"1777\">Den elektriske sluttplaten har en imponerende <strong data-start=\"1511\" data-end=\"1549\">bruddstyrke p\u00e5 1200 kg (12 kN)<\/strong> og er fabrikktestet for opptil 1 500 000 \u00e5pningssykluser, noe som gj\u00f8r den ekstremt holdbar og p\u00e5litelig selv i milj\u00f8er med h\u00f8y \u00e5pningsfrekvens.<\/p>\n<p class=\"\" data-start=\"1478\" data-end=\"1777\">I tillegg er den designet for \u00e5 motst\u00e5 manipulasjon, noe som gir \u00f8kt sikkerhet.<\/p>\n<p class=\"\" data-start=\"1779\" data-end=\"2066\">Det er det ogs\u00e5 <strong data-start=\"1792\" data-end=\"1803\">reversible<\/strong> passer til b\u00e5de h\u00f8yre- og venstrehengte d\u00f8rer, noe som gj\u00f8r monteringen enkel og fleksibel.<\/p>\n<p class=\"\" data-start=\"1779\" data-end=\"2066\">For ekstra fleksibilitet under installasjonen har den elektriske sluttplaten <strong data-start=\"1962\" data-end=\"1998\">skruehull for skr\u00e5 skruer<\/strong> i bakkant, noe som gj\u00f8r det lettere \u00e5 justere for n\u00f8yaktig posisjon.<\/p>\n<p class=\"\" data-start=\"2068\" data-end=\"2098\"><strong data-start=\"2068\" data-end=\"2098\">N\u00f8kkelfunksjoner og fordeler:<\/strong><\/p>\n<ul data-start=\"2099\" data-end=\"2804\">\n<li class=\"\" data-start=\"2099\" data-end=\"2214\">\n<p class=\"\" data-start=\"2101\" data-end=\"2214\"><strong data-start=\"2101\" data-end=\"2121\">Omvendt funksjon:<\/strong> L\u00e5st opp i str\u00f8ml\u00f8s modus, som er egnet for spesifikke bruksomr\u00e5der som n\u00f8dsituasjoner.<\/p>\n<\/li>\n<li class=\"\" data-start=\"2215\" data-end=\"2337\">\n<p class=\"\" data-start=\"2217\" data-end=\"2337\"><strong data-start=\"2217\" data-end=\"2238\">Listeutskriftsteknologi:<\/strong> Kan \u00e5pne d\u00f8ren til tross for trykk p\u00e5 opptil 250 kg, noe som forhindrer nedetid n\u00e5r det legges trykk p\u00e5 d\u00f8ren.<\/p>\n<\/li>\n<li class=\"\" data-start=\"2338\" data-end=\"2436\">\n<p class=\"\" data-start=\"2340\" data-end=\"2436\"><strong data-start=\"2340\" data-end=\"2364\">H\u00f8y bruddstyrke:<\/strong> 1200 kg (12 kN) for \u00e5 t\u00e5le stress og gi langsiktig sikkerhet.<\/p>\n<\/li>\n<li class=\"\" data-start=\"2437\" data-end=\"2538\">\n<p class=\"\" data-start=\"2439\" data-end=\"2538\"><strong data-start=\"2439\" data-end=\"2469\">Fabrikktestet holdbarhet:<\/strong> Testet i 1 500 000 sykluser for \u00e5 sikre langvarig ytelse.<\/p>\n<\/li>\n<li class=\"\" data-start=\"2539\" data-end=\"2619\">\n<p class=\"\" data-start=\"2541\" data-end=\"2619\"><strong data-start=\"2541\" data-end=\"2564\">Sabotasjebeskyttelse:<\/strong> Forhindrer uautorisert tilgang og forbedrer sikkerheten.<\/p>\n<\/li>\n<li class=\"\" data-start=\"2620\" data-end=\"2715\">\n<p class=\"\" data-start=\"2622\" data-end=\"2715\"><strong data-start=\"2622\" data-end=\"2647\">Reversibel installasjon:<\/strong> Passer b\u00e5de h\u00f8yre og venstre d\u00f8rer for enkel montering.<\/p>\n<\/li>\n<li class=\"\" data-start=\"2716\" data-end=\"2804\">\n<p class=\"\" data-start=\"2718\" data-end=\"2804\"><strong data-start=\"2718\" data-end=\"2733\">Beskyttelsesdiode:<\/strong> Innebygd beskyttelsesdiode for \u00e5 beskytte mot transienter og spenningstopper.<\/p>\n<\/li>\n<\/ul>\n<p class=\"\" data-start=\"2806\" data-end=\"3079\"><strong data-start=\"2806\" data-end=\"2824\">Kompatibilitet:<\/strong> Elektrisk sluttplate 40 ST41 Preload er kompatibel med b\u00e5de enkelt- og dobbeltl\u00e5ser og er designet for d\u00f8rer med normale sikkerhetskrav.<\/p>\n<p class=\"\" data-start=\"2806\" data-end=\"3079\">Dens funksjon gj\u00f8r den ideell for bruk i d\u00f8rer utsatt for trykk eller for d\u00f8rer med h\u00f8y \u00e5pningsfrekvens.<\/p>\n<p class=\"\" data-start=\"3081\" data-end=\"3104\"><strong data-start=\"3081\" data-end=\"3104\">Str\u00f8mkrav:<\/strong><\/p>\n<ul data-start=\"3105\" data-end=\"3271\">\n<li class=\"\" data-start=\"3105\" data-end=\"3149\">\n<p class=\"\" data-start=\"3107\" data-end=\"3149\"><strong data-start=\"3107\" data-end=\"3120\">Spenning:<\/strong> 12V eller 24V DC \u00b115 % -10 %<\/p>\n<\/li>\n<li class=\"\" data-start=\"3150\" data-end=\"3205\">\n<p class=\"\" data-start=\"3152\" data-end=\"3205\"><strong data-start=\"3152\" data-end=\"3173\">Str\u00f8mforbruk:<\/strong> 110 mAh ved 24V DC (maks 300 mA)<\/p>\n<\/li>\n<li class=\"\" data-start=\"3206\" data-end=\"3271\">\n<p class=\"\" data-start=\"3208\" data-end=\"3271\"><strong data-start=\"3208\" data-end=\"3223\">Beskyttelsesdiode:<\/strong> Innebygd beskyttelsesdiode for \u00e5 beskytte elektronikken.<\/p>\n<\/li>\n<\/ul>","protected":false},"excerpt":{"rendered":"<p>Elektrisk sluttplate 40 ST41 Preload Reverse 24VDC fra STEP tilbyr h\u00f8y sikkerhet og fleksibilitet med reversfunksjon og stripetrykkteknologi.<\/p>\n<p>T\u00e5ler opptil 250 kg trykk og 1200 kg bruddstyrke, perfekt for d\u00f8rer med normale sikkerhetskrav.<\/p>","protected":false},"featured_media":137069,"template":"","meta":{"_acf_changed":false},"product_brand":[],"product_cat":[3355],"product_tag":[4197,4202],"class_list":{"0":"post-92849","1":"product","2":"type-product","3":"status-publish","4":"has-post-thumbnail","6":"product_cat-elslutbleck","7":"product_tag-24v","8":"product_tag-omstallbar-rattvand-omvand","9":"product_shipping_class-tunga-paket","10":"pa_brands-step","11":"tm-no-options","13":"first","14":"instock","15":"sale","16":"taxable","17":"shipping-taxable","18":"purchasable","19":"product-type-simple"},"acf":[],"_links":{"self":[{"href":"https:\/\/secureus.se\/no\/wp-json\/wp\/v2\/product\/92849","targetHints":{"allow":["GET"]}}],"collection":[{"href":"https:\/\/secureus.se\/no\/wp-json\/wp\/v2\/product"}],"about":[{"href":"https:\/\/secureus.se\/no\/wp-json\/wp\/v2\/types\/product"}],"wp:featuredmedia":[{"embeddable":true,"href":"https:\/\/secureus.se\/no\/wp-json\/wp\/v2\/media\/137069"}],"wp:attachment":[{"href":"https:\/\/secureus.se\/no\/wp-json\/wp\/v2\/media?parent=92849"}],"wp:term":[{"taxonomy":"product_brand","embeddable":true,"href":"https:\/\/secureus.se\/no\/wp-json\/wp\/v2\/product_brand?post=92849"},{"taxonomy":"product_cat","embeddable":true,"href":"https:\/\/secureus.se\/no\/wp-json\/wp\/v2\/product_cat?post=92849"},{"taxonomy":"product_tag","embeddable":true,"href":"https:\/\/secureus.se\/no\/wp-json\/wp\/v2\/product_tag?post=92849"}],"curies":[{"name":"wp","href":"https:\/\/api.w.org\/{rel}","templated":true}]}}