{"id":92851,"date":"2024-06-16T23:12:01","date_gmt":"2024-06-16T21:12:01","guid":{"rendered":"https:\/\/secureus.se\/?post_type=product&#038;p=92851"},"modified":"2026-03-26T11:35:07","modified_gmt":"2026-03-26T10:35:07","slug":"elslutbleck-st925-step-92-preload","status":"publish","type":"product","link":"https:\/\/secureus.se\/no\/elslutbleck-st925-step-92-preload\/","title":{"rendered":"Elektrisk endeplate ST925 (TRINN 92 Forspenning)"},"content":{"rendered":"<h1>Elektrisk endeplate ST925 (TRINN 92 Forspenning)<\/h1>\n<p class=\"\" data-start=\"710\" data-end=\"1125\">Elektrisk lukkeplate ST925 (STEP 92 Preload) er en avansert l\u00f8sning for d\u00f8rer som krever h\u00f8y sikkerhet og fleksibilitet.<\/p>\n<p class=\"\" data-start=\"710\" data-end=\"1125\">Med en omskiftbar forover-bakover-funksjon kan ST925 tilpasses mange forskjellige d\u00f8rapplikasjoner.<\/p>\n<p class=\"\" data-start=\"710\" data-end=\"1125\">Den er spesielt nyttig for d\u00f8rer med doble l\u00e5ser, der den elektriske l\u00e5sen er separat p\u00e5 hver l\u00e5se, slik at d\u00f8ren kan brukes med automatiske d\u00f8rer eller trekkh\u00e5ndtak.<\/p>\n<p class=\"\" data-start=\"1127\" data-end=\"1614\">En av de mest fremtredende egenskapene til ST925 er dens <strong data-start=\"1179\" data-end=\"1199\">branngodkjenning<\/strong> If\u00f8lge <strong data-start=\"1207\" data-end=\"1225\">klasse E\/EI 120<\/strong>, som betyr at den er sertifisert for \u00e5 t\u00e5le brann i en periode p\u00e5 opptil 120 minutter.<\/p>\n<p class=\"\" data-start=\"1127\" data-end=\"1614\">Dette gj\u00f8r den elektriske lukkeplaten til en perfekt l\u00f8sning for bygninger hvor brannkrav er avgj\u00f8rende, samtidig som den kan integreres med d\u00f8rautomatikk for enkel \u00e5pning i en n\u00f8dssituasjon.<\/p>\n<p class=\"\" data-start=\"1127\" data-end=\"1614\">Den kan til og med \u00e5pnes via brannalarm, noe som muliggj\u00f8r kontrollert gjeninnkvartering.<\/p>\n<p class=\"\" data-start=\"1616\" data-end=\"2016\">TRINN 92 Preload er ogs\u00e5 utstyrt med <strong data-start=\"1654\" data-end=\"1674\">listetrykkteknikk<\/strong>, som betyr at den kan \u00e5pnes selv n\u00e5r d\u00f8ren utsettes for et trykk p\u00e5 opptil 250 kg (2,5 kN).<\/p>\n<p class=\"\" data-start=\"1616\" data-end=\"2016\">Dette er en stor fordel i milj\u00f8er hvor d\u00f8ren utsettes for trykk, for eksempel p\u00e5 grunn av overtrykk i bygget, sn\u00f8 eller grus som blokkerer d\u00f8r\u00e5pningen, eller skjeve d\u00f8rer.<\/p>\n<p class=\"\" data-start=\"1616\" data-end=\"2016\">Denne funksjonen sikrer p\u00e5litelig drift uten avbrudd.<\/p>\n<p class=\"\" data-start=\"2018\" data-end=\"2304\">ST925 er ogs\u00e5 bygget for \u00e5 t\u00e5le ekstreme p\u00e5kjenninger, med en bruddstyrke p\u00e5 100 % <strong data-start=\"2107\" data-end=\"2126\">1200 kg (12 kN)<\/strong> og holdbarhet som er testet for \u00e5 vare <strong data-start=\"2172\" data-end=\"2192\">1 500 000 sykluser<\/strong>.<\/p>\n<p class=\"\" data-start=\"2018\" data-end=\"2304\">I tillegg har den en <strong data-start=\"2215\" data-end=\"2249\">innebygd beskyttelse mot tukling<\/strong>, som gir ekstra sikkerhet mot uautorisert tilgang.<\/p>\n<p class=\"\" data-start=\"2306\" data-end=\"2336\"><strong data-start=\"2306\" data-end=\"2336\">N\u00f8kkelfunksjoner og fordeler:<\/strong><\/p>\n<ul data-start=\"2337\" data-end=\"2974\">\n<li class=\"\" data-start=\"2337\" data-end=\"2442\">\n<p class=\"\" data-start=\"2339\" data-end=\"2442\"><strong data-start=\"2339\" data-end=\"2363\">Byttbar funksjon:<\/strong> B\u00e5de forover- og reversfunksjon for tilpasning til ulike d\u00f8rapplikasjoner.<\/p>\n<\/li>\n<li class=\"\" data-start=\"2443\" data-end=\"2581\">\n<p class=\"\" data-start=\"2445\" data-end=\"2581\"><strong data-start=\"2445\" data-end=\"2473\">Branngodkjent (E\/EI 120):<\/strong> Sertifisert for brannmotstand i opptil 120 minutter, noe som gj\u00f8r den ideell for bygninger med brannkrav.<\/p>\n<\/li>\n<li class=\"\" data-start=\"2582\" data-end=\"2670\">\n<p class=\"\" data-start=\"2584\" data-end=\"2670\"><strong data-start=\"2584\" data-end=\"2605\">Listeutskriftsteknologi:<\/strong> T\u00e5ler trykk p\u00e5 opptil 250 kg uten \u00e5 forstyrre portens funksjon.<\/p>\n<\/li>\n<li class=\"\" data-start=\"2671\" data-end=\"2770\">\n<p class=\"\" data-start=\"2673\" data-end=\"2770\"><strong data-start=\"2673\" data-end=\"2697\">H\u00f8y bruddstyrke:<\/strong> 1200 kg (12 kN) for \u00e5 t\u00e5le fysisk stress og manipulasjon.<\/p>\n<\/li>\n<li class=\"\" data-start=\"2771\" data-end=\"2889\">\n<p class=\"\" data-start=\"2773\" data-end=\"2889\"><strong data-start=\"2773\" data-end=\"2798\">Allsidig bruk:<\/strong> Passer d\u00f8rer med doble l\u00e5sebolter, inkludert systemer som Connect, Modul og Smalprofil-serien.<\/p>\n<\/li>\n<li class=\"\" data-start=\"2890\" data-end=\"2974\">\n<p class=\"\" data-start=\"2892\" data-end=\"2974\"><strong data-start=\"2892\" data-end=\"2912\">D\u00f8roverv\u00e5king:<\/strong> Stempelbryter for \u00e5 indikere om d\u00f8ren er lukket eller \u00e5pen.<\/p>\n<\/li>\n<\/ul>\n<p class=\"\" data-start=\"2976\" data-end=\"3287\"><strong data-start=\"2976\" data-end=\"2994\">Kompatibilitet:<\/strong> Elektrisk endeplate ST925 er kompatibel med l\u00e5shus for <strong data-start=\"3043\" data-end=\"3059\">tofl\u00f8yet l\u00e5s<\/strong> i Connect, Module og Slim Profile-serien, noe som gj\u00f8r den til et allsidig valg for installasjon i en rekke bruksomr\u00e5der.<\/p>\n<p class=\"\" data-start=\"2976\" data-end=\"3287\">Den er vendbar for b\u00e5de h\u00f8yre- og venstrehengte d\u00f8rer, noe som gir fleksibilitet i installasjonen.<\/p>\n<p class=\"\" data-start=\"3289\" data-end=\"3312\"><strong data-start=\"3289\" data-end=\"3312\">Str\u00f8mkrav:<\/strong><\/p>\n<ul data-start=\"3313\" data-end=\"3481\">\n<li class=\"\" data-start=\"3313\" data-end=\"3357\">\n<p class=\"\" data-start=\"3315\" data-end=\"3357\"><strong data-start=\"3315\" data-end=\"3328\">Spenning:<\/strong> 12V eller 24V DC \u00b115 % -10 %<\/p>\n<\/li>\n<li class=\"\" data-start=\"3358\" data-end=\"3413\">\n<p class=\"\" data-start=\"3360\" data-end=\"3413\"><strong data-start=\"3360\" data-end=\"3381\">Str\u00f8mforbruk:<\/strong> 110 mAh ved 24V DC (maks 300 mA)<\/p>\n<\/li>\n<li class=\"\" data-start=\"3414\" data-end=\"3481\">\n<p class=\"\" data-start=\"3416\" data-end=\"3481\"><strong data-start=\"3416\" data-end=\"3432\">Stempelkontakt:<\/strong> Mikrobryter, enpolet utskiftbar, maks 30 V DC, 1A<\/p>\n<\/li>\n<\/ul>","protected":false},"excerpt":{"rendered":"<p>Elektrisk sluttplate ST925 (STEP 92 Preload) fra STEP er en branngodkjent elektrisk sluttplate for tofl\u00f8yede l\u00e5ser med justerbar funksjon, 250 kg listtrykk og h\u00f8y bruddstyrke (1200 kg).<\/p>\n<p>Perfekt for d\u00f8rer med automatiske d\u00f8r\u00e5pnere eller trekkh\u00e5ndtak.<\/p>","protected":false},"featured_media":137289,"template":"","meta":{"_acf_changed":false},"product_brand":[],"product_cat":[3355],"product_tag":[4197,4202],"class_list":{"0":"post-92851","1":"product","2":"type-product","3":"status-publish","4":"has-post-thumbnail","6":"product_cat-elslutbleck","7":"product_tag-24v","8":"product_tag-omstallbar-rattvand-omvand","9":"product_shipping_class-tunga-paket","10":"pa_brands-step","11":"tm-no-options","13":"first","14":"instock","15":"sale","16":"taxable","17":"shipping-taxable","18":"purchasable","19":"product-type-simple"},"acf":[],"_links":{"self":[{"href":"https:\/\/secureus.se\/no\/wp-json\/wp\/v2\/product\/92851","targetHints":{"allow":["GET"]}}],"collection":[{"href":"https:\/\/secureus.se\/no\/wp-json\/wp\/v2\/product"}],"about":[{"href":"https:\/\/secureus.se\/no\/wp-json\/wp\/v2\/types\/product"}],"wp:featuredmedia":[{"embeddable":true,"href":"https:\/\/secureus.se\/no\/wp-json\/wp\/v2\/media\/137289"}],"wp:attachment":[{"href":"https:\/\/secureus.se\/no\/wp-json\/wp\/v2\/media?parent=92851"}],"wp:term":[{"taxonomy":"product_brand","embeddable":true,"href":"https:\/\/secureus.se\/no\/wp-json\/wp\/v2\/product_brand?post=92851"},{"taxonomy":"product_cat","embeddable":true,"href":"https:\/\/secureus.se\/no\/wp-json\/wp\/v2\/product_cat?post=92851"},{"taxonomy":"product_tag","embeddable":true,"href":"https:\/\/secureus.se\/no\/wp-json\/wp\/v2\/product_tag?post=92851"}],"curies":[{"name":"wp","href":"https:\/\/api.w.org\/{rel}","templated":true}]}}