{"id":92853,"date":"2024-06-16T23:12:01","date_gmt":"2024-06-16T21:12:01","guid":{"rendered":"https:\/\/secureus.se\/?post_type=product&#038;p=92853"},"modified":"2026-02-20T11:43:32","modified_gmt":"2026-02-20T10:43:32","slug":"elslutbleck-st405-step-40-preload","status":"publish","type":"product","link":"https:\/\/secureus.se\/no\/elslutbleck-st405-step-40-preload\/","title":{"rendered":"Elektrisk endeplate ST405 TRINN 40 Forspenning"},"content":{"rendered":"<h1>Elektrisk endeplate ST405 TRINN 40 Forspenning<\/h1>\n<p class=\"\" data-start=\"719\" data-end=\"1214\">Elektrisk sluttplate ST405 (STEP 40 Preload) er en del av STEPs Preload-serie og tilbyr en kombinasjon av minimale dimensjoner og h\u00f8y ytelse, noe som gj\u00f8r den ideell for dagl\u00e5sing p\u00e5 d\u00f8rer med normale sikkerhetskrav.<\/p>\n<p class=\"\" data-start=\"719\" data-end=\"1214\">Denne elektriske sluttplaten er utstyrt med STEPs patenterte stripetrykkteknologi, som betyr at den kan \u00e5pne d\u00f8rer utsatt for trykk p\u00e5 opptil 250 kg (2,5 kN).<\/p>\n<p class=\"\" data-start=\"719\" data-end=\"1214\">Dette er spesielt nyttig for d\u00f8rer som utsettes for overtrykk i bygninger eller n\u00e5r grus eller sn\u00f8 blokkerer d\u00f8r\u00e5pningen.<\/p>\n<p class=\"\" data-start=\"1216\" data-end=\"1647\">STEP 40 Preload er ogs\u00e5 sv\u00e6rt p\u00e5litelig og testet for \u00e5 takle en h\u00f8y \u00e5pningsfrekvens. Den har en bruddstyrke p\u00e5 1 200 kg (12 kN), noe som gj\u00f8r den robust nok til \u00e5 t\u00e5le store belastninger og er testet for \u00e5 t\u00e5le opptil 1 500 000 \u00e5pningssykluser.<\/p>\n<p class=\"\" data-start=\"1216\" data-end=\"1647\">Dens patenterte teknologi og det lave str\u00f8mforbruket p\u00e5 kun 110 mAh ved 24V gj\u00f8r den til en energieffektiv l\u00f8sning som gir langtidsbruk uten nedetid.<\/p>\n<p class=\"\" data-start=\"1649\" data-end=\"2049\">En av de mest fleksible funksjonene til ST405 er dens byttefunksjon.<\/p>\n<p class=\"\" data-start=\"1649\" data-end=\"2049\">Den kan brukes b\u00e5de forover og bakover (l\u00e5st eller ul\u00e5st n\u00e5r str\u00f8ml\u00f8s), noe som gj\u00f8r det enkelt \u00e5 tilpasse den elektriske lukkeplaten under installasjonen for \u00e5 passe til spesifikke d\u00f8rkrav.<\/p>\n<p class=\"\" data-start=\"1649\" data-end=\"2049\">I tillegg er den vendbar for \u00e5 montere b\u00e5de h\u00f8yre- og venstrehengte d\u00f8rer, noe som gj\u00f8r monteringen enda enklere og mer fleksibel.<\/p>\n<p class=\"\" data-start=\"2051\" data-end=\"2351\">Den elektriske endeplaten leveres med stempelkontakt, som gj\u00f8r det mulig \u00e5 indikere om d\u00f8ren er lukket eller \u00e5pen, noe som kan v\u00e6re nyttig for d\u00f8roverv\u00e5king.<\/p>\n<p class=\"\" data-start=\"2051\" data-end=\"2351\">Den innebygde beskyttelsesdioden forhindrer skade p\u00e5 det elektriske utstyret, som kodel\u00e5ser eller kortlesere, ved potensielle spenningstopper.<\/p>\n<p class=\"\" data-start=\"2353\" data-end=\"2383\"><strong data-start=\"2353\" data-end=\"2383\">N\u00f8kkelfunksjoner og fordeler:<\/strong><\/p>\n<ul data-start=\"2384\" data-end=\"2907\">\n<li class=\"\" data-start=\"2384\" data-end=\"2467\">\n<p class=\"\" data-start=\"2386\" data-end=\"2467\"><strong data-start=\"2386\" data-end=\"2410\">Byttbar funksjon:<\/strong> B\u00e5de forover- og bakoverfunksjon for \u00f8kt fleksibilitet.<\/p>\n<\/li>\n<li class=\"\" data-start=\"2468\" data-end=\"2537\">\n<p class=\"\" data-start=\"2470\" data-end=\"2537\"><strong data-start=\"2470\" data-end=\"2491\">Listeutskriftsteknologi:<\/strong> \u00c5pner d\u00f8ren til tross for trykk p\u00e5 opptil 250 kg.<\/p>\n<\/li>\n<li class=\"\" data-start=\"2538\" data-end=\"2688\">\n<p class=\"\" data-start=\"2540\" data-end=\"2688\"><strong data-start=\"2540\" data-end=\"2564\">H\u00f8y bruddstyrke:<\/strong> T\u00e5ler opptil 1200 kg (12 kN), noe som gj\u00f8r den til et robust alternativ for d\u00f8rer som utsettes for tung belastning.<\/p>\n<\/li>\n<li class=\"\" data-start=\"2689\" data-end=\"2756\">\n<p class=\"\" data-start=\"2691\" data-end=\"2756\"><strong data-start=\"2691\" data-end=\"2710\">H\u00f8y holdbarhet:<\/strong> Testet for opptil 1 500 000 \u00e5pningssykluser.<\/p>\n<\/li>\n<li class=\"\" data-start=\"2757\" data-end=\"2840\">\n<p class=\"\" data-start=\"2759\" data-end=\"2840\"><strong data-start=\"2759\" data-end=\"2785\">Beskyttelse mot transienter:<\/strong> Innebygd beskyttelsesdiode for \u00e5 beskytte mot spenningstopper.<\/p>\n<\/li>\n<li class=\"\" data-start=\"2841\" data-end=\"2907\">\n<p class=\"\" data-start=\"2843\" data-end=\"2907\"><strong data-start=\"2843\" data-end=\"2862\">Vendbar design:<\/strong> Passer b\u00e5de h\u00f8yre og venstre d\u00f8rer.<\/p>\n<\/li>\n<\/ul>\n<p class=\"\" data-start=\"2909\" data-end=\"3191\"><strong data-start=\"2909\" data-end=\"2927\">Kompatibilitet:<\/strong> Elektrisk sluttstykke ST405 (STEP 40 Preload) er kompatibel med b\u00e5de enkle og doble l\u00e5sebolter, noe som gj\u00f8r den nyttig for en rekke d\u00f8rapplikasjoner.<\/p>\n<p class=\"\" data-start=\"2909\" data-end=\"3191\">I tillegg passer den for d\u00f8rer med normale sikkerhetskrav og kan monteres p\u00e5 b\u00e5de h\u00f8yre- og venstrehengte d\u00f8rer.<\/p>\n<p class=\"\" data-start=\"3193\" data-end=\"3216\"><strong data-start=\"3193\" data-end=\"3216\">Str\u00f8mkrav:<\/strong><\/p>\n<ul data-start=\"3217\" data-end=\"3385\">\n<li class=\"\" data-start=\"3217\" data-end=\"3261\">\n<p class=\"\" data-start=\"3219\" data-end=\"3261\"><strong data-start=\"3219\" data-end=\"3232\">Spenning:<\/strong> 12V eller 24V DC \u00b115 % -10 %<\/p>\n<\/li>\n<li class=\"\" data-start=\"3262\" data-end=\"3317\">\n<p class=\"\" data-start=\"3264\" data-end=\"3317\"><strong data-start=\"3264\" data-end=\"3285\">Str\u00f8mforbruk:<\/strong> 110 mAh ved 24V DC (maks 300 mA)<\/p>\n<\/li>\n<li class=\"\" data-start=\"3318\" data-end=\"3385\">\n<p class=\"\" data-start=\"3320\" data-end=\"3385\"><strong data-start=\"3320\" data-end=\"3336\">Stempelkontakt:<\/strong> Mikrobryter, enpolet utskiftbar, maks 30 V DC, 1A<\/p>\n<\/li>\n<\/ul>","protected":false},"excerpt":{"rendered":"<p>Elektrisk sluttstykke ST405 (STEP 40 Preload) fra STEP er et h\u00f8yytelses elektrisk sluttstykke med justerbar funksjon, stripetrykkteknologi som kan h\u00e5ndtere opptil 250 kg trykk og 1200 kg bruddstyrke.<\/p>\n<p>Ideell for d\u00f8rer med normale sikkerhetskrav.<\/p>","protected":false},"featured_media":137558,"template":"","meta":{"_acf_changed":false},"product_brand":[],"product_cat":[3355],"product_tag":[4197,4202],"class_list":{"0":"post-92853","1":"product","2":"type-product","3":"status-publish","4":"has-post-thumbnail","6":"product_cat-elslutbleck","7":"product_tag-24v","8":"product_tag-omstallbar-rattvand-omvand","9":"product_shipping_class-tunga-paket","10":"pa_brands-step","11":"tm-no-options","13":"first","14":"instock","15":"sale","16":"taxable","17":"shipping-taxable","18":"purchasable","19":"product-type-simple"},"acf":[],"_links":{"self":[{"href":"https:\/\/secureus.se\/no\/wp-json\/wp\/v2\/product\/92853","targetHints":{"allow":["GET"]}}],"collection":[{"href":"https:\/\/secureus.se\/no\/wp-json\/wp\/v2\/product"}],"about":[{"href":"https:\/\/secureus.se\/no\/wp-json\/wp\/v2\/types\/product"}],"wp:featuredmedia":[{"embeddable":true,"href":"https:\/\/secureus.se\/no\/wp-json\/wp\/v2\/media\/137558"}],"wp:attachment":[{"href":"https:\/\/secureus.se\/no\/wp-json\/wp\/v2\/media?parent=92853"}],"wp:term":[{"taxonomy":"product_brand","embeddable":true,"href":"https:\/\/secureus.se\/no\/wp-json\/wp\/v2\/product_brand?post=92853"},{"taxonomy":"product_cat","embeddable":true,"href":"https:\/\/secureus.se\/no\/wp-json\/wp\/v2\/product_cat?post=92853"},{"taxonomy":"product_tag","embeddable":true,"href":"https:\/\/secureus.se\/no\/wp-json\/wp\/v2\/product_tag?post=92853"}],"curies":[{"name":"wp","href":"https:\/\/api.w.org\/{rel}","templated":true}]}}