{"id":92855,"date":"2024-06-16T23:12:02","date_gmt":"2024-06-16T21:12:02","guid":{"rendered":"https:\/\/secureus.se\/?post_type=product&#038;p=92855"},"modified":"2026-04-08T16:37:52","modified_gmt":"2026-04-08T14:37:52","slug":"elslutbleck-es-17m-rattvand","status":"publish","type":"product","link":"https:\/\/secureus.se\/no\/elslutbleck-es-17m-rattvand\/","title":{"rendered":"Elektrisk endeplate ES 17M H\u00f8yrevendt"},"content":{"rendered":"<h1>Elektrisk endeplate ES 17M H\u00f8yrevendt<\/h1>\n<p class=\"\" data-start=\"708\" data-end=\"1045\">ES 17M elektrisk sluttstykke fra SAFETRON er et standard elektrisk sluttstykke som kombinerer h\u00f8y ytelse med en kompakt design, noe som gj\u00f8r den til et perfekt valg for d\u00f8rer med normale sikkerhetskrav.<\/p>\n<p class=\"\" data-start=\"708\" data-end=\"1045\">Den er spesielt egnet for bruk i skallbeskyttelse, innvendig l\u00e5sing i handel, kontorer og industri samt i inngangspartier og offentlige omr\u00e5der i byg\u00e5rder.<\/p>\n<p class=\"\" data-start=\"1047\" data-end=\"1580\">En av de mest enest\u00e5ende egenskapene til ES 17M er den innovative stripetrykkteknologien, som lar det elektriske sluttstykket \u00e5pnes selv om d\u00f8ren utsettes for et trykk p\u00e5 opptil 150 kg.<\/p>\n<p class=\"\" data-start=\"1047\" data-end=\"1580\">Dette er spesielt nyttig n\u00e5r d\u00f8ren utsettes for trykk for\u00e5rsaket av for eksempel overtrykk i bygget, sn\u00f8 eller grus som havner i d\u00f8r\u00e5pningen, eller n\u00e5r d\u00f8ren er litt skjev.<\/p>\n<p class=\"\" data-start=\"1047\" data-end=\"1580\">Listtrykk er et vanlig problem som kan for\u00e5rsake nedetid, men med ES 17M er disse problemene eliminert og sikrer at porten fungerer jevnt under alle forhold.<\/p>\n<p class=\"\" data-start=\"1582\" data-end=\"2080\">Den lille st\u00f8rrelsen p\u00e5 den elektriske sluttplaten gj\u00f8r den ogs\u00e5 til et fleksibelt valg for installasjon. Den passer inn i praktisk talt alle utsparinger forberedt for standard elektriske plater og kan installeres p\u00e5 d\u00f8rer med 150 mm karmbeslag, noe som gj\u00f8r den ideell for innvendige d\u00f8rer.<\/p>\n<p class=\"\" data-start=\"1582\" data-end=\"2080\">I tillegg er den elektriske sluttplaten utstyrt med en sabotasjebeskyttelse i rustfritt st\u00e5l, som hindrer tilgang til tilkoblingskabelen gjennom stolpehullet ved fall, noe som gir b\u00e5de ekstra sikkerhet og et estetisk tiltalende utseende.<\/p>\n<p class=\"\" data-start=\"2082\" data-end=\"2403\">ES 17M har ogs\u00e5 et lavt str\u00f8mforbruk, med kun 35 mA ved 24 VDC og 60 mA ved 12 VDC, noe som gj\u00f8r den energieffektiv og \u00f8konomisk.<\/p>\n<p class=\"\" data-start=\"2082\" data-end=\"2403\">Den er ogs\u00e5 utstyrt med en stempelbryter som standard, som gj\u00f8r det mulig \u00e5 indikere om d\u00f8ren er lukket eller \u00e5pen, noe som er en praktisk funksjon for overv\u00e5king og sikkerhet.<\/p>\n<p class=\"\" data-start=\"2405\" data-end=\"2435\"><strong data-start=\"2405\" data-end=\"2435\">N\u00f8kkelfunksjoner og fordeler:<\/strong><\/p>\n<ul data-start=\"2436\" data-end=\"3028\">\n<li class=\"\" data-start=\"2436\" data-end=\"2549\">\n<p class=\"\" data-start=\"2438\" data-end=\"2549\"><strong data-start=\"2438\" data-end=\"2459\">Listeutskriftsteknologi:<\/strong> \u00c5pnes selv om d\u00f8ren utsettes for trykk p\u00e5 opptil 150 kg, og forhindrer nedetid.<\/p>\n<\/li>\n<li class=\"\" data-start=\"2550\" data-end=\"2628\">\n<p class=\"\" data-start=\"2552\" data-end=\"2628\"><strong data-start=\"2552\" data-end=\"2571\">Kompakt design:<\/strong> Passer inn i standard stikkontakter og muliggj\u00f8r enkel installasjon.<\/p>\n<\/li>\n<li class=\"\" data-start=\"2629\" data-end=\"2717\">\n<p class=\"\" data-start=\"2631\" data-end=\"2717\"><strong data-start=\"2631\" data-end=\"2647\">Stempelkontakt:<\/strong> Standard mikrobryter for \u00e5 indikere d\u00f8rstatus (lukket\/\u00e5pen).<\/p>\n<\/li>\n<li class=\"\" data-start=\"2718\" data-end=\"2807\">\n<p class=\"\" data-start=\"2720\" data-end=\"2807\"><strong data-start=\"2720\" data-end=\"2745\">Lavt str\u00f8mforbruk:<\/strong> 35 mA ved 24VDC og 60mA ved 12VDC for energieffektiv drift.<\/p>\n<\/li>\n<li class=\"\" data-start=\"2808\" data-end=\"2910\">\n<p class=\"\" data-start=\"2810\" data-end=\"2910\"><strong data-start=\"2810\" data-end=\"2828\">H\u00f8y holdekraft:<\/strong> T\u00e5ler opptil 1500 kg (15 kN), noe som gj\u00f8r den til et robust valg for sikkerhet.<\/p>\n<\/li>\n<li class=\"\" data-start=\"2911\" data-end=\"3028\">\n<p class=\"\" data-start=\"2913\" data-end=\"3028\"><strong data-start=\"2913\" data-end=\"2946\">Rustfri sabotasjebeskyttelse:<\/strong> Hindrer tilgang til tilkoblingskabelen og forbedrer installasjonens estetikk.<\/p>\n<\/li>\n<\/ul>\n<p class=\"\" data-start=\"3030\" data-end=\"3266\"><strong data-start=\"3030\" data-end=\"3048\">Kompatibilitet:<\/strong> ES 17M elektrisk sluttstykke er kompatibel med b\u00e5de enkelt- og dobbell\u00e5s og er designet for d\u00f8rer med normale sikkerhetskrav.<\/p>\n<p class=\"\" data-start=\"3030\" data-end=\"3266\">Dens allsidige design gj\u00f8r at den kan installeres p\u00e5 b\u00e5de h\u00f8yre- og venstrehengte d\u00f8rer.<\/p>\n<p class=\"\" data-start=\"3268\" data-end=\"3291\"><strong data-start=\"3268\" data-end=\"3291\">Str\u00f8mkrav:<\/strong><\/p>\n<ul data-start=\"3292\" data-end=\"3426\">\n<li class=\"\" data-start=\"3292\" data-end=\"3326\">\n<p class=\"\" data-start=\"3294\" data-end=\"3326\"><strong data-start=\"3294\" data-end=\"3307\">Spenning:<\/strong> 12 \u2013 24 V DC \u00b110 %<\/p>\n<\/li>\n<li class=\"\" data-start=\"3327\" data-end=\"3385\">\n<p class=\"\" data-start=\"3329\" data-end=\"3385\"><strong data-start=\"3329\" data-end=\"3350\">Str\u00f8mforbruk:<\/strong> 35 mA ved 24 VDC, 60 mA ved 12 VDC<\/p>\n<\/li>\n<li class=\"\" data-start=\"3386\" data-end=\"3426\">\n<p class=\"\" data-start=\"3388\" data-end=\"3426\"><strong data-start=\"3388\" data-end=\"3405\">Mikrobryter:<\/strong> Maks. 30V DC, 500mA<\/p>\n<\/li>\n<\/ul>","protected":false},"excerpt":{"rendered":"<p>ES 17M elektrisk sluttstykke fra SAFETRON er et kompakt elektrisk sluttstykke med listtrykkteknologi, perfekt for d\u00f8rer med normale sikkerhetskrav.<\/p>\n<p>H\u00f8yrevendt funksjon, stempelkontakt og lavt str\u00f8mforbruk p\u00e5 35mA gj\u00f8r den ideell for innvendig l\u00e5sing.<\/p>","protected":false},"featured_media":138000,"template":"","meta":{"_acf_changed":false},"product_brand":[],"product_cat":[3355],"product_tag":[4196,4200],"class_list":{"0":"post-92855","1":"product","2":"type-product","3":"status-publish","4":"has-post-thumbnail","6":"product_cat-elslutbleck","7":"product_tag-12-24v","8":"product_tag-rattvand","9":"product_shipping_class-tunga-paket","10":"pa_brands-7safetron","11":"pa_farg-zink","12":"tm-no-options","14":"first","15":"instock","16":"sale","17":"taxable","18":"shipping-taxable","19":"purchasable","20":"product-type-simple"},"acf":[],"_links":{"self":[{"href":"https:\/\/secureus.se\/no\/wp-json\/wp\/v2\/product\/92855","targetHints":{"allow":["GET"]}}],"collection":[{"href":"https:\/\/secureus.se\/no\/wp-json\/wp\/v2\/product"}],"about":[{"href":"https:\/\/secureus.se\/no\/wp-json\/wp\/v2\/types\/product"}],"wp:featuredmedia":[{"embeddable":true,"href":"https:\/\/secureus.se\/no\/wp-json\/wp\/v2\/media\/138000"}],"wp:attachment":[{"href":"https:\/\/secureus.se\/no\/wp-json\/wp\/v2\/media?parent=92855"}],"wp:term":[{"taxonomy":"product_brand","embeddable":true,"href":"https:\/\/secureus.se\/no\/wp-json\/wp\/v2\/product_brand?post=92855"},{"taxonomy":"product_cat","embeddable":true,"href":"https:\/\/secureus.se\/no\/wp-json\/wp\/v2\/product_cat?post=92855"},{"taxonomy":"product_tag","embeddable":true,"href":"https:\/\/secureus.se\/no\/wp-json\/wp\/v2\/product_tag?post=92855"}],"curies":[{"name":"wp","href":"https:\/\/api.w.org\/{rel}","templated":true}]}}