{"id":93481,"date":"2024-06-25T13:54:44","date_gmt":"2024-06-25T11:54:44","guid":{"rendered":"https:\/\/secureus.se\/?post_type=product&#038;p=93481"},"modified":"2025-09-30T17:24:18","modified_gmt":"2025-09-30T15:24:18","slug":"larmbyggare-for-dsc-neo-larm","status":"publish","type":"product","link":"https:\/\/secureus.se\/no\/larmbyggare-for-dsc-neo-larm\/","title":{"rendered":"Alarmbygger for DSC NEO Alarm"},"content":{"rendered":"<p>Du kan alltid kontakte oss for et individuelt tilbud eller st\u00f8tte - Vi er her for deg.<\/p>","protected":false},"excerpt":{"rendered":"<h1><a href=\"https:\/\/secureus.se\/no\/larmbyggare-for-dsc-neo\/\"><strong>KLIKK HER FOR \u00c5 G\u00c5 TIL BYGGEREN<\/strong><\/a><\/h1>\n<p>Her kan du bygge ditt eget alarmsystem akkurat slik du vil. Du trenger ikke kj\u00f8pe fra hvert trinn, men du velger det du trenger. Vi har gjort det enkelt for deg \u00e5 se hvor mye pakken din koster og \u00e5 f\u00e5 oversikt over alle deler uten \u00e5 m\u00e5tte oppdatere kassen.<\/p>\n<p>Husk at du alltid kan utvide beskyttelsen mens du g\u00e5r. Du kan alltid kontakte oss for et individuelt tilbud eller st\u00f8tte - vi er her for deg.<\/p>","protected":false},"featured_media":95971,"template":"","meta":{"_acf_changed":false},"product_brand":[],"product_cat":[4025],"product_tag":[],"class_list":{"0":"post-93481","1":"product","2":"type-product","3":"status-publish","4":"has-post-thumbnail","6":"product_cat-larmbyggare-dsc-larm-neo-power-hybridlarm","7":"tm-no-options","9":"first","10":"instock","11":"taxable","12":"shipping-taxable","13":"purchasable","14":"product-type-simple"},"acf":[],"_links":{"self":[{"href":"https:\/\/secureus.se\/no\/wp-json\/wp\/v2\/product\/93481","targetHints":{"allow":["GET"]}}],"collection":[{"href":"https:\/\/secureus.se\/no\/wp-json\/wp\/v2\/product"}],"about":[{"href":"https:\/\/secureus.se\/no\/wp-json\/wp\/v2\/types\/product"}],"wp:featuredmedia":[{"embeddable":true,"href":"https:\/\/secureus.se\/no\/wp-json\/wp\/v2\/media\/95971"}],"wp:attachment":[{"href":"https:\/\/secureus.se\/no\/wp-json\/wp\/v2\/media?parent=93481"}],"wp:term":[{"taxonomy":"product_brand","embeddable":true,"href":"https:\/\/secureus.se\/no\/wp-json\/wp\/v2\/product_brand?post=93481"},{"taxonomy":"product_cat","embeddable":true,"href":"https:\/\/secureus.se\/no\/wp-json\/wp\/v2\/product_cat?post=93481"},{"taxonomy":"product_tag","embeddable":true,"href":"https:\/\/secureus.se\/no\/wp-json\/wp\/v2\/product_tag?post=93481"}],"curies":[{"name":"wp","href":"https:\/\/api.w.org\/{rel}","templated":true}]}}