{"id":94472,"date":"2022-06-29T12:45:51","date_gmt":"2022-06-29T10:45:51","guid":{"rendered":"https:\/\/secureus.se\/ir-detektor-pdm-i18t\/"},"modified":"2026-04-23T11:08:49","modified_gmt":"2026-04-23T09:08:49","slug":"ir-detektor-pdm-i18t","status":"publish","type":"product","link":"https:\/\/secureus.se\/no\/ir-detektor-pdm-i18t\/","title":{"rendered":"IR-detektor PDM-I18T Antimaske - 18 meter vidvinkel"},"content":{"rendered":"<h1>IR-detektor PDM-I18T Antimaske - 18 meter vidvinkel<\/h1>\n<p data-start=\"327\" data-end=\"1330\">PDM-I18T IR-detektoren er en elegant og moderne designet bevegelsesdetektor som kombinerer avansert teknologi som MAGIC-speilopptikk og Visatec-algoritme for \u00e5 gi p\u00e5litelig deteksjon og h\u00f8y sikkerhet.<\/p>\n<p data-start=\"327\" data-end=\"1330\">Med et dekningsomr\u00e5de p\u00e5 18 meter vidvinkel er PDM-I18T perfekt for alle typer installasjoner, inkludert b\u00e5de private og kommersielle milj\u00f8er.<br data-start=\"707\" data-end=\"710\" \/>En unik funksjon ved PDM-I18T er dens antimaskeringsfunksjon i sanntid, som lar den oppdage manipulerings- og maskeringsfors\u00f8k i sanntid, og dermed gi et h\u00f8yere sikkerhetsniv\u00e5.<br data-start=\"891\" data-end=\"894\" \/>PDM-I18T er utstyrt med et installasjonsvennlig konsept som inkluderer en ny gangtestprosedyre og et EOL-system for \u00e5 gj\u00f8re installasjonen rask og enkel.<\/p>\n<p data-start=\"327\" data-end=\"1330\">Den har et lavt str\u00f8mforbruk p\u00e5 3,9 mA (rms) og en maksimal toppverdi p\u00e5 6,6 mA, noe som gj\u00f8r den energieffektiv og p\u00e5litelig.<br data-start=\"1177\" data-end=\"1180\" \/>PDM-I18T er godkjent i henhold til EN50131-2-2 grad 3, VdS klasse C og SBSC klasse 3\/4, noe som sikrer at den oppfyller de h\u00f8yeste sikkerhetsstandardene.<\/p>\n<p data-start=\"1332\" data-end=\"1362\"><strong data-start=\"1332\" data-end=\"1360\">Funksjoner og fordeler:<\/strong><\/p>\n<ul data-start=\"1363\" data-end=\"1823\">\n<li data-start=\"1363\" data-end=\"1412\">\n<p data-start=\"1365\" data-end=\"1412\">18 meter vidvinkel for omfattende deteksjon<\/p>\n<\/li>\n<li data-start=\"1413\" data-end=\"1485\">\n<p data-start=\"1415\" data-end=\"1485\">Antimaskeringsfunksjon i sanntid for \u00e5 oppdage manipulering og maskering<\/p>\n<\/li>\n<li data-start=\"1486\" data-end=\"1559\">\n<p data-start=\"1488\" data-end=\"1559\">MAGIC speilopptikk og Visatec-algoritme for h\u00f8y sikkerhet og presisjon<\/p>\n<\/li>\n<li data-start=\"1560\" data-end=\"1614\">\n<p data-start=\"1562\" data-end=\"1614\">Lavt str\u00f8mforbruk (3,9 mA rms, 6,6 mA maks. topp)<\/p>\n<\/li>\n<li data-start=\"1615\" data-end=\"1680\">\n<p data-start=\"1617\" data-end=\"1680\">Enkel installasjon med ny gangtestprosedyre og EOL-system<\/p>\n<\/li>\n<li data-start=\"1681\" data-end=\"1747\">\n<p data-start=\"1683\" data-end=\"1747\">Utgang: 30 VDC \/ 100 mA, NC for sikker og fleksibel integrering<\/p>\n<\/li>\n<li data-start=\"1748\" data-end=\"1823\">\n<p data-start=\"1750\" data-end=\"1823\">Sertifisert i henhold til EN50131-2-2 grad 3, VdS klasse C og SBSC klasse 3\/4<\/p>\n<\/li>\n<\/ul>\n<p data-start=\"1825\" data-end=\"1856\"><strong data-start=\"1825\" data-end=\"1854\">Tekniske spesifikasjoner:<\/strong><\/p>\n<ul data-start=\"1857\" data-end=\"2177\">\n<li data-start=\"1857\" data-end=\"1889\">\n<p data-start=\"1859\" data-end=\"1889\">Dekning: 18 meter vidvinkel<\/p>\n<\/li>\n<li data-start=\"1890\" data-end=\"1934\">\n<p data-start=\"1892\" data-end=\"1934\">Str\u00f8mforsyning: 9\u201316 VDC (12 V nominell)<\/p>\n<\/li>\n<li data-start=\"1935\" data-end=\"1988\">\n<p data-start=\"1937\" data-end=\"1988\">Str\u00f8mforbruk: 3,9 mA (rms), 6,6 mA (maks. topp)<\/p>\n<\/li>\n<li data-start=\"1989\" data-end=\"2022\">\n<p data-start=\"1991\" data-end=\"2022\">Utganger: 30 VDC \/ 100 mA, NC<\/p>\n<\/li>\n<li data-start=\"2023\" data-end=\"2057\">\n<p data-start=\"2025\" data-end=\"2057\">M\u00e5l (B x H x D): 64 x 147 x 35 mm<\/p>\n<\/li>\n<li data-start=\"2058\" data-end=\"2124\">\n<p data-start=\"2060\" data-end=\"2124\">Godkjenning: EN50131-2-2 grad 3, VdS klasse C, SBSC klasse 3\/4<\/p>\n<\/li>\n<li data-start=\"2125\" data-end=\"2177\">\n<p data-start=\"2127\" data-end=\"2177\">Temperaturomr\u00e5de: Standard for PIR-detektorer<\/p>\n<\/li>\n<\/ul>","protected":false},"excerpt":{"rendered":"<p>MAGIC bevegelsesdetektor med 18 meter vidvinkel og antimaskering i sanntid.<\/p>\n<p>Visatec-algoritme, patentert MAGIC-speil og h\u00f8y sikkerhet for p\u00e5litelig deteksjon.<\/p>","protected":false},"featured_media":142197,"template":"","meta":{"_acf_changed":false},"product_brand":[],"product_cat":[1325],"product_tag":[2145,2418,2466],"class_list":{"0":"post-94472","1":"product","2":"type-product","3":"status-publish","4":"has-post-thumbnail","6":"product_cat-larmgivare-skalskydd","7":"product_tag-rorelsedetektor-ir-detektorer","8":"product_tag-rel-larmgivare","9":"product_tag-sbsc-larmklass3","10":"product_shipping_class-postnord-varubrev","11":"pa_brands-6vanderbilt","12":"tm-no-options","14":"first","15":"instock","16":"sale","17":"featured","18":"taxable","19":"shipping-taxable","20":"purchasable","21":"product-type-simple"},"acf":[],"_links":{"self":[{"href":"https:\/\/secureus.se\/no\/wp-json\/wp\/v2\/product\/94472","targetHints":{"allow":["GET"]}}],"collection":[{"href":"https:\/\/secureus.se\/no\/wp-json\/wp\/v2\/product"}],"about":[{"href":"https:\/\/secureus.se\/no\/wp-json\/wp\/v2\/types\/product"}],"wp:featuredmedia":[{"embeddable":true,"href":"https:\/\/secureus.se\/no\/wp-json\/wp\/v2\/media\/142197"}],"wp:attachment":[{"href":"https:\/\/secureus.se\/no\/wp-json\/wp\/v2\/media?parent=94472"}],"wp:term":[{"taxonomy":"product_brand","embeddable":true,"href":"https:\/\/secureus.se\/no\/wp-json\/wp\/v2\/product_brand?post=94472"},{"taxonomy":"product_cat","embeddable":true,"href":"https:\/\/secureus.se\/no\/wp-json\/wp\/v2\/product_cat?post=94472"},{"taxonomy":"product_tag","embeddable":true,"href":"https:\/\/secureus.se\/no\/wp-json\/wp\/v2\/product_tag?post=94472"}],"curies":[{"name":"wp","href":"https:\/\/api.w.org\/{rel}","templated":true}]}}