{"id":94473,"date":"2022-06-29T12:45:25","date_gmt":"2022-06-29T10:45:25","guid":{"rendered":"https:\/\/secureus.se\/ir-detektor-pdm-i12t\/"},"modified":"2026-03-26T11:50:14","modified_gmt":"2026-03-26T10:50:14","slug":"ir-detektor-pdm-i12t","status":"publish","type":"product","link":"https:\/\/secureus.se\/no\/ir-detektor-pdm-i12t\/","title":{"rendered":"IR-detektor PDM-I12T Antimaske - 12 meter vidvinkel"},"content":{"rendered":"<h1>IR-detektor PDM-I12T Antimaske - 12 meter vidvinkel<\/h1>\n<p data-start=\"330\" data-end=\"1423\">PDM-I12T Antimask IR-detektoren er en moderne og elegant designet bevegelsesdetektor som kombinerer det patenterte MAGIC-speilet og en videreutviklet Visatec-algoritme for presis og p\u00e5litelig deteksjon av inntrengere.<\/p>\n<p data-start=\"330\" data-end=\"1423\">Med et 12 meter vidvinkeldekningsomr\u00e5de og antimaskeringsfunksjon i sanntid, gir PDM-I12T h\u00f8y sikkerhet og minimerer risikoen for falske alarmer i b\u00e5de private og kommersielle milj\u00f8er.<br data-start=\"751\" data-end=\"754\" \/>Det avanserte MAGIC-speilet s\u00f8rger for at detektoren effektivt fanger opp og sporer inntrengere, mens den patenterte Visatec-algoritmen gj\u00f8r det mulig for PDM-I12T \u00e5 filtrere ut u\u00f8nskede signaler og objekter som ikke utgj\u00f8r en trussel.<br data-start=\"998\" data-end=\"1001\" \/>PDM-I12T er ogs\u00e5 utstyrt med et brukervennlig installasjonskonsept, inkludert en ny gangtestprosedyre og et EOL-system som gj\u00f8r installasjonen rask og enkel.<\/p>\n<p data-start=\"330\" data-end=\"1423\">Med et lavt str\u00f8mforbruk p\u00e5 maks. 6,6 mA (LED P\u00c5) og en spenningsforsyning p\u00e5 9\u201316 VDC er detektoren b\u00e5de energieffektiv og p\u00e5litelig.<\/p>\n<p data-start=\"330\" data-end=\"1423\">Den er sertifisert i henhold til SBSC-sertifikat 13-332, klasse 3-4, som garanterer at den oppfyller h\u00f8ye sikkerhetsstandarder.<\/p>\n<p data-start=\"1425\" data-end=\"1455\"><strong data-start=\"1425\" data-end=\"1453\">Funksjoner og fordeler:<\/strong><\/p>\n<ul data-start=\"1456\" data-end=\"1905\">\n<li data-start=\"1456\" data-end=\"1513\">\n<p data-start=\"1458\" data-end=\"1513\">12 meter vidvinkel for effektiv og n\u00f8yaktig deteksjon<\/p>\n<\/li>\n<li data-start=\"1514\" data-end=\"1587\">\n<p data-start=\"1516\" data-end=\"1587\">Antimaskeringsfunksjon i sanntid for \u00e5 forhindre manipulering og maskering<\/p>\n<\/li>\n<li data-start=\"1588\" data-end=\"1661\">\n<p data-start=\"1590\" data-end=\"1661\">MAGIC speilopptikk og Visatec-algoritme for h\u00f8y sikkerhet og presisjon<\/p>\n<\/li>\n<li data-start=\"1662\" data-end=\"1710\">\n<p data-start=\"1664\" data-end=\"1710\">Lavt str\u00f8mforbruk (maks. 6,6 mA n\u00e5r LED-lampen lyser)<\/p>\n<\/li>\n<li data-start=\"1711\" data-end=\"1776\">\n<p data-start=\"1713\" data-end=\"1776\">Ny gangtestprosedyre og EOL-system for rask installasjon<\/p>\n<\/li>\n<li data-start=\"1777\" data-end=\"1845\">\n<p data-start=\"1779\" data-end=\"1845\">Sertifisert i henhold til SBSC-sertifikat 13-332, klasse 3-4 for h\u00f8y sikkerhet<\/p>\n<\/li>\n<li data-start=\"1846\" data-end=\"1905\">\n<p data-start=\"1848\" data-end=\"1905\">Kompakt og elegant design som passer til enhver installasjon<\/p>\n<\/li>\n<\/ul>\n<p data-start=\"1907\" data-end=\"1938\"><strong data-start=\"1907\" data-end=\"1936\">Tekniske spesifikasjoner:<\/strong><\/p>\n<ul data-start=\"1939\" data-end=\"2210\">\n<li data-start=\"1939\" data-end=\"1971\">\n<p data-start=\"1941\" data-end=\"1971\">Dekning: 12 meter vidvinkel<\/p>\n<\/li>\n<li data-start=\"1972\" data-end=\"2004\">\n<p data-start=\"1974\" data-end=\"2004\">Str\u00f8mforsyning: 9\u201316 VDC<\/p>\n<\/li>\n<li data-start=\"2005\" data-end=\"2046\">\n<p data-start=\"2007\" data-end=\"2046\">Str\u00f8mforbruk: maks. 6,6 mA (LED P\u00c5)<\/p>\n<\/li>\n<li data-start=\"2047\" data-end=\"2063\">\n<p data-start=\"2049\" data-end=\"2063\">Antimaske: Ja<\/p>\n<\/li>\n<li data-start=\"2064\" data-end=\"2109\">\n<p data-start=\"2066\" data-end=\"2109\">Godkjenning: SBSC-sertifikat 13-332, klasse 3-4<\/p>\n<\/li>\n<li data-start=\"2110\" data-end=\"2159\">\n<p data-start=\"2112\" data-end=\"2159\">Dimensjoner: Standardm\u00e5l for PIR-\/mikrob\u00f8lgedetektorer<\/p>\n<\/li>\n<li data-start=\"2160\" data-end=\"2210\">\n<p data-start=\"2162\" data-end=\"2210\">Temperaturomr\u00e5de: Standard for PIR-detektorer<\/p>\n<\/li>\n<\/ul>","protected":false},"excerpt":{"rendered":"<p>MAGIC bevegelsesdetektor med 12 meter vidvinkel og antimaskeringsfunksjon i sanntid.<\/p>\n<p>Visatec-algoritme og h\u00f8y sikkerhet for n\u00f8yaktig deteksjon og p\u00e5litelig ytelse.<\/p>","protected":false},"featured_media":142553,"template":"","meta":{"_acf_changed":false},"product_brand":[],"product_cat":[1325],"product_tag":[2145,2466],"class_list":{"0":"post-94473","1":"product","2":"type-product","3":"status-publish","4":"has-post-thumbnail","6":"product_cat-larmgivare-skalskydd","7":"product_tag-rorelsedetektor-ir-detektorer","8":"product_tag-sbsc-larmklass3","9":"product_shipping_class-postnord-varubrev","10":"pa_brands-6vanderbilt","11":"tm-no-options","13":"first","14":"instock","15":"sale","16":"featured","17":"taxable","18":"shipping-taxable","19":"purchasable","20":"product-type-simple"},"acf":[],"_links":{"self":[{"href":"https:\/\/secureus.se\/no\/wp-json\/wp\/v2\/product\/94473","targetHints":{"allow":["GET"]}}],"collection":[{"href":"https:\/\/secureus.se\/no\/wp-json\/wp\/v2\/product"}],"about":[{"href":"https:\/\/secureus.se\/no\/wp-json\/wp\/v2\/types\/product"}],"wp:featuredmedia":[{"embeddable":true,"href":"https:\/\/secureus.se\/no\/wp-json\/wp\/v2\/media\/142553"}],"wp:attachment":[{"href":"https:\/\/secureus.se\/no\/wp-json\/wp\/v2\/media?parent=94473"}],"wp:term":[{"taxonomy":"product_brand","embeddable":true,"href":"https:\/\/secureus.se\/no\/wp-json\/wp\/v2\/product_brand?post=94473"},{"taxonomy":"product_cat","embeddable":true,"href":"https:\/\/secureus.se\/no\/wp-json\/wp\/v2\/product_cat?post=94473"},{"taxonomy":"product_tag","embeddable":true,"href":"https:\/\/secureus.se\/no\/wp-json\/wp\/v2\/product_tag?post=94473"}],"curies":[{"name":"wp","href":"https:\/\/api.w.org\/{rel}","templated":true}]}}