{"id":94475,"date":"2022-06-13T15:04:05","date_gmt":"2022-06-13T13:04:05","guid":{"rendered":"https:\/\/secureus.se\/kombi-bosch-blueline-husdj-isc-bdl2-wp12g\/"},"modified":"2026-04-09T10:16:57","modified_gmt":"2026-04-09T08:16:57","slug":"kombi-bosch-blueline-husdj-isc-bdl2-wp12g","status":"publish","type":"product","link":"https:\/\/secureus.se\/no\/kombi-bosch-blueline-husdj-isc-bdl2-wp12g\/","title":{"rendered":"Bosch BLUELINE Combi Detector Kj\u00e6ledyr ISC-BDL2-WP12G"},"content":{"rendered":"<h1>Bosch BLUELINE Combi Detector Kj\u00e6ledyr ISC-BDL2-WP12G<\/h1>\n<p data-start=\"352\" data-end=\"1150\">Bosch BLUELINE ISC-BDL2-WP12G er en avansert kombinasjonsdetektor som bruker IR- og mikrob\u00f8lgeteknologi for \u00e5 gi p\u00e5litelig og n\u00f8yaktig deteksjon.<\/p>\n<p data-start=\"352\" data-end=\"1150\">Med et dekningsomr\u00e5de p\u00e5 12 x 12 meter og valgbar immunitet mot kj\u00e6ledyr p\u00e5 opptil 45 kg, er den ideell for b\u00e5de kommersielle og private milj\u00f8er, inkludert der kj\u00e6ledyr er til stede.<br data-start=\"696\" data-end=\"699\" \/>Detektoren er utstyrt med First Step Processing (FSP) og dynamisk temperaturkompensasjon, noe som gj\u00f8r at den kan tilpasse seg skiftende milj\u00f8forhold og gi h\u00f8y p\u00e5litelighet i alle temperaturer.<\/p>\n<p data-start=\"352\" data-end=\"1150\">Den fleksible monteringen uten h\u00f8ydejusteringer og det todelte, selvl\u00e5sende kabinettet gj\u00f8r installasjonen rask og enkel.<br data-start=\"1029\" data-end=\"1032\" \/>ISC-BDL2-WP12G kombinerer den beste teknologien for \u00e5 sikre et h\u00f8yt sikkerhetsniv\u00e5 og redusere risikoen for falske alarmer.<\/p>\n<p data-start=\"1152\" data-end=\"1182\"><strong data-start=\"1152\" data-end=\"1180\">Funksjoner og fordeler:<\/strong><\/p>\n<ul data-start=\"1183\" data-end=\"1650\">\n<li data-start=\"1183\" data-end=\"1235\">\n<p data-start=\"1185\" data-end=\"1235\">12 x 12 m dekningsomr\u00e5de for effektiv deteksjon<\/p>\n<\/li>\n<li data-start=\"1236\" data-end=\"1302\">\n<p data-start=\"1238\" data-end=\"1302\">Kombiner IR og mikrob\u00f8lge for \u00f8kt n\u00f8yaktighet og p\u00e5litelighet<\/p>\n<\/li>\n<li data-start=\"1303\" data-end=\"1374\">\n<p data-start=\"1305\" data-end=\"1374\">Valgbar immunitet mot kj\u00e6ledyr opptil 45 kg for \u00e5 forhindre falske alarmer<\/p>\n<\/li>\n<li data-start=\"1375\" data-end=\"1436\">\n<p data-start=\"1377\" data-end=\"1436\">F\u00f8rste trinns prosessering (FSP) for rask og n\u00f8yaktig deteksjon<\/p>\n<\/li>\n<li data-start=\"1437\" data-end=\"1515\">\n<p data-start=\"1439\" data-end=\"1515\">Dynamisk temperaturkompensasjon for konstant ytelse i alle temperaturer<\/p>\n<\/li>\n<li data-start=\"1516\" data-end=\"1579\">\n<p data-start=\"1518\" data-end=\"1579\">Enkel og fleksibel installasjon uten behov for h\u00f8ydejustering<\/p>\n<\/li>\n<li data-start=\"1580\" data-end=\"1650\">\n<p data-start=\"1582\" data-end=\"1650\">Todelt, selvl\u00e5sende hus for enkel installasjon og vedlikehold<\/p>\n<\/li>\n<\/ul>\n<p data-start=\"1652\" data-end=\"1683\"><strong data-start=\"1652\" data-end=\"1681\">Tekniske spesifikasjoner:<\/strong><\/p>\n<ul data-start=\"1684\" data-end=\"2050\">\n<li data-start=\"1684\" data-end=\"1707\">\n<p data-start=\"1686\" data-end=\"1707\">Dekning: 12 x 12 m<\/p>\n<\/li>\n<li data-start=\"1708\" data-end=\"1745\">\n<p data-start=\"1710\" data-end=\"1745\">Teknologi: Kombinert IR\/mikrob\u00f8lgeovn<\/p>\n<\/li>\n<li data-start=\"1746\" data-end=\"1790\">\n<p data-start=\"1748\" data-end=\"1790\">Dyreimmunitet: Valgbar opptil 45 kg<\/p>\n<\/li>\n<li data-start=\"1791\" data-end=\"1822\">\n<p data-start=\"1793\" data-end=\"1822\">F\u00f8rste trinns behandling (FSP)<\/p>\n<\/li>\n<li data-start=\"1823\" data-end=\"1858\">\n<p data-start=\"1825\" data-end=\"1858\">Dynamisk temperaturkompensasjon<\/p>\n<\/li>\n<li data-start=\"1859\" data-end=\"1911\">\n<p data-start=\"1861\" data-end=\"1911\">Monteringsalternativ: Fleksibel uten h\u00f8ydejustering<\/p>\n<\/li>\n<li data-start=\"1912\" data-end=\"1948\">\n<p data-start=\"1914\" data-end=\"1948\">Kabinet: Todelt, selvl\u00e5sende<\/p>\n<\/li>\n<li data-start=\"1949\" data-end=\"2000\">\n<p data-start=\"1951\" data-end=\"2000\">Str\u00f8mforsyning: Standard for Bosch-detektorer<\/p>\n<\/li>\n<li data-start=\"2001\" data-end=\"2050\">\n<p data-start=\"2003\" data-end=\"2050\">Dimensjoner: Standardm\u00e5l for PIR-\/mikrob\u00f8lgedetektorer<\/p>\n<\/li>\n<\/ul>","protected":false},"excerpt":{"rendered":"<p>Kombinasjonsdetektor (IR\/mikrob\u00f8lgeovn) med 12 x 12 m dekning og valgbar immunitet mot kj\u00e6ledyr opptil 45 kg.<\/p>\n<p>F\u00f8rste trinns prosessering og dynamisk temperaturkompensasjon.<\/p>","protected":false},"featured_media":144201,"template":"","meta":{"_acf_changed":false},"product_brand":[],"product_cat":[1325],"product_tag":[2146,2418,2465],"class_list":{"0":"post-94475","1":"product","2":"type-product","3":"status-publish","4":"has-post-thumbnail","6":"product_cat-larmgivare-skalskydd","7":"product_tag-rorelsedetektor-kombidetektorer","8":"product_tag-rel-larmgivare","9":"product_tag-sbsc-larmklass2","10":"product_shipping_class-postnord-varubrev","11":"pa_brands-bosch","12":"tm-no-options","14":"first","15":"instock","16":"sale","17":"featured","18":"taxable","19":"shipping-taxable","20":"purchasable","21":"product-type-simple"},"acf":[],"_links":{"self":[{"href":"https:\/\/secureus.se\/no\/wp-json\/wp\/v2\/product\/94475","targetHints":{"allow":["GET"]}}],"collection":[{"href":"https:\/\/secureus.se\/no\/wp-json\/wp\/v2\/product"}],"about":[{"href":"https:\/\/secureus.se\/no\/wp-json\/wp\/v2\/types\/product"}],"wp:featuredmedia":[{"embeddable":true,"href":"https:\/\/secureus.se\/no\/wp-json\/wp\/v2\/media\/144201"}],"wp:attachment":[{"href":"https:\/\/secureus.se\/no\/wp-json\/wp\/v2\/media?parent=94475"}],"wp:term":[{"taxonomy":"product_brand","embeddable":true,"href":"https:\/\/secureus.se\/no\/wp-json\/wp\/v2\/product_brand?post=94475"},{"taxonomy":"product_cat","embeddable":true,"href":"https:\/\/secureus.se\/no\/wp-json\/wp\/v2\/product_cat?post=94475"},{"taxonomy":"product_tag","embeddable":true,"href":"https:\/\/secureus.se\/no\/wp-json\/wp\/v2\/product_tag?post=94475"}],"curies":[{"name":"wp","href":"https:\/\/api.w.org\/{rel}","templated":true}]}}