{"id":94480,"date":"2022-03-10T15:47:00","date_gmt":"2022-03-10T14:47:00","guid":{"rendered":"https:\/\/secureus.se\/optex-ir-detektor-mw-fmx-dst-kombi-15x15-meter-husdjur-sbsc-klass-2\/"},"modified":"2026-02-20T11:29:44","modified_gmt":"2026-02-20T10:29:44","slug":"optex-ir-detektor-mw-fmx-dst-kombi-15x15-meter-husdjur-sbsc-klass-2","status":"publish","type":"product","link":"https:\/\/secureus.se\/no\/optex-ir-detektor-mw-fmx-dst-kombi-15x15-meter-husdjur-sbsc-klass-2\/","title":{"rendered":"Optex FMX-DST \u2013 IR-detektor \u2013 15\u00d715 meter Kj\u00e6ledyr"},"content":{"rendered":"<h1 data-start=\"511\" data-end=\"598\">Optex FMX-DST \u2013 Innend\u00f8rs bevegelsesdetektor med h\u00f8y presisjon og lav falsk alarmfrekvens<\/h1>\n<p class=\"\" data-start=\"600\" data-end=\"888\"><strong data-start=\"600\" data-end=\"617\">Optex FMX-DST<\/strong> er en h\u00f8yytelses passiv infrar\u00f8d bevegelsesdetektor (PIR) designet for innend\u00f8rs bruk i for eksempel villaer, kontorer og lette kommersielle milj\u00f8er. Detektoren tilbyr <strong data-start=\"783\" data-end=\"813\">15\u00d715 meter bred dekning<\/strong> med 85\u00b0 vinkel, optimalisert for montering i h\u00f8yder mellom 2,2 og 3,0 meter.<\/p>\n<p class=\"\" data-start=\"890\" data-end=\"1175\">Takket v\u00e6re de intelligente <strong data-start=\"917\" data-end=\"945\">Digital Quad Zone Logic\u2122<\/strong> bevegelser analyseres med ekstrem n\u00f8yaktighet. Mer enn fire overlappende soner brukes p\u00e5 hvert punkt for \u00e5 bestemme om en alarm skal utl\u00f8ses, noe som effektivt reduserer risikoen for falske alarmer \u2013 selv i n\u00e6rv\u00e6r av mindre dyr som huskatter.<\/p>\n<p class=\"\" data-start=\"1177\" data-end=\"1341\">FMX-DST er ogs\u00e5 utstyrt med <strong data-start=\"1210\" data-end=\"1241\">Dobbel ledende skjerming<\/strong>, som gj\u00f8r at den fungerer stabilt selv i milj\u00f8er med sterkt sollys eller elektrisk interferens.<\/p>\n<hr class=\"\" data-start=\"1343\" data-end=\"1346\" \/>\n<h3 class=\"\" data-start=\"1348\" data-end=\"1363\">Fordeler:<\/h3>\n<ul data-start=\"1364\" data-end=\"1749\">\n<li class=\"\" data-start=\"1364\" data-end=\"1431\">\n<p class=\"\" data-start=\"1366\" data-end=\"1431\"><strong data-start=\"1366\" data-end=\"1379\">Dyrebestandig<\/strong> \u2013 identifiserer forskjellen mellom mennesker og sm\u00e5 dyr<\/p>\n<\/li>\n<li class=\"\" data-start=\"1432\" data-end=\"1493\">\n<p class=\"\" data-start=\"1434\" data-end=\"1493\"><strong data-start=\"1434\" data-end=\"1452\">H\u00f8y f\u00f8lsomhet<\/strong> \u2013 justerbar i tre niv\u00e5er (Lav\/Middel\/H\u00f8y)<\/p>\n<\/li>\n<li class=\"\" data-start=\"1494\" data-end=\"1552\">\n<p class=\"\" data-start=\"1496\" data-end=\"1552\"><strong data-start=\"1496\" data-end=\"1515\">Sterk solbeskyttelse<\/strong> \u2013 gjennom innebygd bi-ledende filter<\/p>\n<\/li>\n<li class=\"\" data-start=\"1553\" data-end=\"1625\">\n<p class=\"\" data-start=\"1555\" data-end=\"1625\"><strong data-start=\"1555\" data-end=\"1575\">Avansert analyse<\/strong> \u2013 reduserer falske alarmer via Digital Quad Zone Logic<\/p>\n<\/li>\n<li class=\"\" data-start=\"1626\" data-end=\"1681\">\n<p class=\"\" data-start=\"1628\" data-end=\"1681\"><strong data-start=\"1628\" data-end=\"1653\">Lavt energiforbruk<\/strong> \u2013 kun 8-11 mA ved 12 VDC<\/p>\n<\/li>\n<li class=\"\" data-start=\"1682\" data-end=\"1749\">\n<p class=\"\" data-start=\"1684\" data-end=\"1749\"><strong data-start=\"1684\" data-end=\"1706\">Rask installasjon<\/strong> \u2013 St\u00f8tte for plug-in End of Line Unit (PEU).<\/p>\n<\/li>\n<\/ul>\n<hr class=\"\" data-start=\"1751\" data-end=\"1754\" \/>\n<h3 class=\"\" data-start=\"1756\" data-end=\"1785\">Teknisk spesifikasjon:<\/h3>\n<ul data-start=\"1786\" data-end=\"2109\">\n<li class=\"\" data-start=\"1786\" data-end=\"1821\">\n<p class=\"\" data-start=\"1788\" data-end=\"1821\"><strong data-start=\"1788\" data-end=\"1798\">Teknikk<\/strong>: Passiv infrar\u00f8d (PIR)<\/p>\n<\/li>\n<li class=\"\" data-start=\"1822\" data-end=\"1855\">\n<p class=\"\" data-start=\"1824\" data-end=\"1855\"><strong data-start=\"1824\" data-end=\"1836\">Dekning<\/strong>: 15 m x 15 m (85\u00b0)<\/p>\n<\/li>\n<li class=\"\" data-start=\"1856\" data-end=\"1871\">\n<p class=\"\" data-start=\"1858\" data-end=\"1871\"><strong data-start=\"1858\" data-end=\"1867\">Soner<\/strong>: 78<\/p>\n<\/li>\n<li class=\"\" data-start=\"1872\" data-end=\"1905\">\n<p class=\"\" data-start=\"1874\" data-end=\"1905\"><strong data-start=\"1874\" data-end=\"1892\">Monteringsh\u00f8yde<\/strong>: 2,2 \u2013 3,0m<\/p>\n<\/li>\n<li class=\"\" data-start=\"1906\" data-end=\"1956\">\n<p class=\"\" data-start=\"1908\" data-end=\"1956\"><strong data-start=\"1908\" data-end=\"1928\">Str\u00f8mforbruk<\/strong>: 8mA (normal), 11mA (maksimum)<\/p>\n<\/li>\n<li class=\"\" data-start=\"1957\" data-end=\"1996\">\n<p class=\"\" data-start=\"1959\" data-end=\"1996\"><strong data-start=\"1959\" data-end=\"1978\">Temperaturomr\u00e5de<\/strong>: -20\u00b0C til +50\u00b0C<\/p>\n<\/li>\n<li class=\"\" data-start=\"1997\" data-end=\"2031\">\n<p class=\"\" data-start=\"1999\" data-end=\"2031\"><strong data-start=\"1999\" data-end=\"2007\">M\u00e5le<\/strong>: 111,7 x 61,4 x 50,0 mm<\/p>\n<\/li>\n<li class=\"\" data-start=\"2032\" data-end=\"2052\">\n<p class=\"\" data-start=\"2034\" data-end=\"2052\"><strong data-start=\"2034\" data-end=\"2042\">Vekt<\/strong>: ca 100g<\/p>\n<\/li>\n<li class=\"\" data-start=\"2053\" data-end=\"2109\">\n<p class=\"\" data-start=\"2055\" data-end=\"2109\"><strong data-start=\"2055\" data-end=\"2073\">Milj\u00f8fuktighet<\/strong>: opptil 95 % (ikke-kondenserende)<\/p>\n<\/li>\n<\/ul>\n<hr class=\"\" data-start=\"2111\" data-end=\"2114\" \/>\n<h3 class=\"\" data-start=\"2116\" data-end=\"2140\">Passer perfekt i:<\/h3>\n<ul data-start=\"2141\" data-end=\"2215\">\n<li class=\"\" data-start=\"2141\" data-end=\"2169\">\n<p class=\"\" data-start=\"2143\" data-end=\"2169\">Stue, soverom, kontor<\/p>\n<\/li>\n<li class=\"\" data-start=\"2170\" data-end=\"2189\">\n<p class=\"\" data-start=\"2172\" data-end=\"2189\">Villaer og rekkehus<\/p>\n<\/li>\n<li class=\"\" data-start=\"2190\" data-end=\"2215\">\n<p class=\"\" data-start=\"2192\" data-end=\"2215\">Lettere forretningsmilj\u00f8er<\/p>\n<\/li>\n<\/ul>\n<hr class=\"\" data-start=\"2217\" data-end=\"2220\" \/>\n<p class=\"\" data-start=\"2222\" data-end=\"2382\">Gi ditt sikkerhetssystem et trygt og stabilt fundament med <strong data-start=\"2276\" data-end=\"2293\">Optex FMX-DST<\/strong> \u2013 en profesjonell bevegelsesdetektor som kombinerer h\u00f8yteknologi med p\u00e5litelig funksjon.<\/p>","protected":false},"excerpt":{"rendered":"<p><strong data-start=\"207\" data-end=\"224\">Optex FMX-DST<\/strong> er en avansert innend\u00f8rs bevegelsesdetektor med PIR-teknologi, perfekt for villaer og mindre lokaler. Med 15\u00d715 meter dekning, digital sonelogikk og dyrebestandig design, reduseres falske alarmer effektivt \u2013 selv i milj\u00f8er med sollys.<\/p>","protected":false},"featured_media":145333,"template":"","meta":{"_acf_changed":false},"product_brand":[],"product_cat":[1325],"product_tag":[2146,2418,2465],"class_list":{"0":"post-94480","1":"product","2":"type-product","3":"status-publish","4":"has-post-thumbnail","6":"product_cat-larmgivare-skalskydd","7":"product_tag-rorelsedetektor-kombidetektorer","8":"product_tag-rel-larmgivare","9":"product_tag-sbsc-larmklass2","10":"product_shipping_class-postnord-varubrev","11":"pa_brands-optex","12":"tm-no-options","14":"first","15":"onbackorder","16":"sale","17":"featured","18":"taxable","19":"shipping-taxable","20":"purchasable","21":"product-type-simple"},"acf":[],"_links":{"self":[{"href":"https:\/\/secureus.se\/no\/wp-json\/wp\/v2\/product\/94480","targetHints":{"allow":["GET"]}}],"collection":[{"href":"https:\/\/secureus.se\/no\/wp-json\/wp\/v2\/product"}],"about":[{"href":"https:\/\/secureus.se\/no\/wp-json\/wp\/v2\/types\/product"}],"wp:featuredmedia":[{"embeddable":true,"href":"https:\/\/secureus.se\/no\/wp-json\/wp\/v2\/media\/145333"}],"wp:attachment":[{"href":"https:\/\/secureus.se\/no\/wp-json\/wp\/v2\/media?parent=94480"}],"wp:term":[{"taxonomy":"product_brand","embeddable":true,"href":"https:\/\/secureus.se\/no\/wp-json\/wp\/v2\/product_brand?post=94480"},{"taxonomy":"product_cat","embeddable":true,"href":"https:\/\/secureus.se\/no\/wp-json\/wp\/v2\/product_cat?post=94480"},{"taxonomy":"product_tag","embeddable":true,"href":"https:\/\/secureus.se\/no\/wp-json\/wp\/v2\/product_tag?post=94480"}],"curies":[{"name":"wp","href":"https:\/\/api.w.org\/{rel}","templated":true}]}}