{"id":96699,"date":"2024-08-08T19:53:27","date_gmt":"2024-08-08T17:53:27","guid":{"rendered":"https:\/\/secureus.se\/?post_type=product&#038;p=96699"},"modified":"2026-04-07T11:04:04","modified_gmt":"2026-04-07T09:04:04","slug":"fonsterlas-280-lag-hake-formassingad-med-skruv","status":"publish","type":"product","link":"https:\/\/secureus.se\/no\/fonsterlas-280-lag-hake-formassingad-med-skruv\/","title":{"rendered":"Vindusl\u00e5s 280 messingbelagt med skrue"},"content":{"rendered":"<p>Vindusl\u00e5s 280 fra ROCA med 15 mm lav l\u00e5s for utadvendte vinduer. Brukes til vinduer som ikke har ramme eller h\u00e5ndtak. Leveres med tilh\u00f8rende skrue fra ROCA.<\/p>\n<p><b>Kjennetegn:<\/b><\/p>\n<ul>\n<li>Materiale Zamak med st\u00e5lskruering<\/li>\n<li>Overflatebehandling: Pre-messing belagt<\/li>\n<\/ul>","protected":false},"excerpt":{"rendered":"<p>Vindusl\u00e5s 280 fra ROCA med 15 mm lav sperre for utadvendte vinduer. Brukes til vinduer som ikke har ramme eller h\u00e5ndtak. Leveres med tilh\u00f8rende skrue fra ROCA. Egenskaper: Materiale Zamak<\/p>","protected":false},"featured_media":136945,"template":"","meta":{"_acf_changed":false},"product_brand":[],"product_cat":[4111],"product_tag":[],"class_list":{"0":"post-96699","1":"product","2":"type-product","3":"status-publish","4":"has-post-thumbnail","6":"product_cat-fonsterlas","7":"product_shipping_class-postnord-varubrev","8":"pa_brands-roca","9":"tm-no-options","11":"first","12":"instock","13":"sale","14":"taxable","15":"shipping-taxable","16":"purchasable","17":"product-type-simple"},"acf":[],"_links":{"self":[{"href":"https:\/\/secureus.se\/no\/wp-json\/wp\/v2\/product\/96699","targetHints":{"allow":["GET"]}}],"collection":[{"href":"https:\/\/secureus.se\/no\/wp-json\/wp\/v2\/product"}],"about":[{"href":"https:\/\/secureus.se\/no\/wp-json\/wp\/v2\/types\/product"}],"wp:featuredmedia":[{"embeddable":true,"href":"https:\/\/secureus.se\/no\/wp-json\/wp\/v2\/media\/136945"}],"wp:attachment":[{"href":"https:\/\/secureus.se\/no\/wp-json\/wp\/v2\/media?parent=96699"}],"wp:term":[{"taxonomy":"product_brand","embeddable":true,"href":"https:\/\/secureus.se\/no\/wp-json\/wp\/v2\/product_brand?post=96699"},{"taxonomy":"product_cat","embeddable":true,"href":"https:\/\/secureus.se\/no\/wp-json\/wp\/v2\/product_cat?post=96699"},{"taxonomy":"product_tag","embeddable":true,"href":"https:\/\/secureus.se\/no\/wp-json\/wp\/v2\/product_tag?post=96699"}],"curies":[{"name":"wp","href":"https:\/\/api.w.org\/{rel}","templated":true}]}}