{"id":96735,"date":"2024-08-08T21:47:48","date_gmt":"2024-08-08T19:47:48","guid":{"rendered":"https:\/\/secureus.se\/?post_type=product&#038;p=96735"},"modified":"2026-04-08T15:57:25","modified_gmt":"2026-04-08T13:57:25","slug":"handtag-83-rakt-8x63-krom","status":"publish","type":"product","link":"https:\/\/secureus.se\/no\/handtag-83-rakt-8x63-krom\/","title":{"rendered":"Vindush\u00e5ndtak H\u00e5ndtak 83 Rett 8X63 Krom \u2013 Assa Abloy"},"content":{"rendered":"<div>ASSA ABLOY 83 er et klassisk h\u00e5ndtak for vinduer og vindusd\u00f8rer. H\u00e5ndtaket har innebygde l\u00e5seposisjoner for \u00e5pen og lukket som holder h\u00e5ndtaket i riktig posisjon. Tilgjengelig i venstrehendte, retthendte og h\u00f8yrehendte versjoner.<\/div>\n<div><b><br \/>Kjennetegn:<\/b><\/div>\n<div>\n<ul>\n<li>Innebygde l\u00e5seposisjoner for \u00e5pen og lukket som holder h\u00e5ndtaket i riktig posisjon.<\/li>\n<li>Sprint av 8 mm galvanisert firkantst\u00e5l.<\/li>\n<li>Sprintlengde: 63 mm<\/li>\n<li>Anbefalt skrue: TKFX 4,0 mm.<\/li>\n<li>Tilbeh\u00f8r: H\u00e5ndtaksl\u00e5s Fix 840 og 850.<\/li>\n<li>H\u00e5ndtakskobling, 833, 833\/16 brukes n\u00e5r h\u00e5ndtak skal monteres p\u00e5 begge sider.<\/li>\n<li>Materiale: Zamak metall<\/li>\n<li>Overflatebehandling: Forkrommet<\/li>\n<\/ul>\n<\/div>","protected":false},"excerpt":{"rendered":"<p>ASSA ABLOY 83 er et klassisk h\u00e5ndtak for vinduer og vindusd\u00f8rer. H\u00e5ndtaket har innebygde l\u00e5seposisjoner for \u00e5pen og lukket som holder h\u00e5ndtaket i riktig posisjon. Finnes i venstrehendt, rett og<\/p>","protected":false},"featured_media":137166,"template":"","meta":{"_acf_changed":false},"product_brand":[],"product_cat":[4126,4127],"product_tag":[],"class_list":{"0":"post-96735","1":"product","2":"type-product","3":"status-publish","4":"has-post-thumbnail","6":"product_cat-fonsterhandtag","7":"product_cat-handtag-altandorr","8":"product_shipping_class-postnord-varubrev","9":"pa_brands-abloy","10":"tm-no-options","12":"first","13":"instock","14":"sale","15":"taxable","16":"shipping-taxable","17":"purchasable","18":"product-type-simple"},"acf":[],"_links":{"self":[{"href":"https:\/\/secureus.se\/no\/wp-json\/wp\/v2\/product\/96735","targetHints":{"allow":["GET"]}}],"collection":[{"href":"https:\/\/secureus.se\/no\/wp-json\/wp\/v2\/product"}],"about":[{"href":"https:\/\/secureus.se\/no\/wp-json\/wp\/v2\/types\/product"}],"wp:featuredmedia":[{"embeddable":true,"href":"https:\/\/secureus.se\/no\/wp-json\/wp\/v2\/media\/137166"}],"wp:attachment":[{"href":"https:\/\/secureus.se\/no\/wp-json\/wp\/v2\/media?parent=96735"}],"wp:term":[{"taxonomy":"product_brand","embeddable":true,"href":"https:\/\/secureus.se\/no\/wp-json\/wp\/v2\/product_brand?post=96735"},{"taxonomy":"product_cat","embeddable":true,"href":"https:\/\/secureus.se\/no\/wp-json\/wp\/v2\/product_cat?post=96735"},{"taxonomy":"product_tag","embeddable":true,"href":"https:\/\/secureus.se\/no\/wp-json\/wp\/v2\/product_tag?post=96735"}],"curies":[{"name":"wp","href":"https:\/\/api.w.org\/{rel}","templated":true}]}}