{"id":96740,"date":"2024-08-08T21:47:49","date_gmt":"2024-08-08T19:47:49","guid":{"rendered":"https:\/\/secureus.se\/?post_type=product&#038;p=96740"},"modified":"2026-03-25T15:36:29","modified_gmt":"2026-03-25T14:36:29","slug":"handtag-844s-hoger-8x53","status":"publish","type":"product","link":"https:\/\/secureus.se\/no\/handtag-844s-hoger-8x53\/","title":{"rendered":"Spagnoletth\u00e5ndtak H\u00e5ndtak 844S H\u00f8yre 8X53 \u2013 Assa Abloy"},"content":{"rendered":"<div>ASSA ABLOY 844S er et sikkerhetsh\u00e5ndtak som brukes p\u00e5 innsiden, n\u00e5r du skal sikre deg mot innbrudd og uautorisert \u00e5pning. Brukes p\u00e5 vindusd\u00f8rer, vinduer og skapd\u00f8rer som har spaniel. Godkjent i henhold til SS 3620 klasse B.<\/div>\n<div><\/div>\n<div><b>Kjennetegn:\u00a0<\/b><\/div>\n<div>\n<ul>\n<li>L\u00e5sbar med trykksylinder 4484<\/li>\n<li>L\u00e5sing skjer n\u00e5r sylinderen trykkes ned og h\u00e5ndtaket er i lukket stilling<\/li>\n<li>N\u00e5r n\u00f8kkelen dreies, spretter sylinderen opp og l\u00e5sefunksjonen opph\u00f8rer<\/li>\n<li>N\u00f8kkelen kan tas ut i ul\u00e5st posisjon<\/li>\n<li>Godkjent i henhold til SS 3620 klasse B<\/li>\n<li>H\u00e5ndtakene kan f\u00e5s med samme eller annen l\u00e5sing og med samme l\u00e5sing som vindusl\u00e5ser Fix 2820S og 2830S.<\/li>\n<li>Sprint av 8 mm galvanisert firkantst\u00e5l.<\/li>\n<li>Sprintlengde 53 mm.<\/li>\n<li>P\u00e5 foresp\u00f8rsel kan 7 mm firkantpinner og andre pinnelengder bestilles<\/li>\n<li>N\u00f8dvendig enveis skrue f\u00f8lger med<\/li>\n<\/ul>\n<\/div>\n<div><\/div>\n<div><b>Tilbeh\u00f8r:<\/b><\/div>\n<div>\n<ul>\n<li>Trykksylinder 4484. Trykksylinder Abloy (for systeml\u00e5sing)<\/li>\n<li>Skive 4926<\/li>\n<li>H\u00e5ndtakskobling 833, n\u00e5r h\u00e5ndtak skal monteres p\u00e5 begge sider for en enkelt bue<\/li>\n<li>H\u00e5ndtakskobling 961, n\u00e5r h\u00e5ndtak skal monteres p\u00e5 begge sider for dobbel bue<\/li>\n<li>Vindush\u00e5ndtak 42<\/li>\n<\/ul>\n<\/div>","protected":false},"excerpt":{"rendered":"<p>ASSA ABLOY 844S \u2013 Sikkerhetsh\u00e5ndtak<\/p>\n<p>Godkjent i henhold til SS 3620 klasse B.<\/p>","protected":false},"featured_media":137460,"template":"","meta":{"_acf_changed":false},"product_brand":[],"product_cat":[4113,4126,4127],"product_tag":[],"class_list":{"0":"post-96740","1":"product","2":"type-product","3":"status-publish","4":"has-post-thumbnail","6":"product_cat-spanjoletthandtag","7":"product_cat-fonsterhandtag","8":"product_cat-handtag-altandorr","9":"product_shipping_class-postnord-varubrev","10":"pa_brands-abloy","11":"tm-no-options","13":"first","14":"instock","15":"sale","16":"taxable","17":"shipping-taxable","18":"purchasable","19":"product-type-simple"},"acf":[],"_links":{"self":[{"href":"https:\/\/secureus.se\/no\/wp-json\/wp\/v2\/product\/96740","targetHints":{"allow":["GET"]}}],"collection":[{"href":"https:\/\/secureus.se\/no\/wp-json\/wp\/v2\/product"}],"about":[{"href":"https:\/\/secureus.se\/no\/wp-json\/wp\/v2\/types\/product"}],"wp:featuredmedia":[{"embeddable":true,"href":"https:\/\/secureus.se\/no\/wp-json\/wp\/v2\/media\/137460"}],"wp:attachment":[{"href":"https:\/\/secureus.se\/no\/wp-json\/wp\/v2\/media?parent=96740"}],"wp:term":[{"taxonomy":"product_brand","embeddable":true,"href":"https:\/\/secureus.se\/no\/wp-json\/wp\/v2\/product_brand?post=96740"},{"taxonomy":"product_cat","embeddable":true,"href":"https:\/\/secureus.se\/no\/wp-json\/wp\/v2\/product_cat?post=96740"},{"taxonomy":"product_tag","embeddable":true,"href":"https:\/\/secureus.se\/no\/wp-json\/wp\/v2\/product_tag?post=96740"}],"curies":[{"name":"wp","href":"https:\/\/api.w.org\/{rel}","templated":true}]}}