{"id":96743,"date":"2024-08-08T21:47:49","date_gmt":"2024-08-08T19:47:49","guid":{"rendered":"https:\/\/secureus.se\/?post_type=product&#038;p=96743"},"modified":"2026-04-08T15:56:56","modified_gmt":"2026-04-08T13:56:56","slug":"handtag-42-rakt-8x63-krom","status":"publish","type":"product","link":"https:\/\/secureus.se\/no\/handtag-42-rakt-8x63-krom\/","title":{"rendered":"Vindush\u00e5ndtak H\u00e5ndtak 42 Rett 8X63 Krom \u2013 Assa Abloy"},"content":{"rendered":"<div>ASSA ABLOY 42 er et vindush\u00e5ndtak for vinduer og vindusd\u00f8rer. Tilgjengelig som rett, h\u00f8yrehendt eller venstrehendt. Matchende h\u00e5ndtaksl\u00e5s 840 og 850 kj\u00f8pes separat.<\/div>\n<div><b><br \/>Kjennetegn:<\/b><\/div>\n<div>\n<ul>\n<li>Rett<\/li>\n<li>Sprint av 8 mm galvanisert firkantst\u00e5l<\/li>\n<li>Sprintlengde 63 mm<\/li>\n<li>C\/C-feste: 43 mm<\/li>\n<li>Materiale: Zamak metall<\/li>\n<li>Overflatebehandling: Krom<\/li>\n<li>H\u00e5ndtakskobling 833, 833\/16 brukes n\u00e5r h\u00e5ndtak skal monteres p\u00e5 begge sider<\/li>\n<\/ul>\n<\/div>","protected":false},"excerpt":{"rendered":"<p>ASSA ABLOY 42 er et vindush\u00e5ndtak for vinduer og vindusd\u00f8rer. Tilgjengelig som rett, h\u00f8yrehendt eller venstrehendt. Matchende h\u00e5ndtaksl\u00e5s 840 og 850 kj\u00f8pes separat. Egenskaper: Rett Sprint av 8 mm galvanisert<\/p>","protected":false},"featured_media":136923,"template":"","meta":{"_acf_changed":false},"product_brand":[],"product_cat":[4126,4127],"product_tag":[],"class_list":{"0":"post-96743","1":"product","2":"type-product","3":"status-publish","4":"has-post-thumbnail","6":"product_cat-fonsterhandtag","7":"product_cat-handtag-altandorr","8":"product_shipping_class-postnord-varubrev","9":"pa_brands-abloy","10":"tm-no-options","12":"first","13":"onbackorder","14":"sale","15":"taxable","16":"shipping-taxable","17":"purchasable","18":"product-type-simple"},"acf":[],"_links":{"self":[{"href":"https:\/\/secureus.se\/no\/wp-json\/wp\/v2\/product\/96743","targetHints":{"allow":["GET"]}}],"collection":[{"href":"https:\/\/secureus.se\/no\/wp-json\/wp\/v2\/product"}],"about":[{"href":"https:\/\/secureus.se\/no\/wp-json\/wp\/v2\/types\/product"}],"wp:featuredmedia":[{"embeddable":true,"href":"https:\/\/secureus.se\/no\/wp-json\/wp\/v2\/media\/136923"}],"wp:attachment":[{"href":"https:\/\/secureus.se\/no\/wp-json\/wp\/v2\/media?parent=96743"}],"wp:term":[{"taxonomy":"product_brand","embeddable":true,"href":"https:\/\/secureus.se\/no\/wp-json\/wp\/v2\/product_brand?post=96743"},{"taxonomy":"product_cat","embeddable":true,"href":"https:\/\/secureus.se\/no\/wp-json\/wp\/v2\/product_cat?post=96743"},{"taxonomy":"product_tag","embeddable":true,"href":"https:\/\/secureus.se\/no\/wp-json\/wp\/v2\/product_tag?post=96743"}],"curies":[{"name":"wp","href":"https:\/\/api.w.org\/{rel}","templated":true}]}}