{"id":96752,"date":"2024-08-08T21:47:49","date_gmt":"2024-08-08T19:47:49","guid":{"rendered":"https:\/\/secureus.se\/?post_type=product&#038;p=96752"},"modified":"2025-09-15T12:04:58","modified_gmt":"2025-09-15T10:04:58","slug":"handtag-ingaro-30r-hoger-8x43-formassingad","status":"publish","type":"product","link":"https:\/\/secureus.se\/no\/handtag-ingaro-30r-hoger-8x43-formassingad\/","title":{"rendered":"Vindush\u00e5ndtak H\u00e5ndtak Ingar\u00f6 30R H\u00f8yre 8X43 Messingbelagt \u2013 Roca"},"content":{"rendered":"<div>ROCA Ingar\u00f6 WH-I 30R er et h\u00f8yrehendt vindush\u00e5ndtak med bunnplate 30 og styrestifter for rett og pen montering. Med faste endeposisjoner for &quot;Tipp-Dreh&quot; vinduer. H\u00e5ndtaket er tilgjengelig i venstre, h\u00f8yre og rette versjoner. Ingar\u00f6-serien har et klassisk design og er spesielt utviklet for \u00e5 passe tradisjonelle vinduer, men som ogs\u00e5 kan gi et ordin\u00e6rt preg til mer moderne vinduer og vindusd\u00f8rer.<\/div>\n<div><b>Kjennetegn:<\/b><\/div>\n<div>\n<ul>\n<li>C\/C-feste: 43 mm<\/li>\n<li>Sprintdimensjon: 8X43 mm - Sprint kj\u00f8pes separat<\/li>\n<li>Materialh\u00e5ndtak: Sink-aluminiumslegering<\/li>\n<li>Overflatebehandling: Messingbelagt (aldres ikke)<\/li>\n<\/ul>\n<\/div>","protected":false},"excerpt":{"rendered":"<p>ROCA Ingar\u00f6 WH-I 30R er et h\u00f8yre vindush\u00e5ndtak med bunnplate 30 og styrestifter for rett og pen montering. Med faste endeposisjoner for &quot;Tipp-Dreh&quot; vinduer. H\u00e5ndtaket er tilgjengelig i venstre, h\u00f8yre og<\/p>","protected":false},"featured_media":136910,"template":"","meta":{"_acf_changed":false},"product_brand":[],"product_cat":[4126,4127],"product_tag":[],"class_list":{"0":"post-96752","1":"product","2":"type-product","3":"status-publish","4":"has-post-thumbnail","6":"product_cat-fonsterhandtag","7":"product_cat-handtag-altandorr","8":"product_shipping_class-postnord-varubrev","9":"pa_brands-roca","10":"tm-no-options","12":"first","13":"instock","14":"sale","15":"taxable","16":"shipping-taxable","17":"purchasable","18":"product-type-simple"},"acf":[],"_links":{"self":[{"href":"https:\/\/secureus.se\/no\/wp-json\/wp\/v2\/product\/96752","targetHints":{"allow":["GET"]}}],"collection":[{"href":"https:\/\/secureus.se\/no\/wp-json\/wp\/v2\/product"}],"about":[{"href":"https:\/\/secureus.se\/no\/wp-json\/wp\/v2\/types\/product"}],"wp:featuredmedia":[{"embeddable":true,"href":"https:\/\/secureus.se\/no\/wp-json\/wp\/v2\/media\/136910"}],"wp:attachment":[{"href":"https:\/\/secureus.se\/no\/wp-json\/wp\/v2\/media?parent=96752"}],"wp:term":[{"taxonomy":"product_brand","embeddable":true,"href":"https:\/\/secureus.se\/no\/wp-json\/wp\/v2\/product_brand?post=96752"},{"taxonomy":"product_cat","embeddable":true,"href":"https:\/\/secureus.se\/no\/wp-json\/wp\/v2\/product_cat?post=96752"},{"taxonomy":"product_tag","embeddable":true,"href":"https:\/\/secureus.se\/no\/wp-json\/wp\/v2\/product_tag?post=96752"}],"curies":[{"name":"wp","href":"https:\/\/api.w.org\/{rel}","templated":true}]}}