{"id":96779,"date":"2024-08-08T21:47:50","date_gmt":"2024-08-08T19:47:50","guid":{"rendered":"https:\/\/secureus.se\/?post_type=product&#038;p=96779"},"modified":"2025-10-21T12:42:10","modified_gmt":"2025-10-21T10:42:10","slug":"handtag-tyreso-301tl-vanster-langskylt-utan-sprint-svart","status":"publish","type":"product","link":"https:\/\/secureus.se\/no\/handtag-tyreso-301tl-vanster-langskylt-utan-sprint-svart\/","title":{"rendered":"Espagnoletth\u00e5ndtak H\u00e5ndtak Tyres\u00f6 301TL Venstre Lang plate uten Fj\u00e6r Sort \u2013 Roca"},"content":{"rendered":"<div>ROCA Tyres\u00f6 301TL (med styrepinner) venstrevendt vindusd\u00f8rh\u00e5ndtak for l\u00e5sbare spanske d\u00f8rer. Den lange platen har en oval utsparing for en oval l\u00e5sesylinder. Det ovale hullet kan kompletteres med Vred TT01, Dekkbrett Rokoko RC01 eller Dekkbrett BP01. Vindush\u00e5ndtaket egner seg derfor for enkel eller dobbel montering med sylinder\/knott, sylinder\/sylinder eller sylinder\/dekselplate og finnes i venstre, h\u00f8yre og rett utf\u00f8relse. Tyres\u00f6-serien er et vindush\u00e5ndtak i et slankt og tidl\u00f8st design, egnet for litt mer moderne arkitektur.<\/div>\n<div><b>Kjennetegn:<\/b><\/div>\n<div>\n<ul>\n<li>Med styrepinner (301 uten styrepinner)<\/li>\n<li>C\/C-feste: 43mm mellom h\u00e5ndtak, topp 71mm opp<\/li>\n<li>M\u00e5l p\u00e5 langskiltet: 28X134 mm<\/li>\n<li>Sprintdimensjon: Leveres uten sprint<\/li>\n<li>Materialh\u00e5ndtak: Sink-aluminiumslegering<\/li>\n<li>Materiale bolt: Galvanisert st\u00e5l<\/li>\n<li>Overflatebehandling: Svart belagt<\/li>\n<\/ul>\n<\/div>","protected":false},"excerpt":{"rendered":"<p>ROCA Tyres\u00f6 301TL (med styrepinner) venstresvingt vindusd\u00f8rh\u00e5ndtak for l\u00e5sbare spanske d\u00f8rer. Den lange platen har en oval utsparing for en oval l\u00e5sesylinder. Det ovale hullet kan kompletteres med Vred TT01, Cover Washer Rokoko RC01 eller Cover Washer<\/p>","protected":false},"featured_media":137916,"template":"","meta":{"_acf_changed":false},"product_brand":[],"product_cat":[4113,4126,4127],"product_tag":[4863],"class_list":{"0":"post-96779","1":"product","2":"type-product","3":"status-publish","4":"has-post-thumbnail","6":"product_cat-spanjoletthandtag","7":"product_cat-fonsterhandtag","8":"product_cat-handtag-altandorr","9":"product_tag-pf","10":"product_shipping_class-postnord-varubrev","11":"pa_brands-roca","12":"tm-no-options","14":"first","15":"onbackorder","16":"sale","17":"taxable","18":"shipping-taxable","19":"purchasable","20":"product-type-simple"},"acf":[],"_links":{"self":[{"href":"https:\/\/secureus.se\/no\/wp-json\/wp\/v2\/product\/96779","targetHints":{"allow":["GET"]}}],"collection":[{"href":"https:\/\/secureus.se\/no\/wp-json\/wp\/v2\/product"}],"about":[{"href":"https:\/\/secureus.se\/no\/wp-json\/wp\/v2\/types\/product"}],"wp:featuredmedia":[{"embeddable":true,"href":"https:\/\/secureus.se\/no\/wp-json\/wp\/v2\/media\/137916"}],"wp:attachment":[{"href":"https:\/\/secureus.se\/no\/wp-json\/wp\/v2\/media?parent=96779"}],"wp:term":[{"taxonomy":"product_brand","embeddable":true,"href":"https:\/\/secureus.se\/no\/wp-json\/wp\/v2\/product_brand?post=96779"},{"taxonomy":"product_cat","embeddable":true,"href":"https:\/\/secureus.se\/no\/wp-json\/wp\/v2\/product_cat?post=96779"},{"taxonomy":"product_tag","embeddable":true,"href":"https:\/\/secureus.se\/no\/wp-json\/wp\/v2\/product_tag?post=96779"}],"curies":[{"name":"wp","href":"https:\/\/api.w.org\/{rel}","templated":true}]}}