{"id":96781,"date":"2024-08-08T21:47:50","date_gmt":"2024-08-08T19:47:50","guid":{"rendered":"https:\/\/secureus.se\/?post_type=product&#038;p=96781"},"modified":"2025-09-15T12:05:36","modified_gmt":"2025-09-15T10:05:36","slug":"handtag-tyreso-30r-hoger-8x53-svart","status":"publish","type":"product","link":"https:\/\/secureus.se\/no\/handtag-tyreso-30r-hoger-8x53-svart\/","title":{"rendered":"Vindush\u00e5ndtak H\u00e5ndtak Tyres\u00f6 30R H\u00f8yre 8X53 Sort \u2013 Roca"},"content":{"rendered":"<div>ROCA Tyres\u00f6 WH-T 30R er et venstrehendt vindush\u00e5ndtak med bunnplate 30 og styrestifter for rett og ryddig montering. Med faste endeposisjoner for &quot;Tipp-Dreh&quot; vinduer. H\u00e5ndtaket er tilgjengelig i venstre, h\u00f8yre og rette versjoner. Tyres\u00f6-serien er et vindush\u00e5ndtak i et slankt og tidl\u00f8st design, egnet for litt mer moderne arkitektur.<\/p>\n<\/div>\n<div><b>Kjennetegn:<\/b><\/div>\n<div>\n<ul>\n<li>C\/C-feste: 43 mm<\/li>\n<li>Sprintm\u00e5l: 8X53 mm<\/li>\n<li>Materialh\u00e5ndtak: Sink-aluminiumslegering<\/li>\n<li>Materiale bolt: Galvanisert st\u00e5l<\/li>\n<li>Overflatebehandling: Svart belagt<\/li>\n<\/ul>\n<\/div>","protected":false},"excerpt":{"rendered":"<p>ROCA Tyres\u00f6 WH-T 30R er et venstrehendt vindush\u00e5ndtak med bunnplate 30 og styrestifter for rett og ryddig montering. Med faste endeposisjoner for &quot;Tipp-Dreh&quot; vinduer. H\u00e5ndtaket er tilgjengelig i venstre, h\u00f8yre og<\/p>","protected":false},"featured_media":136690,"template":"","meta":{"_acf_changed":false},"product_brand":[],"product_cat":[4126],"product_tag":[],"class_list":{"0":"post-96781","1":"product","2":"type-product","3":"status-publish","4":"has-post-thumbnail","6":"product_cat-fonsterhandtag","7":"product_shipping_class-postnord-varubrev","8":"pa_brands-roca","9":"tm-no-options","11":"first","12":"onbackorder","13":"sale","14":"taxable","15":"shipping-taxable","16":"purchasable","17":"product-type-simple"},"acf":[],"_links":{"self":[{"href":"https:\/\/secureus.se\/no\/wp-json\/wp\/v2\/product\/96781","targetHints":{"allow":["GET"]}}],"collection":[{"href":"https:\/\/secureus.se\/no\/wp-json\/wp\/v2\/product"}],"about":[{"href":"https:\/\/secureus.se\/no\/wp-json\/wp\/v2\/types\/product"}],"wp:featuredmedia":[{"embeddable":true,"href":"https:\/\/secureus.se\/no\/wp-json\/wp\/v2\/media\/136690"}],"wp:attachment":[{"href":"https:\/\/secureus.se\/no\/wp-json\/wp\/v2\/media?parent=96781"}],"wp:term":[{"taxonomy":"product_brand","embeddable":true,"href":"https:\/\/secureus.se\/no\/wp-json\/wp\/v2\/product_brand?post=96781"},{"taxonomy":"product_cat","embeddable":true,"href":"https:\/\/secureus.se\/no\/wp-json\/wp\/v2\/product_cat?post=96781"},{"taxonomy":"product_tag","embeddable":true,"href":"https:\/\/secureus.se\/no\/wp-json\/wp\/v2\/product_tag?post=96781"}],"curies":[{"name":"wp","href":"https:\/\/api.w.org\/{rel}","templated":true}]}}