{"id":96797,"date":"2024-08-08T21:47:51","date_gmt":"2024-08-08T19:47:51","guid":{"rendered":"https:\/\/secureus.se\/?post_type=product&#038;p=96797"},"modified":"2025-09-15T12:05:51","modified_gmt":"2025-09-15T10:05:51","slug":"handtag-prasto-30l-vanster-8x53-krom","status":"publish","type":"product","link":"https:\/\/secureus.se\/no\/handtag-prasto-30l-vanster-8x53-krom\/","title":{"rendered":"Vindush\u00e5ndtak Pr\u00e4st\u00f6 30L Venstre 8X53 Krom \u2013 Roca"},"content":{"rendered":"<div>\n<div>ROCA Pr\u00e4st\u00f6 WH-P 30L er et venstrehendt vindush\u00e5ndtak med bunnplate 30 og styrestifter for rett og pen montering. Med faste endeposisjoner for &quot;Tipp-Dreh&quot; vinduer. H\u00e5ndtaket er tilgjengelig i venstre, h\u00f8yre og rette versjoner. Pr\u00e4st\u00f6-serien er det perfekte vindush\u00e5ndtaket for funksjonell arkitektur, men den oppdaterte retroklassikeren fungerer ogs\u00e5 p\u00e5 de fleste typer moderne bygninger. Pr\u00e4st\u00f6 har et lengre og mer ergonomisk grep enn eldre modeller.<\/div>\n<p><\/div>\n<div><b>Kjennetegn:<\/b><\/div>\n<div>\n<ul>\n<li>C\/C-feste: 43 mm<\/li>\n<li>Sprintm\u00e5l: 8X53 mm<\/li>\n<li>Materialh\u00e5ndtak: Sink-aluminiumslegering<\/li>\n<li>Materiale bolt: Galvanisert st\u00e5l<\/li>\n<li>Overflatebehandling: Forkrommet<\/li>\n<\/ul>\n<\/div>","protected":false},"excerpt":{"rendered":"<p>ROCA Pr\u00e4st\u00f6 WH-P 30L er et venstrehendt vindush\u00e5ndtak med bunnplate 30 og styrestifter for rett og pen montering. Med faste endeposisjoner for &quot;Tipp-Dreh&quot; vinduer. H\u00e5ndtaket er tilgjengelig i venstre, h\u00f8yre og<\/p>","protected":false},"featured_media":137080,"template":"","meta":{"_acf_changed":false},"product_brand":[],"product_cat":[4126],"product_tag":[],"class_list":{"0":"post-96797","1":"product","2":"type-product","3":"status-publish","4":"has-post-thumbnail","6":"product_cat-fonsterhandtag","7":"product_shipping_class-postnord-varubrev","8":"pa_brands-roca","9":"tm-no-options","11":"first","12":"onbackorder","13":"sale","14":"taxable","15":"shipping-taxable","16":"purchasable","17":"product-type-simple"},"acf":[],"_links":{"self":[{"href":"https:\/\/secureus.se\/no\/wp-json\/wp\/v2\/product\/96797","targetHints":{"allow":["GET"]}}],"collection":[{"href":"https:\/\/secureus.se\/no\/wp-json\/wp\/v2\/product"}],"about":[{"href":"https:\/\/secureus.se\/no\/wp-json\/wp\/v2\/types\/product"}],"wp:featuredmedia":[{"embeddable":true,"href":"https:\/\/secureus.se\/no\/wp-json\/wp\/v2\/media\/137080"}],"wp:attachment":[{"href":"https:\/\/secureus.se\/no\/wp-json\/wp\/v2\/media?parent=96797"}],"wp:term":[{"taxonomy":"product_brand","embeddable":true,"href":"https:\/\/secureus.se\/no\/wp-json\/wp\/v2\/product_brand?post=96797"},{"taxonomy":"product_cat","embeddable":true,"href":"https:\/\/secureus.se\/no\/wp-json\/wp\/v2\/product_cat?post=96797"},{"taxonomy":"product_tag","embeddable":true,"href":"https:\/\/secureus.se\/no\/wp-json\/wp\/v2\/product_tag?post=96797"}],"curies":[{"name":"wp","href":"https:\/\/api.w.org\/{rel}","templated":true}]}}