{"id":96804,"date":"2024-08-08T21:47:51","date_gmt":"2024-08-08T19:47:51","guid":{"rendered":"https:\/\/secureus.se\/?post_type=product&#038;p=96804"},"modified":"2026-04-08T15:56:38","modified_gmt":"2026-04-08T13:56:38","slug":"sakerhetsanordning-836s-8x53-krom","status":"publish","type":"product","link":"https:\/\/secureus.se\/no\/sakerhetsanordning-836s-8x53-krom\/","title":{"rendered":"Spagnoletth\u00e5ndtak Sikkerhetsanordning 836S 8X53 Krom"},"content":{"rendered":"<p><b>Bruksomr\u00e5de: <\/b><br \/>\n Brukes p\u00e5 innsiden av vinduer, vindusd\u00f8rer og skapd\u00f8rer som har hengsel, hvor man ikke \u00f8nsker fast h\u00e5ndtak, og som skal sikres mot innbrudd eller uautorisert \u00e5pning.<\/p>\n<div><\/div>\n<div><b>Egenskaper\/funksjon:\u00a0<\/b><\/div>\n<div>\n<ul>\n<li>Selvl\u00e5sende h\u00e5ndtak med sylinder.<\/li>\n<li>L\u00e5sbar med sylinder.\u00a0<\/li>\n<li>Godkjent i henhold til SS 3620 klasse B.<\/li>\n<\/ul>\n<p><b>Tilbeh\u00f8r: <\/b> Standard oval sylinder. Trekantn\u00f8kkel 145. Skive 841S.<\/p>\n<\/div>","protected":false},"excerpt":{"rendered":"<p>Bruksomr\u00e5de: Brukes p\u00e5 innsiden av vinduer, vindusd\u00f8rer og skapd\u00f8rer som har hengsel, hvor man ikke \u00f8nsker fast h\u00e5ndtak, og som skal sikres mot innbrudd eller uautorisert \u00e5pning. Egenskaper\/Funksjon: Selvl\u00e5sende<\/p>","protected":false},"featured_media":137066,"template":"","meta":{"_acf_changed":false},"product_brand":[],"product_cat":[4113,4126,4127],"product_tag":[],"class_list":{"0":"post-96804","1":"product","2":"type-product","3":"status-publish","4":"has-post-thumbnail","6":"product_cat-spanjoletthandtag","7":"product_cat-fonsterhandtag","8":"product_cat-handtag-altandorr","9":"product_shipping_class-postnord-varubrev","10":"pa_brands-abloy","11":"tm-no-options","13":"first","14":"instock","15":"sale","16":"taxable","17":"shipping-taxable","18":"purchasable","19":"product-type-simple"},"acf":[],"_links":{"self":[{"href":"https:\/\/secureus.se\/no\/wp-json\/wp\/v2\/product\/96804","targetHints":{"allow":["GET"]}}],"collection":[{"href":"https:\/\/secureus.se\/no\/wp-json\/wp\/v2\/product"}],"about":[{"href":"https:\/\/secureus.se\/no\/wp-json\/wp\/v2\/types\/product"}],"wp:featuredmedia":[{"embeddable":true,"href":"https:\/\/secureus.se\/no\/wp-json\/wp\/v2\/media\/137066"}],"wp:attachment":[{"href":"https:\/\/secureus.se\/no\/wp-json\/wp\/v2\/media?parent=96804"}],"wp:term":[{"taxonomy":"product_brand","embeddable":true,"href":"https:\/\/secureus.se\/no\/wp-json\/wp\/v2\/product_brand?post=96804"},{"taxonomy":"product_cat","embeddable":true,"href":"https:\/\/secureus.se\/no\/wp-json\/wp\/v2\/product_cat?post=96804"},{"taxonomy":"product_tag","embeddable":true,"href":"https:\/\/secureus.se\/no\/wp-json\/wp\/v2\/product_tag?post=96804"}],"curies":[{"name":"wp","href":"https:\/\/api.w.org\/{rel}","templated":true}]}}