{"id":96812,"date":"2024-08-08T21:47:51","date_gmt":"2024-08-08T19:47:51","guid":{"rendered":"https:\/\/secureus.se\/?post_type=product&#038;p=96812"},"modified":"2026-04-23T12:12:05","modified_gmt":"2026-04-23T10:12:05","slug":"handtag-london-013vk-350kl-hoger-8x67-f1-silver","status":"publish","type":"product","link":"https:\/\/secureus.se\/no\/handtag-london-013vk-350kl-hoger-8x67-f1-silver\/","title":{"rendered":"Espagnoletth\u00e5ndtak H\u00e5ndtak London 013VK\/350KL H\u00f8yre 8X67 F1 S\u00f8lv \u2013 HOPPE"},"content":{"rendered":"<div>HOPPE London 13VK\/350KL er en h\u00e5ndtaksserie med lang plate for vindusd\u00f8rer med l\u00e5sbare spaniels. Laget av aluminium. Oppfyller krav til nikkelavsetning - allergigodkjent.<\/div>\n<div><b><br \/>\nKjennetegn:<\/b><\/div>\n<div>\n<ul>\n<li>H\u00f8yresving<\/li>\n<li>Lang platepersienne (uten hull for sylinder)<\/li>\n<li>Sprintdiameter: 8 mm<\/li>\n<li>Sprintlengde: 67 mm<\/li>\n<li>Distinkte posisjoner: 90\u00b0<\/li>\n<li>Materiale: aluminium<\/li>\n<li>Farge: F1 Aluminium s\u00f8lvfarget<\/li>\n<li>Oppfyller krav til nikkelavsetning - allergigodkjent.<\/li>\n<\/ul>\n<\/div>\n<div><\/div>\n<div><\/div>","protected":false},"excerpt":{"rendered":"<p>HOPPE London 13VK\/350KL er en h\u00e5ndtaksserie med lang plate for vindusd\u00f8rer med l\u00e5sbare spaniels. Laget av aluminium. Oppfyller krav til nikkelavsetning - allergigodkjent. Egenskaper: H\u00f8yresving Lang skjoldgardin (uten hull for sylinder)<\/p>","protected":false},"featured_media":137400,"template":"","meta":{"_acf_changed":false},"product_brand":[],"product_cat":[4113,4126,4127],"product_tag":[],"class_list":{"0":"post-96812","1":"product","2":"type-product","3":"status-publish","4":"has-post-thumbnail","6":"product_cat-spanjoletthandtag","7":"product_cat-fonsterhandtag","8":"product_cat-handtag-altandorr","9":"product_shipping_class-postnord-varubrev","10":"pa_brands-hoppe","11":"tm-no-options","13":"first","14":"instock","15":"sale","16":"taxable","17":"shipping-taxable","18":"purchasable","19":"product-type-simple"},"acf":[],"_links":{"self":[{"href":"https:\/\/secureus.se\/no\/wp-json\/wp\/v2\/product\/96812","targetHints":{"allow":["GET"]}}],"collection":[{"href":"https:\/\/secureus.se\/no\/wp-json\/wp\/v2\/product"}],"about":[{"href":"https:\/\/secureus.se\/no\/wp-json\/wp\/v2\/types\/product"}],"wp:featuredmedia":[{"embeddable":true,"href":"https:\/\/secureus.se\/no\/wp-json\/wp\/v2\/media\/137400"}],"wp:attachment":[{"href":"https:\/\/secureus.se\/no\/wp-json\/wp\/v2\/media?parent=96812"}],"wp:term":[{"taxonomy":"product_brand","embeddable":true,"href":"https:\/\/secureus.se\/no\/wp-json\/wp\/v2\/product_brand?post=96812"},{"taxonomy":"product_cat","embeddable":true,"href":"https:\/\/secureus.se\/no\/wp-json\/wp\/v2\/product_cat?post=96812"},{"taxonomy":"product_tag","embeddable":true,"href":"https:\/\/secureus.se\/no\/wp-json\/wp\/v2\/product_tag?post=96812"}],"curies":[{"name":"wp","href":"https:\/\/api.w.org\/{rel}","templated":true}]}}