{"id":96840,"date":"2024-08-08T21:47:52","date_gmt":"2024-08-08T19:47:52","guid":{"rendered":"https:\/\/secureus.se\/?post_type=product&#038;p=96840"},"modified":"2026-04-08T15:46:13","modified_gmt":"2026-04-08T13:46:13","slug":"handtag-7312-hoger-8x53-mattkrom","status":"publish","type":"product","link":"https:\/\/secureus.se\/no\/handtag-7312-hoger-8x53-mattkrom\/","title":{"rendered":"Vindush\u00e5ndtak H\u00e5ndtak 7312 H\u00f8yre 8X53 Matt krom \u2013 Assa Abloy"},"content":{"rendered":"<div>ASSA ABLOY 7312 er et l\u00e5sbart vindush\u00e5ndtak i Vinga-serien for vinduer og vindusd\u00f8rer. Tilgjengelig i h\u00f8yre, venstre eller rett design. Passer b\u00e5de eldre og nyere arkitektur.<\/div>\n<div><b><br \/>Kjennetegn:<\/b><\/div>\n<div>\n<ul>\n<li>L\u00e5sbar med trykksylinder<\/li>\n<li>Egnet trykksylinder 7310 eller 716, 1216 og 1316 for godkjent l\u00e5sing<\/li>\n<li>Skyv sylinderen for \u00e5 l\u00e5se, l\u00e5s opp med n\u00f8kkel<\/li>\n<li>Vinga 7312 har en dekkplate som gir skjult skruefeste.<\/li>\n<li>H\u00e5ndtaket presses inn i brettet med et unikt snap-in-feste.<\/li>\n<li>Grepet kan enkelt demonteres og erstattes med et annet grep, f.eks. l\u00e5sbar eller grep av annen overflatebehandling.<\/li>\n<li>Oppfyller krav i henhold til Svensk Standard, SS 3620 klasse B, ang\u00e5ende innbruddssikring.<\/li>\n<li>Sprint, firkantet 8mm<\/li>\n<li>Sprintlengde: 48 mm. \u2013 kan kuttes ved behov<\/li>\n<li>Materiale: Zamak metall<\/li>\n<li>Overflatebehandling: Krom eller matt krom<\/li>\n<\/ul>\n<\/div>","protected":false},"excerpt":{"rendered":"<p>ASSA ABLOY 7312 er et l\u00e5sbart vindush\u00e5ndtak i Vinga-serien for vinduer og vindusd\u00f8rer. Tilgjengelig i h\u00f8yre, venstre eller rett design. Passer b\u00e5de eldre og nyere arkitektur. Egenskaper: L\u00e5sbar med<\/p>","protected":false},"featured_media":137018,"template":"","meta":{"_acf_changed":false},"product_brand":[],"product_cat":[4126,4127],"product_tag":[],"class_list":{"0":"post-96840","1":"product","2":"type-product","3":"status-publish","4":"has-post-thumbnail","6":"product_cat-fonsterhandtag","7":"product_cat-handtag-altandorr","8":"product_shipping_class-postnord-varubrev","9":"pa_brands-abloy","10":"tm-no-options","12":"first","13":"onbackorder","14":"sale","15":"taxable","16":"shipping-taxable","17":"purchasable","18":"product-type-simple"},"acf":[],"_links":{"self":[{"href":"https:\/\/secureus.se\/no\/wp-json\/wp\/v2\/product\/96840","targetHints":{"allow":["GET"]}}],"collection":[{"href":"https:\/\/secureus.se\/no\/wp-json\/wp\/v2\/product"}],"about":[{"href":"https:\/\/secureus.se\/no\/wp-json\/wp\/v2\/types\/product"}],"wp:featuredmedia":[{"embeddable":true,"href":"https:\/\/secureus.se\/no\/wp-json\/wp\/v2\/media\/137018"}],"wp:attachment":[{"href":"https:\/\/secureus.se\/no\/wp-json\/wp\/v2\/media?parent=96840"}],"wp:term":[{"taxonomy":"product_brand","embeddable":true,"href":"https:\/\/secureus.se\/no\/wp-json\/wp\/v2\/product_brand?post=96840"},{"taxonomy":"product_cat","embeddable":true,"href":"https:\/\/secureus.se\/no\/wp-json\/wp\/v2\/product_cat?post=96840"},{"taxonomy":"product_tag","embeddable":true,"href":"https:\/\/secureus.se\/no\/wp-json\/wp\/v2\/product_tag?post=96840"}],"curies":[{"name":"wp","href":"https:\/\/api.w.org\/{rel}","templated":true}]}}