{"id":96858,"date":"2024-08-08T21:47:53","date_gmt":"2024-08-08T19:47:53","guid":{"rendered":"https:\/\/secureus.se\/?post_type=product&#038;p=96858"},"modified":"2026-04-08T15:37:03","modified_gmt":"2026-04-08T13:37:03","slug":"handtag-2683-rakt-8x43-nickel","status":"publish","type":"product","link":"https:\/\/secureus.se\/no\/handtag-2683-rakt-8x43-nickel\/","title":{"rendered":"Espagnoletth\u00e5ndtak H\u00e5ndtak 2683 Rett 8X43 Nikkel \u2013 SIBES"},"content":{"rendered":"<div>SIBES 2683 er et klassisk vindush\u00e5ndtak. 683 st\u00e5r for modellen p\u00e5 h\u00e5ndtaket og den finnes ogs\u00e5 som l\u00e5sbart h\u00e5ndtak og med lang plate for l\u00e5sbare spanske d\u00f8rer til terrassed\u00f8rer. Som alle SIBES vindus- og vindusd\u00f8rh\u00e5ndtak er de designet for \u00e5 matche v\u00e5re store bygningstider fra rokokko til Funkis. Alle h\u00e5ndtak er st\u00f8pt i messing for riktig vekt, f\u00f8lelse og finish.<\/div>\n<div><b>Kjennetegn:<\/b><\/div>\n<div>\n<ul>\n<li>Sprintm\u00e5l: 8X43 mm<\/li>\n<li>C\/C-feste: 43 mm<\/li>\n<li>Innebygde l\u00e5seposisjoner for \u00e5pen og lukket som holder h\u00e5ndtaket i riktig posisjon.<\/li>\n<li>Matchende h\u00e5ndtaksl\u00e5s 7450<\/li>\n<li>Materiale: Messing<\/li>\n<li>Tilgjengelig i overflatebehandling: Ubehandlet polert messing, forniklet<\/li>\n<li>Kan ogs\u00e5 f\u00e5s med 7 mm bolt og andre lengder<\/li>\n<li>Anbefalt skrue TKFX 4.0<\/li>\n<\/ul>\n<\/div>","protected":false},"excerpt":{"rendered":"<p>SIBES 2683 er et klassisk vindush\u00e5ndtak. 683 st\u00e5r for modellen p\u00e5 h\u00e5ndtaket og den finnes ogs\u00e5 som l\u00e5sbart h\u00e5ndtak og med lang plate for l\u00e5sbare spanske d\u00f8rer til terrassed\u00f8rer. Som alle SIBES<\/p>","protected":false},"featured_media":137350,"template":"","meta":{"_acf_changed":false},"product_brand":[],"product_cat":[4113,4126,4127],"product_tag":[],"class_list":{"0":"post-96858","1":"product","2":"type-product","3":"status-publish","4":"has-post-thumbnail","6":"product_cat-spanjoletthandtag","7":"product_cat-fonsterhandtag","8":"product_cat-handtag-altandorr","9":"product_shipping_class-postnord-varubrev","10":"pa_brands-sibes","11":"tm-no-options","13":"first","14":"instock","15":"sale","16":"taxable","17":"shipping-taxable","18":"purchasable","19":"product-type-simple"},"acf":[],"_links":{"self":[{"href":"https:\/\/secureus.se\/no\/wp-json\/wp\/v2\/product\/96858","targetHints":{"allow":["GET"]}}],"collection":[{"href":"https:\/\/secureus.se\/no\/wp-json\/wp\/v2\/product"}],"about":[{"href":"https:\/\/secureus.se\/no\/wp-json\/wp\/v2\/types\/product"}],"wp:featuredmedia":[{"embeddable":true,"href":"https:\/\/secureus.se\/no\/wp-json\/wp\/v2\/media\/137350"}],"wp:attachment":[{"href":"https:\/\/secureus.se\/no\/wp-json\/wp\/v2\/media?parent=96858"}],"wp:term":[{"taxonomy":"product_brand","embeddable":true,"href":"https:\/\/secureus.se\/no\/wp-json\/wp\/v2\/product_brand?post=96858"},{"taxonomy":"product_cat","embeddable":true,"href":"https:\/\/secureus.se\/no\/wp-json\/wp\/v2\/product_cat?post=96858"},{"taxonomy":"product_tag","embeddable":true,"href":"https:\/\/secureus.se\/no\/wp-json\/wp\/v2\/product_tag?post=96858"}],"curies":[{"name":"wp","href":"https:\/\/api.w.org\/{rel}","templated":true}]}}