{"id":96869,"date":"2024-08-08T21:47:53","date_gmt":"2024-08-08T19:47:53","guid":{"rendered":"https:\/\/secureus.se\/?post_type=product&#038;p=96869"},"modified":"2026-04-23T12:05:01","modified_gmt":"2026-04-23T10:05:01","slug":"handtag-51-rakt-8x63-krom","status":"publish","type":"product","link":"https:\/\/secureus.se\/no\/handtag-51-rakt-8x63-krom\/","title":{"rendered":"Vindush\u00e5ndtak H\u00e5ndtak 51 Rett 8X63 Krom \u2013 Assa Abloy"},"content":{"rendered":"<div>ASSA ABLOY 51 er et h\u00e5ndtak for vinduer, d\u00f8rer, luker som ikke skal ha fast h\u00e5ndtak, og hvor det ikke er fare for selv\u00e5pning (i de tilfellene anbefales Fix 805 + 811). Passer til brett 1857 og 1857T.<\/div>\n<div><b><br \/>Kjennetegn: <\/b><\/div>\n<div>\n<ul>\n<li>Passer i brett Fix 1857, 1857T. <\/li>\n<li>N\u00e5r du snur for \u00e5 \u00e5pne, kan du, takket v\u00e6re knotten, trekke baugen mot deg. <\/li>\n<li>H\u00e5ndtaket kan kun tas av i lukket stilling. <\/li>\n<li>Sprint av 8 mm galvanisert firkantst\u00e5l. <\/li>\n<li>Sprintlengde 63 mm.<\/li>\n<li>Materiale: Zamak metall<\/li>\n<li>Overflatebehandling: Forkrommet<\/li>\n<\/ul>\n<\/div>\n<div><\/div>","protected":false},"excerpt":{"rendered":"<p>ASSA ABLOY 51 er et h\u00e5ndtak for vinduer, d\u00f8rer, luker som ikke skal ha fast h\u00e5ndtak, og hvor det ikke er fare for selv\u00e5pning (i de tilfellene anbefales Fix 805+<\/p>","protected":false},"featured_media":136587,"template":"","meta":{"_acf_changed":false},"product_brand":[],"product_cat":[4126],"product_tag":[],"class_list":{"0":"post-96869","1":"product","2":"type-product","3":"status-publish","4":"has-post-thumbnail","6":"product_cat-fonsterhandtag","7":"product_shipping_class-postnord-varubrev","8":"pa_brands-abloy","9":"tm-no-options","11":"first","12":"instock","13":"sale","14":"taxable","15":"shipping-taxable","16":"purchasable","17":"product-type-simple"},"acf":[],"_links":{"self":[{"href":"https:\/\/secureus.se\/no\/wp-json\/wp\/v2\/product\/96869","targetHints":{"allow":["GET"]}}],"collection":[{"href":"https:\/\/secureus.se\/no\/wp-json\/wp\/v2\/product"}],"about":[{"href":"https:\/\/secureus.se\/no\/wp-json\/wp\/v2\/types\/product"}],"wp:featuredmedia":[{"embeddable":true,"href":"https:\/\/secureus.se\/no\/wp-json\/wp\/v2\/media\/136587"}],"wp:attachment":[{"href":"https:\/\/secureus.se\/no\/wp-json\/wp\/v2\/media?parent=96869"}],"wp:term":[{"taxonomy":"product_brand","embeddable":true,"href":"https:\/\/secureus.se\/no\/wp-json\/wp\/v2\/product_brand?post=96869"},{"taxonomy":"product_cat","embeddable":true,"href":"https:\/\/secureus.se\/no\/wp-json\/wp\/v2\/product_cat?post=96869"},{"taxonomy":"product_tag","embeddable":true,"href":"https:\/\/secureus.se\/no\/wp-json\/wp\/v2\/product_tag?post=96869"}],"curies":[{"name":"wp","href":"https:\/\/api.w.org\/{rel}","templated":true}]}}