{"id":96873,"date":"2024-08-08T21:47:53","date_gmt":"2024-08-08T19:47:53","guid":{"rendered":"https:\/\/secureus.se\/?post_type=product&#038;p=96873"},"modified":"2026-04-08T15:36:43","modified_gmt":"2026-04-08T13:36:43","slug":"handtag-835s-rakt-8x53-krom","status":"publish","type":"product","link":"https:\/\/secureus.se\/no\/handtag-835s-rakt-8x53-krom\/","title":{"rendered":"Spagnoletth\u00e5ndtak H\u00e5ndtak 835S Rett 8X53 Krom \u2013 Assa Abloy"},"content":{"rendered":"<p>\nASSA ABLOY 835S er et l\u00e5sbart h\u00e5ndtak som brukes p\u00e5 innsiden av vindusd\u00f8rer, vinduer og skapd\u00f8rer som har hengsel og skal sikres mot innbrudd og uautorisert \u00e5pning.<\/p>\n<div><\/div>\n<div><b>Kjennetegn:\u00a0\u00a0<\/b><\/div>\n<div>\n<ul>\n<li>L\u00e5sbar med oval sylinder (ikke inkludert)<\/li>\n<li>Sylinderhus dekker hele sylinderen med syv pinner<\/li>\n<li>Godkjent i henhold til SS 3620 klasse B<\/li>\n<li>L\u00e5ser ved \u00e5 vri n\u00f8kkelen<\/li>\n<li>N\u00f8kkelen kan tas ut i ul\u00e5st posisjon.\u00a0<\/li>\n<li>H\u00e5ndtaket har slureclutch som fungerer ved overbelastning og hindrer brudd p\u00e5 l\u00e5semekanismen ved innbruddsfors\u00f8k og uautorisert \u00e5pning fra innsiden.\u00a0<\/li>\n<li>Det finnes ogs\u00e5 en modell med mikrobryter\u00a0<\/li>\n<\/ul>\n<p><b>Varianter:<\/b><\/p>\n<ul>\n<li>835S: L\u00e5ser med n\u00f8kkelvending.\u00a0<\/li>\n<li>837S: L\u00e5ser seg automatisk n\u00e5r h\u00e5ndtaket dreies til lukket stilling.\u00a0<\/li>\n<li>8350S: Med mottaker for medbringer fra utvendig sylinder. Muliggj\u00f8r l\u00e5sing fra begge sider<\/li>\n<\/ul>\n<\/div>\n<div><\/div>\n<div><b>Tilbeh\u00f8r:<\/b>\u00a0<\/div>\n<div>\n<ul>\n<li>Standard oval sylinder<\/li>\n<li>Skive 841S<\/li>\n<li>Festeplate 5325<\/li>\n<li>H\u00e5ndtakskoblinger 833, 833\/16 eller 961, brukes n\u00e5r h\u00e5ndtak m\u00e5 monteres p\u00e5 begge sider<\/li>\n<\/ul>\n<\/div>","protected":false},"excerpt":{"rendered":"<p>ASSA ABLOY 835S er et l\u00e5sbart h\u00e5ndtak som brukes p\u00e5 innsiden av vindusd\u00f8rer, vinduer og skapd\u00f8rer som har hengsel og skal sikres mot innbrudd og uautorisert \u00e5pning. Egenskaper: L\u00e5sbar<\/p>","protected":false},"featured_media":137871,"template":"","meta":{"_acf_changed":false},"product_brand":[],"product_cat":[4113,4126,4127],"product_tag":[],"class_list":{"0":"post-96873","1":"product","2":"type-product","3":"status-publish","4":"has-post-thumbnail","6":"product_cat-spanjoletthandtag","7":"product_cat-fonsterhandtag","8":"product_cat-handtag-altandorr","9":"product_shipping_class-postnord-varubrev","10":"pa_brands-abloy","11":"tm-no-options","13":"first","14":"instock","15":"sale","16":"taxable","17":"shipping-taxable","18":"purchasable","19":"product-type-simple"},"acf":[],"_links":{"self":[{"href":"https:\/\/secureus.se\/no\/wp-json\/wp\/v2\/product\/96873","targetHints":{"allow":["GET"]}}],"collection":[{"href":"https:\/\/secureus.se\/no\/wp-json\/wp\/v2\/product"}],"about":[{"href":"https:\/\/secureus.se\/no\/wp-json\/wp\/v2\/types\/product"}],"wp:featuredmedia":[{"embeddable":true,"href":"https:\/\/secureus.se\/no\/wp-json\/wp\/v2\/media\/137871"}],"wp:attachment":[{"href":"https:\/\/secureus.se\/no\/wp-json\/wp\/v2\/media?parent=96873"}],"wp:term":[{"taxonomy":"product_brand","embeddable":true,"href":"https:\/\/secureus.se\/no\/wp-json\/wp\/v2\/product_brand?post=96873"},{"taxonomy":"product_cat","embeddable":true,"href":"https:\/\/secureus.se\/no\/wp-json\/wp\/v2\/product_cat?post=96873"},{"taxonomy":"product_tag","embeddable":true,"href":"https:\/\/secureus.se\/no\/wp-json\/wp\/v2\/product_tag?post=96873"}],"curies":[{"name":"wp","href":"https:\/\/api.w.org\/{rel}","templated":true}]}}