{"id":97454,"date":"2024-08-20T18:24:21","date_gmt":"2024-08-20T16:24:21","guid":{"rendered":"https:\/\/secureus.se\/?post_type=product&#038;p=97454"},"modified":"2026-03-25T15:41:04","modified_gmt":"2026-03-25T14:41:04","slug":"fonsterbroms-760-3","status":"publish","type":"product","link":"https:\/\/secureus.se\/no\/fonsterbroms-760-3\/","title":{"rendered":"ASSA Fix 760\/2 Vindusbrems \/ D\u00f8rbrems \u2013 257 mm \u2013 Euronot"},"content":{"rendered":"<p><strong>ASSA 760\/3<\/strong> er en <strong>vindusbrems \/ d\u00f8rbrems for vinduer og terrassed\u00f8rer<\/strong> som brukes sammen med <strong>espagnolett med bremsegirkasse<\/strong>. Det gj\u00f8r at vinduet eller d\u00f8ren kan forbli i en \u00e5pen ventilasjonsposisjon i stedet for \u00e5 smelle igjen eller \u00e5pne seg helt.<\/p>\n<p>Modellen er <strong>tilpasset for Euronote<\/strong> og har en <strong>16 mm smal bremseboks<\/strong> som er montert i et frest spor i et vindu eller terrassed\u00f8r.<\/p>\n<p>Vindusbremsen betjenes via espagnoletth\u00e5ndtaket og skaper friksjon i bremsestangen slik at vinduet eller terrassed\u00f8ren kan holdes i \u00f8nsket ventilasjonsposisjon.<\/p>\n<h3>Kjennetegn<\/h3>\n<ul>\n<li>Avtakbar rammebrakett<\/li>\n<li>Tilpasset for Euronot (skinnemontering)<\/li>\n<li>Smalt bremsehus \u2013 16 mm<\/li>\n<li>Passer til vinduer og terrassed\u00f8rer<\/li>\n<li>Betjenes via espagnoletth\u00e5ndtaket<\/li>\n<li>Holder d\u00f8ren i ventilasjonsposisjon<\/li>\n<li>Glipper ved overbelastning for \u00e5 beskytte hengsler og beslag<\/li>\n<li>\u00d8kt friksjon ved st\u00f8rre \u00e5pningsvinkel<\/li>\n<\/ul>\n<h3>Montering<\/h3>\n<p>ASSA 760 er montert i en <strong>frest spor i vindu- eller d\u00f8rkarmen<\/strong> og brukes sammen med rammefeste:<\/p>\n<ul>\n<li>Rammebrakett 5580<\/li>\n<li>Rammebrakett 5550T<\/li>\n<\/ul>\n<p>Rammefeste kj\u00f8pes separat.<\/p>\n<h3>M\u00e5tt \u2013 ASSA 760\/3<\/h3>\n<ul>\n<li>For buebredde: 551\u2013800 mm<\/li>\n<li>\u00c5pningsvinkel: 85\u00b0<\/li>\n<li>Bremsebokslengde: 357 mm<\/li>\n<li>Armlengde: 280 mm<\/li>\n<li>Bremseboksbredde: 16 mm<\/li>\n<\/ul>\n<h3>Anbefalte skruer<\/h3>\n<ul>\n<li>TFX 3,0 mm for vindusbrems<\/li>\n<li>TFX 3,5 mm til rammefeste<\/li>\n<\/ul>\n<div style=\"background: #f6f8fa;padding: 14px;border-radius: 6px;margin: 18px 0\">\n<p><strong>Er du usikker p\u00e5 hvilken vindusbrems du trenger?<\/strong><\/p>\n<p>Sammenlign din eksisterende bremse med produktbildene eller se hele sortimentet.<a style=\"font-weight: bold\" href=\"https:\/\/secureus.se\/no\/fonsterbroms\/\"><br \/>\nSe alle vindusbremser her \u2192<br \/>\n<\/a><\/p>\n<\/div>","protected":false},"excerpt":{"rendered":"<div style=\"background: #f6f8fa;padding: 14px;border-radius: 6px;margin: 15px 0\">\n<p><strong>\u2714 Denne modellen er montert i et spor (Euronot)<\/strong><\/p>\n<p>ASSA 760 har en <strong>16 mm smal bremseboks<\/strong> som er laget for \u00e5 passe i et frest spor i et vindu eller en terrassed\u00f8r.<\/p>\n<p>Sjekk derfor at din eksisterende bremse passer i et spor i d\u00f8ren eller vinduet f\u00f8r du bestiller.<\/p>\n<p><img decoding=\"async\" style=\"max-width: 150px;width: 100%;margin-top: 10px;border-radius: 6px\" src=\"https:\/\/secureus.se\/wp-content\/uploads\/2024\/12\/fonsterbroms-760-4-1-150x150.jpg\" alt=\"Vindusstopp i spor Euronot 16 mm\" \/><\/p>\n<\/div>","protected":false},"featured_media":136713,"template":"","meta":{"_acf_changed":false},"product_brand":[],"product_cat":[3126,4797],"product_tag":[4800,4863],"class_list":{"0":"post-97454","1":"product","2":"type-product","3":"status-publish","4":"has-post-thumbnail","6":"product_cat-fonsterbroms","7":"product_cat-assa-760","8":"product_tag-357mm","9":"product_tag-pf","10":"product_shipping_class-tunga-paket","11":"pa_brands-abloy","12":"tm-no-options","14":"first","15":"instock","16":"taxable","17":"shipping-taxable","18":"purchasable","19":"product-type-simple"},"acf":[],"_links":{"self":[{"href":"https:\/\/secureus.se\/no\/wp-json\/wp\/v2\/product\/97454","targetHints":{"allow":["GET"]}}],"collection":[{"href":"https:\/\/secureus.se\/no\/wp-json\/wp\/v2\/product"}],"about":[{"href":"https:\/\/secureus.se\/no\/wp-json\/wp\/v2\/types\/product"}],"wp:featuredmedia":[{"embeddable":true,"href":"https:\/\/secureus.se\/no\/wp-json\/wp\/v2\/media\/136713"}],"wp:attachment":[{"href":"https:\/\/secureus.se\/no\/wp-json\/wp\/v2\/media?parent=97454"}],"wp:term":[{"taxonomy":"product_brand","embeddable":true,"href":"https:\/\/secureus.se\/no\/wp-json\/wp\/v2\/product_brand?post=97454"},{"taxonomy":"product_cat","embeddable":true,"href":"https:\/\/secureus.se\/no\/wp-json\/wp\/v2\/product_cat?post=97454"},{"taxonomy":"product_tag","embeddable":true,"href":"https:\/\/secureus.se\/no\/wp-json\/wp\/v2\/product_tag?post=97454"}],"curies":[{"name":"wp","href":"https:\/\/api.w.org\/{rel}","templated":true}]}}