{"id":97510,"date":"2024-08-21T19:29:07","date_gmt":"2024-08-21T17:29:07","guid":{"rendered":"https:\/\/secureus.se\/?post_type=product&#038;p=97510"},"modified":"2025-10-21T12:44:09","modified_gmt":"2025-10-21T10:44:09","slug":"trycke-8638-30-75mm-matt-rostfritt","status":"publish","type":"product","link":"https:\/\/secureus.se\/no\/trycke-8638-30-75mm-matt-rostfritt\/","title":{"rendered":"D\u00f8rh\u00e5ndtak Trycke 8638 30-75mm Matt Rustfritt \u2013 Assa Abloy"},"content":{"rendered":"<p>\nD\u00f8rh\u00e5ndtak 8638 er en del av ASSA ABLOYs serie med h\u00e5ndtak, trekkh\u00e5ndtak og tilbeh\u00f8r i rustfritt st\u00e5l. Passer veldig godt i moderne offentlige objekttyper, f.eks institusjoner, kontorer i milj\u00f8er med h\u00f8ye hygieniske krav. Det rustfrie materialet er slitesterkt og beskytter mot korrosjon og luftforurensning. Egnet for ytterd\u00f8rer, inngangsd\u00f8rer og innvendige d\u00f8rer med modull\u00e5s.<br \/>\n<\/p>\n<div><\/div>\n<div><b>Kjennetegn:<\/b>\u00a0<\/div>\n<div>\n<ul>\n<li>Returfj\u00e6r som avlaster l\u00e5sehusets rofj\u00e6r og hjelper trykket tilbake til horisontal posisjon.\u00a0\u00a0<\/li>\n<li>Alle synlige deler i mattb\u00f8rstet syrefast rustfritt st\u00e5l, AISI 316L\u00a0<\/li>\n<li>N\u00e5lelager for friksjonsfri kj\u00f8ring.\u00a0\u00a0<\/li>\n<li>Tilgjengelig for 30-75 mm d\u00f8rtykkelse.\u00a0<\/li>\n<li>Standard rosett \u00d8 53 mm<\/li>\n<li>Passer til Connect \/ Classic modull\u00e5shus<\/li>\n<li>Passer ikke til l\u00e5sehus ABLOY 2014 eller tilsvarende indre d\u00f8rboks<\/li>\n<li>Utskiftbar trykstift og skrue for varierende d\u00f8rtykkelser.<\/li>\n<li>Kontinuerlig skruefeste som forsterker d\u00f8ren.<\/li>\n<\/ul>\n<p><b>Pakken inneholder:<br \/><\/b><\/p>\n<ul>\n<li>2 stk. Pressende halvdeler (h\u00e5ndtak).<\/li>\n<li>2 stk. Trykkskruer M5. (drei skruen)<\/li>\n<li>2 O-ringer.<\/li>\n<li>2 stk. Hylsemutter M5.<\/li>\n<li>2 stk. Trykkstifter 8x8x102 mm og 8x8x120 mm.<\/li>\n<\/ul>\n<\/div>","protected":false},"excerpt":{"rendered":"<p>D\u00f6rrtrycke 8638 ing\u00e5r i ASSA ABLOYs serie av rostfria rostfria trycken, draghandtag och beh\u00f6r. L\u00e4mpar sig mycket v\u00e4l i moderna offentliga objekttyper, t ex institutioner, kontor i milj\u00f6er med h\u00f6ga<\/p>","protected":false},"featured_media":136700,"template":"","meta":{"_acf_changed":false},"product_brand":[],"product_cat":[4124,4125],"product_tag":[4863],"class_list":{"0":"post-97510","1":"product","2":"type-product","3":"status-publish","4":"has-post-thumbnail","6":"product_cat-dorrhandtag-innerdorr","7":"product_cat-dorrhandtag-ytterdorr","8":"product_tag-pf","9":"product_shipping_class-postnord-varubrev","10":"pa_brands-abloy","11":"tm-no-options","13":"first","14":"onbackorder","15":"sale","16":"taxable","17":"shipping-taxable","18":"purchasable","19":"product-type-simple"},"acf":[],"_links":{"self":[{"href":"https:\/\/secureus.se\/no\/wp-json\/wp\/v2\/product\/97510","targetHints":{"allow":["GET"]}}],"collection":[{"href":"https:\/\/secureus.se\/no\/wp-json\/wp\/v2\/product"}],"about":[{"href":"https:\/\/secureus.se\/no\/wp-json\/wp\/v2\/types\/product"}],"wp:featuredmedia":[{"embeddable":true,"href":"https:\/\/secureus.se\/no\/wp-json\/wp\/v2\/media\/136700"}],"wp:attachment":[{"href":"https:\/\/secureus.se\/no\/wp-json\/wp\/v2\/media?parent=97510"}],"wp:term":[{"taxonomy":"product_brand","embeddable":true,"href":"https:\/\/secureus.se\/no\/wp-json\/wp\/v2\/product_brand?post=97510"},{"taxonomy":"product_cat","embeddable":true,"href":"https:\/\/secureus.se\/no\/wp-json\/wp\/v2\/product_cat?post=97510"},{"taxonomy":"product_tag","embeddable":true,"href":"https:\/\/secureus.se\/no\/wp-json\/wp\/v2\/product_tag?post=97510"}],"curies":[{"name":"wp","href":"https:\/\/api.w.org\/{rel}","templated":true}]}}