{"id":97512,"date":"2024-08-21T19:29:08","date_gmt":"2024-08-21T17:29:08","guid":{"rendered":"https:\/\/secureus.se\/?post_type=product&#038;p=97512"},"modified":"2026-03-25T15:38:04","modified_gmt":"2026-03-25T14:38:04","slug":"trycke-dallas-1643-id-35-55mm-f9714m-mattsvart","status":"publish","type":"product","link":"https:\/\/secureus.se\/no\/trycke-dallas-1643-id-35-55mm-f9714m-mattsvart\/","title":{"rendered":"D\u00f8rh\u00e5ndtak Dallas 1643 ID 35-55mm F9714M Matt svart \u2013 HOPPE"},"content":{"rendered":"<p>\nHOPPE-trykk med minirosetter for innerd\u00f8rer i Dallas-serien. Alle synlige detaljer er laget av aluminium. Med dobbeltvirkende returfj\u00e6r og Kvick-i-Sprint feste som gj\u00f8r at monteringen skjer helt uten skruer.<\/p>\n<p><b>Kjennetegn:<\/b><\/p>\n<ul>\n<li>Oppfyller krav til nikkelavsetning - hypoallergen<\/li>\n<li>D\u00f8rtykkelse 35-55 mm.<\/li>\n<li>Trykkn\u00e5l 8\u00d78 mm<\/li>\n<li>Minirosetter med ytre diameter 28 mm<\/li>\n<li>Materiale: Aluminium<\/li>\n<li>Farge: F9714M Sort<\/li>\n<li>10 \u00e5rs funksjonsgaranti.<\/li>\n<\/ul>","protected":false},"excerpt":{"rendered":"<p>HOPPE-trykk med minirosetter for innerd\u00f8rer i Dallas-serien. Alle synlige detaljer er laget av aluminium. Med dobbeltvirkende returfj\u00e6r og Kvick-i-Sprint feste som gj\u00f8r at monteringen skjer helt uten skruer.<\/p>","protected":false},"featured_media":136526,"template":"","meta":{"_acf_changed":false},"product_brand":[],"product_cat":[4124],"product_tag":[],"class_list":{"0":"post-97512","1":"product","2":"type-product","3":"status-publish","4":"has-post-thumbnail","6":"product_cat-dorrhandtag-innerdorr","7":"product_shipping_class-postnord-varubrev","8":"pa_brands-hoppe","9":"tm-no-options","11":"first","12":"instock","13":"sale","14":"taxable","15":"shipping-taxable","16":"purchasable","17":"product-type-simple"},"acf":[],"_links":{"self":[{"href":"https:\/\/secureus.se\/no\/wp-json\/wp\/v2\/product\/97512","targetHints":{"allow":["GET"]}}],"collection":[{"href":"https:\/\/secureus.se\/no\/wp-json\/wp\/v2\/product"}],"about":[{"href":"https:\/\/secureus.se\/no\/wp-json\/wp\/v2\/types\/product"}],"wp:featuredmedia":[{"embeddable":true,"href":"https:\/\/secureus.se\/no\/wp-json\/wp\/v2\/media\/136526"}],"wp:attachment":[{"href":"https:\/\/secureus.se\/no\/wp-json\/wp\/v2\/media?parent=97512"}],"wp:term":[{"taxonomy":"product_brand","embeddable":true,"href":"https:\/\/secureus.se\/no\/wp-json\/wp\/v2\/product_brand?post=97512"},{"taxonomy":"product_cat","embeddable":true,"href":"https:\/\/secureus.se\/no\/wp-json\/wp\/v2\/product_cat?post=97512"},{"taxonomy":"product_tag","embeddable":true,"href":"https:\/\/secureus.se\/no\/wp-json\/wp\/v2\/product_tag?post=97512"}],"curies":[{"name":"wp","href":"https:\/\/api.w.org\/{rel}","templated":true}]}}