{"id":97538,"date":"2024-08-21T19:29:10","date_gmt":"2024-08-21T17:29:10","guid":{"rendered":"https:\/\/secureus.se\/?post_type=product&#038;p=97538"},"modified":"2026-03-25T15:37:26","modified_gmt":"2026-03-25T14:37:26","slug":"trycke-6616-76-90mm-prion","status":"publish","type":"product","link":"https:\/\/secureus.se\/no\/trycke-6616-76-90mm-prion\/","title":{"rendered":"D\u00f8rh\u00e5ndtak Trycke 6616 76-90mm Prion \u2013 Assa Abloy"},"content":{"rendered":"<p>\nASSA ABLOY 6616 er et meget enkelt modernistisk d\u00f8rh\u00e5ndtak som med sin tydelige form passer til milj\u00f8er med strammere interi\u00f8r, for eksempel sykehus og institusjoner. 6616 er en del av ASSA ABLOY Classic-serien. Egnet for ytterd\u00f8rer, inngangsd\u00f8rer og innvendige d\u00f8rer med modull\u00e5s.<\/p>\n<div><\/div>\n<div><b>Kjennetegn:<\/b><\/div>\n<ul>\n<li>Materiale: Messing.<\/li>\n<li>Overflatebehandling: Nikkel, Prion, Matt krom, Polert messing, Matt messing og Matt sort MIRUS.<\/li>\n<li>Returfj\u00e6r som avlaster l\u00e5sehusets rofj\u00e6r og hjelper trykket med \u00e5 holde seg i horisontal posisjon.<\/li>\n<li>Rosett: \u00d8 52 mm.<\/li>\n<li>Passer til Connect \/ Classic modull\u00e5shus<\/li>\n<li>Passer ikke til l\u00e5sehus ABLOY 2014 eller tilsvarende indre d\u00f8rboks<\/li>\n<li>Standard levering tilpasset 76-90 mm d\u00f8rtykkelse.<\/li>\n<li>Utskiftbar trykstift og skrue for varierende d\u00f8rtykkelser.<\/li>\n<li>Kontinuerlig skruefeste som forsterker d\u00f8ren.<\/li>\n<\/ul>\n<div><b>Pakken inneholder:<\/b><\/div>\n<div>\n<ul>\n<li>2 stk. Pressende halvdeler (h\u00e5ndtak).<\/li>\n<li>2 stk. Trykkskruer M5. (drei skruen)<\/li>\n<li>2 O-ringer.<\/li>\n<li>2 stk. Hylsemutter M5.<\/li>\n<li>1 stk. Pressstift 8x8x138 mm.<\/li>\n<\/ul>\n<\/div>","protected":false},"excerpt":{"rendered":"<p>ASSA ABLOY 6616 er et meget enkelt modernistisk d\u00f8rh\u00e5ndtak som med sin tydelige form passer til milj\u00f8er med strammere interi\u00f8r, for eksempel sykehus og institusjoner. 6616 er en del av ASSA ABLOY Classic-serien.<\/p>","protected":false},"featured_media":137247,"template":"","meta":{"_acf_changed":false},"product_brand":[],"product_cat":[4124,4125],"product_tag":[],"class_list":{"0":"post-97538","1":"product","2":"type-product","3":"status-publish","4":"has-post-thumbnail","6":"product_cat-dorrhandtag-innerdorr","7":"product_cat-dorrhandtag-ytterdorr","8":"product_shipping_class-postnord-varubrev","9":"pa_brands-abloy","10":"tm-no-options","12":"first","13":"instock","14":"sale","15":"taxable","16":"shipping-taxable","17":"purchasable","18":"product-type-simple"},"acf":[],"_links":{"self":[{"href":"https:\/\/secureus.se\/no\/wp-json\/wp\/v2\/product\/97538","targetHints":{"allow":["GET"]}}],"collection":[{"href":"https:\/\/secureus.se\/no\/wp-json\/wp\/v2\/product"}],"about":[{"href":"https:\/\/secureus.se\/no\/wp-json\/wp\/v2\/types\/product"}],"wp:featuredmedia":[{"embeddable":true,"href":"https:\/\/secureus.se\/no\/wp-json\/wp\/v2\/media\/137247"}],"wp:attachment":[{"href":"https:\/\/secureus.se\/no\/wp-json\/wp\/v2\/media?parent=97538"}],"wp:term":[{"taxonomy":"product_brand","embeddable":true,"href":"https:\/\/secureus.se\/no\/wp-json\/wp\/v2\/product_brand?post=97538"},{"taxonomy":"product_cat","embeddable":true,"href":"https:\/\/secureus.se\/no\/wp-json\/wp\/v2\/product_cat?post=97538"},{"taxonomy":"product_tag","embeddable":true,"href":"https:\/\/secureus.se\/no\/wp-json\/wp\/v2\/product_tag?post=97538"}],"curies":[{"name":"wp","href":"https:\/\/api.w.org\/{rel}","templated":true}]}}