{"id":97554,"date":"2024-08-21T19:29:11","date_gmt":"2024-08-21T17:29:11","guid":{"rendered":"https:\/\/secureus.se\/?post_type=product&#038;p=97554"},"modified":"2026-04-08T15:36:07","modified_gmt":"2026-04-08T13:36:07","slug":"trycke-a696-38-70mm-krom","status":"publish","type":"product","link":"https:\/\/secureus.se\/no\/trycke-a696-38-70mm-krom\/","title":{"rendered":"D\u00f8rh\u00e5ndtak Push A696 38-70mm Krom \u2013 Habo"},"content":{"rendered":"<p>A696 er et sink\/zamak d\u00f8rh\u00e5ndtak fra habo. Tidl\u00f8s design som passer til de fleste innerd\u00f8rer.<\/p>\n<div><\/div>\n<div><b>Kjennetegn:<\/b><\/div>\n<div>\n<ul>\n<li>Sink\/zamak d\u00f8rhengsel<\/li>\n<li>D\u00f8rtykkelse: 38-70 mm<\/li>\n<li>Fremspring: 55 mm<\/li>\n<li>Antibakteriell overflatebehandling.<\/li>\n<li>Uten returfj\u00e6r, noe som betyr at den ogs\u00e5 passer innvendig d\u00f8rl\u00e5s type 2014.<\/li>\n<\/ul>\n<\/div>","protected":false},"excerpt":{"rendered":"<p>A696 \u00e4r ett d\u00f6rrtrycke av zink\/zamak fr\u00e5n habo. Tidl\u00f6s design som passar de flesta inv\u00e4ndiga d\u00f6rrar. Egenskaper: D\u00f6rrtrycke av zink\/zamak D\u00f6rrtjocklek: 38-70 mm Utspr\u00e5ng: 55 mm Antibakteriell ytbehandling. Utan returfj\u00e4der<\/p>","protected":false},"featured_media":137225,"template":"","meta":{"_acf_changed":false},"product_brand":[],"product_cat":[4124],"product_tag":[],"class_list":{"0":"post-97554","1":"product","2":"type-product","3":"status-publish","4":"has-post-thumbnail","6":"product_cat-dorrhandtag-innerdorr","7":"product_shipping_class-postnord-varubrev","8":"pa_brands-habo","9":"tm-no-options","11":"first","12":"instock","13":"sale","14":"taxable","15":"shipping-taxable","16":"purchasable","17":"product-type-simple"},"acf":[],"_links":{"self":[{"href":"https:\/\/secureus.se\/no\/wp-json\/wp\/v2\/product\/97554","targetHints":{"allow":["GET"]}}],"collection":[{"href":"https:\/\/secureus.se\/no\/wp-json\/wp\/v2\/product"}],"about":[{"href":"https:\/\/secureus.se\/no\/wp-json\/wp\/v2\/types\/product"}],"wp:featuredmedia":[{"embeddable":true,"href":"https:\/\/secureus.se\/no\/wp-json\/wp\/v2\/media\/137225"}],"wp:attachment":[{"href":"https:\/\/secureus.se\/no\/wp-json\/wp\/v2\/media?parent=97554"}],"wp:term":[{"taxonomy":"product_brand","embeddable":true,"href":"https:\/\/secureus.se\/no\/wp-json\/wp\/v2\/product_brand?post=97554"},{"taxonomy":"product_cat","embeddable":true,"href":"https:\/\/secureus.se\/no\/wp-json\/wp\/v2\/product_cat?post=97554"},{"taxonomy":"product_tag","embeddable":true,"href":"https:\/\/secureus.se\/no\/wp-json\/wp\/v2\/product_tag?post=97554"}],"curies":[{"name":"wp","href":"https:\/\/api.w.org\/{rel}","templated":true}]}}