{"id":97556,"date":"2024-08-21T19:29:11","date_gmt":"2024-08-21T17:29:11","guid":{"rendered":"https:\/\/secureus.se\/?post_type=product&#038;p=97556"},"modified":"2026-04-23T12:03:24","modified_gmt":"2026-04-23T10:03:24","slug":"trycke-verona-1510-yd-55-65mm-f1-silver","status":"publish","type":"product","link":"https:\/\/secureus.se\/no\/trycke-verona-1510-yd-55-65mm-f1-silver\/","title":{"rendered":"D\u00f8rh\u00e5ndtaksskyver Verona 1510 OD 55-65mm F1 S\u00f8lv \u2013 HOPPE"},"content":{"rendered":"<div>\n<div>HOPPE komplett trykk for inngangsd\u00f8r i Verona-serien. Alle synlige detaljer er laget av aluminium med rosetter for skjult feste. Med dobbeltvirkende returfj\u00e6r og Quick-in-Sprint-feste.<\/p>\n<p><b>Kjennetegn:<\/b><\/p>\n<ul>\n<li>Oppfyller krav til nikkelavsetning - hypoallergen<\/li>\n<li>D\u00f8rtykkelse 55-65 mm<\/li>\n<li>Trykkn\u00e5l 8\u00d78 mm<\/li>\n<li>Passer skandinaviske l\u00e5shus 50- og 70-dorn<\/li>\n<li>Materiale: Aluminium<\/li>\n<li>Farge: F1 S\u00f8lv<\/li>\n<li>10 \u00e5rs funksjonsgaranti<\/li>\n<\/ul>\n<\/div>\n<div><\/div>\n<\/div>\n<div><\/div>","protected":false},"excerpt":{"rendered":"<p>HOPPE komplett skyv for inngangsd\u00f8r i Verona-serien. Alle synlige detaljer er laget av aluminium med rosetter for skjult feste. Med dobbeltvirkende returfj\u00e6r og Quick-in-Sprint-feste. Egenskaper: Oppfyller krav til<\/p>","protected":false},"featured_media":137805,"template":"","meta":{"_acf_changed":false},"product_brand":[],"product_cat":[4125],"product_tag":[],"class_list":{"0":"post-97556","1":"product","2":"type-product","3":"status-publish","4":"has-post-thumbnail","6":"product_cat-dorrhandtag-ytterdorr","7":"product_shipping_class-postnord-varubrev","8":"pa_brands-hoppe","9":"tm-no-options","11":"first","12":"outofstock","13":"sale","14":"taxable","15":"shipping-taxable","16":"purchasable","17":"product-type-simple"},"acf":[],"_links":{"self":[{"href":"https:\/\/secureus.se\/no\/wp-json\/wp\/v2\/product\/97556","targetHints":{"allow":["GET"]}}],"collection":[{"href":"https:\/\/secureus.se\/no\/wp-json\/wp\/v2\/product"}],"about":[{"href":"https:\/\/secureus.se\/no\/wp-json\/wp\/v2\/types\/product"}],"wp:featuredmedia":[{"embeddable":true,"href":"https:\/\/secureus.se\/no\/wp-json\/wp\/v2\/media\/137805"}],"wp:attachment":[{"href":"https:\/\/secureus.se\/no\/wp-json\/wp\/v2\/media?parent=97556"}],"wp:term":[{"taxonomy":"product_brand","embeddable":true,"href":"https:\/\/secureus.se\/no\/wp-json\/wp\/v2\/product_brand?post=97556"},{"taxonomy":"product_cat","embeddable":true,"href":"https:\/\/secureus.se\/no\/wp-json\/wp\/v2\/product_cat?post=97556"},{"taxonomy":"product_tag","embeddable":true,"href":"https:\/\/secureus.se\/no\/wp-json\/wp\/v2\/product_tag?post=97556"}],"curies":[{"name":"wp","href":"https:\/\/api.w.org\/{rel}","templated":true}]}}