{"id":97562,"date":"2024-08-21T19:29:11","date_gmt":"2024-08-21T17:29:11","guid":{"rendered":"https:\/\/secureus.se\/?post_type=product&#038;p=97562"},"modified":"2026-04-08T15:35:53","modified_gmt":"2026-04-08T13:35:53","slug":"trycke-1937-40-75mm-mattkrom","status":"publish","type":"product","link":"https:\/\/secureus.se\/no\/trycke-1937-40-75mm-mattkrom\/","title":{"rendered":"D\u00f8rh\u00e5ndtak Trycke 1937 40-75mm Matt krom \u2013 Assa Abloy"},"content":{"rendered":"<div>ASSA ABLOY 1937 er et moderne funky h\u00e5ndtak designet med funksjon i fokus. Dekorative elementer ble rasjonalisert bort p\u00e5 1930-tallet og likevel er det enkelheten som gj\u00f8r den vakker. 1937 er en del av ASSA ABLOY Epok-serien. Egnet for ytterd\u00f8rer, inngangsd\u00f8rer og innvendige d\u00f8rer med modull\u00e5s.<\/p>\n<p><b>Kjennetegn:<\/b><\/p>\n<ul>\n<li>Materiale: messing<\/li>\n<li>Tilgjengelig i flere dekorative utf\u00f8relser; Prion, nikkel, krom, matt krom, polert messing, b\u00f8rstet messing, matt sort MIRUS.<\/li>\n<li>Returfj\u00e6r som avlaster l\u00e5sehusets rofj\u00e6r og hjelper trykket \u00e5 holde seg i horisontal posisjon<\/li>\n<li>Standard levering for 40-75 mm d\u00f8rtykkelse<\/li>\n<li>Rosett: \u00d8 52 mm<\/li>\n<li>Passer til Connect \/ Classic modull\u00e5shus<\/li>\n<li>Passer ikke til l\u00e5sehus ABLOY 2014 eller tilsvarende indre d\u00f8rboks<\/li>\n<li>For ytre\/innerd\u00f8r<\/li>\n<\/ul>\n<div><b>Pakken inneholder:<\/b><\/div>\n<div>\n<ul>\n<li>2 stk. Pressende halvdeler (h\u00e5ndtak).<\/li>\n<li>2 stk. Trykkskruer M5. (drei skruen)<\/li>\n<li>2 O-ringer.<\/li>\n<li>2 stk. Hylsemutter M5.<\/li>\n<li>2 stk. Trykkstifter 8x8x102 mm og 8x8x120 mm.<\/li>\n<\/ul>\n<\/div>\n<\/div>","protected":false},"excerpt":{"rendered":"<p>ASSA ABLOY 1937 er et moderne funky h\u00e5ndtak designet med funksjon i fokus. Dekorative elementer ble rasjonalisert bort p\u00e5 1930-tallet og likevel er det enkelheten som gj\u00f8r den vakker. 1937 inkludert i<\/p>","protected":false},"featured_media":136634,"template":"","meta":{"_acf_changed":false},"product_brand":[],"product_cat":[4124,4125],"product_tag":[],"class_list":{"0":"post-97562","1":"product","2":"type-product","3":"status-publish","4":"has-post-thumbnail","6":"product_cat-dorrhandtag-innerdorr","7":"product_cat-dorrhandtag-ytterdorr","8":"product_shipping_class-postnord-varubrev","9":"pa_brands-abloy","10":"tm-no-options","12":"first","13":"instock","14":"sale","15":"taxable","16":"shipping-taxable","17":"purchasable","18":"product-type-simple"},"acf":[],"_links":{"self":[{"href":"https:\/\/secureus.se\/no\/wp-json\/wp\/v2\/product\/97562","targetHints":{"allow":["GET"]}}],"collection":[{"href":"https:\/\/secureus.se\/no\/wp-json\/wp\/v2\/product"}],"about":[{"href":"https:\/\/secureus.se\/no\/wp-json\/wp\/v2\/types\/product"}],"wp:featuredmedia":[{"embeddable":true,"href":"https:\/\/secureus.se\/no\/wp-json\/wp\/v2\/media\/136634"}],"wp:attachment":[{"href":"https:\/\/secureus.se\/no\/wp-json\/wp\/v2\/media?parent=97562"}],"wp:term":[{"taxonomy":"product_brand","embeddable":true,"href":"https:\/\/secureus.se\/no\/wp-json\/wp\/v2\/product_brand?post=97562"},{"taxonomy":"product_cat","embeddable":true,"href":"https:\/\/secureus.se\/no\/wp-json\/wp\/v2\/product_cat?post=97562"},{"taxonomy":"product_tag","embeddable":true,"href":"https:\/\/secureus.se\/no\/wp-json\/wp\/v2\/product_tag?post=97562"}],"curies":[{"name":"wp","href":"https:\/\/api.w.org\/{rel}","templated":true}]}}