{"id":97570,"date":"2024-08-21T19:29:11","date_gmt":"2024-08-21T17:29:11","guid":{"rendered":"https:\/\/secureus.se\/?post_type=product&#038;p=97570"},"modified":"2026-04-08T15:35:35","modified_gmt":"2026-04-08T13:35:35","slug":"trycke-640-40-57mm-nickel","status":"publish","type":"product","link":"https:\/\/secureus.se\/no\/trycke-640-40-57mm-nickel\/","title":{"rendered":"D\u00f8rh\u00e5ndtak Trycke 640 40-57mm Nikkel \u2013 Assa Abloy"},"content":{"rendered":"<p>\nASSA ABLOY 640 er et klassisk d\u00f8rh\u00e5ndtak fra 1950- og 1960-tallet som fortsatt settes stor pris p\u00e5 i dag. H\u00e5ndtaket har en gjennomarbeidet design som passer i de fleste milj\u00f8er og varer i mange \u00e5r. 640 er uten returfj\u00e6r og er en del av ASSA ABLOY Classic-serien. For ytter- og innerd\u00f8rer.<\/p>\n<div><\/div>\n<div><b>Kjennetegn:<\/b><\/div>\n<div>\n<ul>\n<li>Materiale: Messing<\/li>\n<li>Overflatebehandlinger; Prion, nikkel, krom, matt krom, polert messing, b\u00f8rstet messing, matt svart MIRUS<\/li>\n<li>Standard levering for 40-58 mm d\u00f8rtykkelse<\/li>\n<li>Rosett: \u00d8 52 mm<\/li>\n<li>Uten returfj\u00e6r i rosetten, som gj\u00f8r at den ogs\u00e5 passer innvendig d\u00f8rl\u00e5s type 2014<\/li>\n<li>Egnet for modul og sm\u00e5 innvendige d\u00f8rl\u00e5shus<\/li>\n<\/ul>\n<p><b>Pakken inneholder:<\/b><\/p>\n<ul>\n<li>2 stk. Pressende halvdeler (h\u00e5ndtak).<\/li>\n<li>2 stk. Trykkskruer M5. (drei skruen)<\/li>\n<li>2 O-ringer.<\/li>\n<li>2 stk. Hylsemutter M5.<\/li>\n<li>1 stk. Pressstift 8x8x102 mm.<\/li>\n<\/ul>\n<\/div>","protected":false},"excerpt":{"rendered":"<p>ASSA ABLOY 640 er et klassisk d\u00f8rh\u00e5ndtak fra 1950- og 1960-tallet som fortsatt settes stor pris p\u00e5 i dag. H\u00e5ndtaket har et gjennomarbeidet design som passer i de fleste milj\u00f8er og<\/p>","protected":false},"featured_media":137795,"template":"","meta":{"_acf_changed":false},"product_brand":[],"product_cat":[4124],"product_tag":[],"class_list":{"0":"post-97570","1":"product","2":"type-product","3":"status-publish","4":"has-post-thumbnail","6":"product_cat-dorrhandtag-innerdorr","7":"product_shipping_class-postnord-varubrev","8":"pa_brands-abloy","9":"tm-no-options","11":"first","12":"instock","13":"sale","14":"taxable","15":"shipping-taxable","16":"purchasable","17":"product-type-simple"},"acf":[],"_links":{"self":[{"href":"https:\/\/secureus.se\/no\/wp-json\/wp\/v2\/product\/97570","targetHints":{"allow":["GET"]}}],"collection":[{"href":"https:\/\/secureus.se\/no\/wp-json\/wp\/v2\/product"}],"about":[{"href":"https:\/\/secureus.se\/no\/wp-json\/wp\/v2\/types\/product"}],"wp:featuredmedia":[{"embeddable":true,"href":"https:\/\/secureus.se\/no\/wp-json\/wp\/v2\/media\/137795"}],"wp:attachment":[{"href":"https:\/\/secureus.se\/no\/wp-json\/wp\/v2\/media?parent=97570"}],"wp:term":[{"taxonomy":"product_brand","embeddable":true,"href":"https:\/\/secureus.se\/no\/wp-json\/wp\/v2\/product_brand?post=97570"},{"taxonomy":"product_cat","embeddable":true,"href":"https:\/\/secureus.se\/no\/wp-json\/wp\/v2\/product_cat?post=97570"},{"taxonomy":"product_tag","embeddable":true,"href":"https:\/\/secureus.se\/no\/wp-json\/wp\/v2\/product_tag?post=97570"}],"curies":[{"name":"wp","href":"https:\/\/api.w.org\/{rel}","templated":true}]}}