{"id":97578,"date":"2024-08-21T19:29:12","date_gmt":"2024-08-21T17:29:12","guid":{"rendered":"https:\/\/secureus.se\/?post_type=product&#038;p=97578"},"modified":"2026-04-09T10:23:07","modified_gmt":"2026-04-09T08:23:07","slug":"trycke-1918-40-75mm-matt-massing","status":"publish","type":"product","link":"https:\/\/secureus.se\/no\/trycke-1918-40-75mm-matt-massing\/","title":{"rendered":"D\u00f8rh\u00e5ndtak Trycke 1918 40-75mm Matt Messing \u2013 Assa Abloy"},"content":{"rendered":"<div>\n<div>\n<p>ASSA ABLOY 1918 er et d\u00f8rh\u00e5ndtak med direkte modeller fra 1920-tallet. Den har imidlertid blitt gjort litt st\u00f8rre og mer markert i formen. Kan brukes til enhver tid hvis arkitekturen har en &quot;letthet og eleganse&quot;. Messing gjelder f\u00f8r 1930, da vanlig. Kan brukes i ethvert moderne hus som puster noe annet enn ekstrem funksjonalisme. 1918 er en del av ASSA ABLOY Epok-serien. Egnet for ytterd\u00f8rer, inngangsd\u00f8rer og innvendige d\u00f8rer med modull\u00e5s.<\/p>\n<p><b>Kjennetegn:<\/b><\/p>\n<ul>\n<li>Materiale: messing<\/li>\n<li>Tilgjengelig i flere dekorative utf\u00f8relser; Prion, nikkel, krom, matt krom, polert messing, b\u00f8rstet messing, matt sort MIRUS.<\/li>\n<li>Returfj\u00e6r som avlaster l\u00e5sehusets rofj\u00e6r og hjelper trykket \u00e5 holde seg i horisontal posisjon<\/li>\n<li>Standard levering for 40-75 mm d\u00f8rtykkelse<\/li>\n<li>Rosett: \u00d8 52 mm<\/li>\n<li>Passer til Connect \/ Classic modull\u00e5shus<\/li>\n<li>Passer ikke til l\u00e5sehus ABLOY 2014 eller tilsvarende indre d\u00f8rboks<\/li>\n<li>For ytre\/innerd\u00f8r<\/li>\n<\/ul>\n<div><b>Pakken inneholder:<\/b><\/div>\n<div>\n<ul>\n<li>2 stk. Pressende halvdeler (h\u00e5ndtak).<\/li>\n<li>2 stk. Trykkskruer M5. (drei skruen)<\/li>\n<li>2 O-ringer.<\/li>\n<li>2 stk. Hylsemutter M5.<\/li>\n<li>2 stk. Trykkstifter 8x8x102 mm og 8x8x120 mm.<\/li>\n<\/ul>\n<\/div>\n<div><\/div>\n<\/div>\n<\/div>","protected":false},"excerpt":{"rendered":"<p>ASSA ABLOY 1918 er et d\u00f8rh\u00e5ndtak med direkte modeller fra 1920-tallet. Den har imidlertid blitt gjort litt st\u00f8rre og mer markert i formen. Kan brukes til enhver arkitekturtid<\/p>","protected":false},"featured_media":136614,"template":"","meta":{"_acf_changed":false},"product_brand":[],"product_cat":[4124,4125],"product_tag":[],"class_list":{"0":"post-97578","1":"product","2":"type-product","3":"status-publish","4":"has-post-thumbnail","6":"product_cat-dorrhandtag-innerdorr","7":"product_cat-dorrhandtag-ytterdorr","8":"product_shipping_class-postnord-varubrev","9":"pa_brands-abloy","10":"tm-no-options","12":"first","13":"instock","14":"sale","15":"taxable","16":"shipping-taxable","17":"purchasable","18":"product-type-simple"},"acf":[],"_links":{"self":[{"href":"https:\/\/secureus.se\/no\/wp-json\/wp\/v2\/product\/97578","targetHints":{"allow":["GET"]}}],"collection":[{"href":"https:\/\/secureus.se\/no\/wp-json\/wp\/v2\/product"}],"about":[{"href":"https:\/\/secureus.se\/no\/wp-json\/wp\/v2\/types\/product"}],"wp:featuredmedia":[{"embeddable":true,"href":"https:\/\/secureus.se\/no\/wp-json\/wp\/v2\/media\/136614"}],"wp:attachment":[{"href":"https:\/\/secureus.se\/no\/wp-json\/wp\/v2\/media?parent=97578"}],"wp:term":[{"taxonomy":"product_brand","embeddable":true,"href":"https:\/\/secureus.se\/no\/wp-json\/wp\/v2\/product_brand?post=97578"},{"taxonomy":"product_cat","embeddable":true,"href":"https:\/\/secureus.se\/no\/wp-json\/wp\/v2\/product_cat?post=97578"},{"taxonomy":"product_tag","embeddable":true,"href":"https:\/\/secureus.se\/no\/wp-json\/wp\/v2\/product_tag?post=97578"}],"curies":[{"name":"wp","href":"https:\/\/api.w.org\/{rel}","templated":true}]}}